{"id":3586,"date":"2014-06-09T21:48:15","date_gmt":"2022-03-30T11:14:12","guid":{"rendered":"https:\/\/164.92.128.162\/?post_type=product&#038;p=3586"},"modified":"2024-11-21T22:58:20","modified_gmt":"2024-11-21T21:58:20","slug":"capackzo-quintian-gourmet","status":"publish","type":"product","link":"https:\/\/ruralourbano.com\/gl\/producto\/capackzo-quintian-gourmet\/","title":{"rendered":"Capackzo Quinti\u00e1n Gourmet"},"content":{"rendered":"<div><strong>Descrici\u00f3n:<\/strong><\/div>\n<p>O <strong>Capackzo Quinti\u00e1n Gourmet<\/strong> \u00e9 un pack gourmet envasado nun capazo de palma formado por:<\/p>\n<ul>\n<li><strong><a href=\"https:\/\/ruralourbano.com\/producto\/queso-neboa-650g-ganderia-quintian\/\">1 Queso N\u00e9boa 650g Gander\u00eda Quinti\u00e1n<\/a><\/strong><\/li>\n<li><strong><a href=\"https:\/\/ruralourbano.com\/producto\/queso-agarimo-550g-ganderia-quintian\/\">1 Queso Agarimo 550g Gander\u00eda Quinti\u00e1n<\/a><\/strong><\/li>\n<li><a href=\"https:\/\/ruralourbano.com\/gl\/producto\/capazo-de-palma-conico\/\"><strong>1 Capazo de palma c\u00f3nico<\/strong><\/a><\/li>\n<\/ul>\n<div><strong>Suxesti\u00f3ns de combinaci\u00f3n:<\/strong><\/div>\n<ul>\n<li><a href=\"https:\/\/ruralourbano.com\/gl\/producto\/vermouth-clasico-el-riba\/\"><strong>Vermouth Cl\u00e1sico El Riba<\/strong><\/a><\/li>\n<li><a href=\"https:\/\/ruralourbano.com\/gl\/producto\/vino-tinto-pobre-tolo\/\"><strong>Vi\u00f1o tinto Pobre Tolo<\/strong><\/a><\/li>\n<\/ul>\n<div><strong>Recomendaci\u00f3n para degustaci\u00f3n:<\/strong><\/div>\n<ul>\n<li>Antes da s\u00faa degustaci\u00f3n, deixar que os queixos adquiran o seu mellor estado e textura mant\u00e9ndoos a temperatura ambiente durante m\u00ednimo unha media hora.<\/li>\n<\/ul>\n","protected":false},"excerpt":{"rendered":"<p>O <strong>Capackzo Quinti\u00e1n Gourmet<\/strong> \u00e9 un pack gourmet de Lugo.<\/p>\n<p>O <strong>Capackzo Quinti\u00e1n Gourmet<\/strong> \u00e9 unha oda ao queixo artes\u00e1n que elabora <a href=\"https:\/\/ruralourbano.com\/gl\/productores\/queixos\/ganderia-quintian\/\"><strong>Gander\u00eda Quinti\u00e1n<\/strong><\/a> na aldea rural de Quinti\u00e1n (Concello do P\u00e1ramo, Lugo).<\/p>\n<p>Se es un amante do queixo, este \u00e9 uns dos nosos Capackzos perfecto para ti. Combina ambos queixos deste pack sen ning\u00fan outro produto gastron\u00f3mico ou comb\u00ednaos con froita, froitos secos, embutidos ou un bo vi\u00f1o.<\/p>\n<p>Co <strong>Capackzo Quinti\u00e1n Gourmet<\/strong> vas recibir:<\/p>\n<ul>\n<li><strong><a href=\"https:\/\/ruralourbano.com\/producto\/queso-neboa-650g-ganderia-quintian\/\">1 Queso N\u00e9boa 650g Gander\u00eda Quinti\u00e1n<\/a><\/strong><\/li>\n<li><strong><a href=\"https:\/\/ruralourbano.com\/producto\/queso-agarimo-550g-ganderia-quintian\/\">1 Queso Agarimo 550g Gander\u00eda Quinti\u00e1n<\/a><\/strong><\/li>\n<li><a href=\"https:\/\/ruralourbano.com\/gl\/producto\/capazo-de-palma-conico\/\"><strong>1 Capazo de palma c\u00f3nico<\/strong><\/a><\/li>\n<\/ul>\n<p>Os nosos <a href=\"https:\/\/ruralourbano.com\/gl\/cat\/capackzos-rural-o-urbano\/\"><strong>Capackzos Rural o Urbano<\/strong><\/a> son a opci\u00f3n ideal se desexas realizar un agasallo de agradecemento ou ben obsequiar cun pequeno presente a algu\u00e9n que aprecias dun modo exclusivo e orixinal.<\/p>\n","protected":false},"featured_media":9024,"comment_status":"open","ping_status":"closed","template":"","meta":{"inline_featured_image":false},"product_brand":[],"product_cat":[168,743,201],"product_tag":[669,664],"class_list":{"0":"post-3586","1":"product","2":"type-product","3":"status-publish","4":"has-post-thumbnail","6":"product_cat-capackzos-rural-o-urbano","7":"product_cat-empresa-gl","8":"product_cat-tentempies","9":"product_tag-ganderia-quintian-gl","10":"product_tag-pack-gourmet-gl","12":"first","13":"instock","14":"taxable","15":"shipping-taxable","16":"purchasable","17":"product-type-simple"},"_links":{"self":[{"href":"https:\/\/ruralourbano.com\/gl\/wp-json\/wp\/v2\/product\/3586","targetHints":{"allow":["GET"]}}],"collection":[{"href":"https:\/\/ruralourbano.com\/gl\/wp-json\/wp\/v2\/product"}],"about":[{"href":"https:\/\/ruralourbano.com\/gl\/wp-json\/wp\/v2\/types\/product"}],"replies":[{"embeddable":true,"href":"https:\/\/ruralourbano.com\/gl\/wp-json\/wp\/v2\/comments?post=3586"}],"wp:featuredmedia":[{"embeddable":true,"href":"https:\/\/ruralourbano.com\/gl\/wp-json\/wp\/v2\/media\/9024"}],"wp:attachment":[{"href":"https:\/\/ruralourbano.com\/gl\/wp-json\/wp\/v2\/media?parent=3586"}],"wp:term":[{"taxonomy":"product_brand","embeddable":true,"href":"https:\/\/ruralourbano.com\/gl\/wp-json\/wp\/v2\/product_brand?post=3586"},{"taxonomy":"product_cat","embeddable":true,"href":"https:\/\/ruralourbano.com\/gl\/wp-json\/wp\/v2\/product_cat?post=3586"},{"taxonomy":"product_tag","embeddable":true,"href":"https:\/\/ruralourbano.com\/gl\/wp-json\/wp\/v2\/product_tag?post=3586"}],"curies":[{"name":"wp","href":"https:\/\/api.w.org\/{rel}","templated":true}]}}