{"id":3606,"date":"2021-06-30T20:01:06","date_gmt":"2021-06-30T18:01:06","guid":{"rendered":"https:\/\/164.92.128.162\/producto\/vermouth-el-riba\/"},"modified":"2026-01-26T20:52:59","modified_gmt":"2026-01-26T19:52:59","slug":"vermouth-clasico-el-riba","status":"publish","type":"product","link":"https:\/\/ruralourbano.com\/gl\/producto\/vermouth-clasico-el-riba\/","title":{"rendered":"Vermouth Cl\u00e1sico El Riba"},"content":{"rendered":"<p>O <strong>Vermouth Cl\u00e1sico<\/strong> <strong><a href=\"https:\/\/ruralourbano.com\/gl\/productores\/vermouth-gl\/vermouth-el-riba\/\">El Riba<\/a><\/strong> nace da man de Emilio Mart\u00ednez, propietario do famoso local de restauraci\u00f3n lucense que leva o mesmo nome que esta bebida, <a href=\"https:\/\/ruralourbano.com\/gl\/productores\/vermouth-gl\/vermouth-el-riba\/\"><strong>El Riba<\/strong><\/a> (localizado en Praza do Campo, 12 en pleno centro hist\u00f3rico da cidade de Lugo).<\/p>\n<p><strong>Tipolox\u00eda:<\/strong><\/p>\n<ul>\n<li><strong>Vermouth vermello<\/strong>.<\/li>\n<\/ul>\n<p><strong>Composici\u00f3n:<\/strong><\/p>\n<ul>\n<li>F\u00f3rmula secreta<\/li>\n<\/ul>\n<p><strong>Nota de cata:<\/strong><\/p>\n<ul>\n<li><strong>Vermouth vermello<\/strong> con cor \u00e1mbar con evoluci\u00f3n a tella, limpo e brillante. En boca proporciona un aroma fino no que destacan os seus toques florais, c\u00edtricos, a herbas arom\u00e1ticas e de canela que suavizan a percepci\u00f3n de madeira.<\/li>\n<\/ul>\n<p><strong>Suxesti\u00f3ns de combinaci\u00f3n:<\/strong><\/p>\n<ul>\n<li><a href=\"https:\/\/ruralourbano.com\/producto\/patatotas-44g-bolsa-mini\/\"><strong>Patatotas 44g bolsa mini<\/strong><\/a>.<\/li>\n<li>Os queixos de\u00a0<a href=\"https:\/\/ruralourbano.com\/gl\/productores\/queixos\/ganderia-quintian\/\"><strong>Gander\u00eda Quinti\u00e1n<\/strong><\/a>\u00a0que che ofremos co noso\u00a0<a href=\"https:\/\/ruralourbano.com\/gl\/producto\/capackzo-quintian-gourmet\/\"><strong>Capackzo Quinti\u00e1n Gourmet<\/strong><\/a>.<\/li>\n<li>Ou quizais che apetece descubrir o\u00a0<a href=\"https:\/\/ruralourbano.com\/gl\/producto\/vermouth-blanco-el-riba\/\"><strong>Vermouth Blanco El Riba<\/strong><\/a>.<\/li>\n<\/ul>\n<p><strong>Recomendaci\u00f3n:<\/strong><\/p>\n<ul>\n<li>Servir o <strong>vermouth<\/strong> entre 6\u00baC e 10\u00baC.<\/li>\n<\/ul>\n","protected":false},"excerpt":{"rendered":"<p><strong>Vermouth Cl\u00e1sico El Riba, <em>\u201cEl vermouth que se bebe en Lugo\u201d<\/em>.<\/strong><\/p>\n<p>O <strong>vermouth vermello<\/strong> <a href=\"https:\/\/ruralourbano.com\/gl\/productores\/vermouth-gl\/vermouth-el-riba\/\"><strong>El Riba<\/strong><\/a>\u00a0 \u00e9 todo un cl\u00e1sico por excelencia na cidade de<strong> Lugo<\/strong>.<\/p>\n<p><strong>Vermouth vermello<\/strong> elaborado a partir das variedades de uva macabeo e air\u00e9n cunha cor marr\u00f3n intensa e brillante.<\/p>\n<p>O vi\u00f1o basee deste <strong>vermouth vermello<\/strong> someteuse a un proceso de envellecemento de 6 meses en barrica de carballo americano e macerado posteriormente cos bot\u00e1nicos da s\u00faa f\u00f3rmula secreta.<\/p>\n<p>En boca \u00e9 un<strong> vermouth cl\u00e1sico<\/strong> onde predomina o toque doce fusionado cunha suave fragrancia floral, c\u00edtrica, de herbas arom\u00e1ticas e sutil canela.<\/p>\n<p>Botella de cristal con cl\u00e1sico tap\u00f3n mec\u00e1nico (75cl \/ ALC 15% 100 VOL).<\/p>\n<p><strong>Producto gastron\u00f3mico gourmet de Lugo.<\/strong><\/p>\n<p>Non dubides en botar unha ollada ao noso\u00a0<a href=\"https:\/\/ruralourbano.com\/gl\/producto\/capackzo-vermouth-y-salud\/\"><strong>Capackzo Salud y Vermouth<\/strong><\/a> quizais podeche interesar agora ou en outra ocasi\u00f3n.<\/p>\n<p><strong>Env\u00edos s\u00f3 a pen\u00ednsula | Compra produto gourmet galego seleccionado e lifestyle exclusivo<\/strong><\/p>\n","protected":false},"featured_media":12628,"comment_status":"open","ping_status":"closed","template":"","meta":{"inline_featured_image":false},"product_brand":[],"product_cat":[200],"product_tag":[744,632,773,1105,1015],"class_list":{"0":"post-3606","1":"product","2":"type-product","3":"status-publish","4":"has-post-thumbnail","6":"product_cat-adega","7":"product_tag-el-riba-gl","8":"product_tag-gourmet-gl","9":"product_tag-lugo-gl","10":"product_tag-producto-gourmet-gallego-gl","11":"product_tag-vermouth-gl","13":"first","14":"instock","15":"taxable","16":"shipping-taxable","17":"purchasable","18":"product-type-simple"},"_links":{"self":[{"href":"https:\/\/ruralourbano.com\/gl\/wp-json\/wp\/v2\/product\/3606","targetHints":{"allow":["GET"]}}],"collection":[{"href":"https:\/\/ruralourbano.com\/gl\/wp-json\/wp\/v2\/product"}],"about":[{"href":"https:\/\/ruralourbano.com\/gl\/wp-json\/wp\/v2\/types\/product"}],"replies":[{"embeddable":true,"href":"https:\/\/ruralourbano.com\/gl\/wp-json\/wp\/v2\/comments?post=3606"}],"wp:featuredmedia":[{"embeddable":true,"href":"https:\/\/ruralourbano.com\/gl\/wp-json\/wp\/v2\/media\/12628"}],"wp:attachment":[{"href":"https:\/\/ruralourbano.com\/gl\/wp-json\/wp\/v2\/media?parent=3606"}],"wp:term":[{"taxonomy":"product_brand","embeddable":true,"href":"https:\/\/ruralourbano.com\/gl\/wp-json\/wp\/v2\/product_brand?post=3606"},{"taxonomy":"product_cat","embeddable":true,"href":"https:\/\/ruralourbano.com\/gl\/wp-json\/wp\/v2\/product_cat?post=3606"},{"taxonomy":"product_tag","embeddable":true,"href":"https:\/\/ruralourbano.com\/gl\/wp-json\/wp\/v2\/product_tag?post=3606"}],"curies":[{"name":"wp","href":"https:\/\/api.w.org\/{rel}","templated":true}]}}