{"id":3610,"date":"2021-06-30T20:06:40","date_gmt":"2021-06-30T18:06:40","guid":{"rendered":"https:\/\/164.92.128.162\/producto\/cerveza-artesana-loura-aloumina\/"},"modified":"2025-04-09T13:22:56","modified_gmt":"2025-04-09T11:22:56","slug":"mini-capackzo-cafe-gourmet","status":"publish","type":"product","link":"https:\/\/ruralourbano.com\/gl\/producto\/mini-capackzo-cafe-gourmet\/","title":{"rendered":"Mini Capackzo Caf\u00e9 Gourmet"},"content":{"rendered":"<div><strong>Descrici\u00f3n:<\/strong><\/div>\n<p>O <strong>Mini Capackzo Caf\u00e9 Gourmet<\/strong> \u00e9 un<strong> pack gourmet &amp; lifestyle<\/strong> envasado nun capazo de palma formado con:<\/p>\n<ul>\n<li><a href=\"https:\/\/ruralourbano.com\/gl\/producto\/galletas-xianas-cafe-150g\/\"><strong>1 Xianas Caf\u00e9 160g<\/strong><\/a><\/li>\n<li><a href=\"https:\/\/ruralourbano.com\/gl\/producto\/taza-verde-metalica-vintage\/\"><strong>1 Taza verde met\u00e1lica vintage<\/strong><\/a><\/li>\n<li><a href=\"https:\/\/ruralourbano.com\/gl\/producto\/capazo-de-palma-mini\/\"><strong>1 Capazo de palma mini<\/strong><\/a><\/li>\n<\/ul>\n<p><strong>Recomendaci\u00f3n:<\/strong><\/p>\n<ul>\n<li>Almacenar as <strong>galletas Xianas Caf\u00e9<\/strong> nun lugar fresco e seco.<\/li>\n<li>Non \u00e9 recomendable usar esta cunca no microondas.<\/li>\n<li>A cunca p\u00f3dese lavar en lavalouzas.<\/li>\n<\/ul>\n","protected":false},"excerpt":{"rendered":"<p>O noso <strong>Mini Capackzo Caf\u00e9 Gourmet<\/strong> \u00e9 un <strong>pack gourmet &amp; lifestyle<\/strong> de <strong>Lugo<\/strong>.<\/p>\n<p>Co <strong>Mini Capackzo Caf\u00e9 Gourmet <\/strong>o teu primeiro <strong>caf\u00e9 <\/strong>do d\u00eda deixa de ser b\u00e1sico para converterse nun <strong>pracer\u00a0gourmet <\/strong>cheo de aroma, sabor e calidade.<\/p>\n<p>Encarga o teu <strong>Mini Capackzo Caf\u00e9 Gourmet<\/strong>\u00a0\u00a0se est\u00e1s a realizar o\u00a0<strong>Cami\u00f1o de Santiago<\/strong>.<\/p>\n<p>O <strong>Mini Capackzo Caf\u00e9 Gourmet<\/strong>\u00a0\u00e9 unha orixinal proposta de\u00a0<strong>gastronom\u00eda do Cami\u00f1o de Santiago Franc\u00e9s<\/strong>. Se es peregrino entreg\u00e1moscho en man en calquera localizaci\u00f3n da etapa entre Sarria e Portomarin para que o poidas gozar a modo de\u00a0<strong>picnic<\/strong>.<\/p>\n<p>Co <strong>Mini Capackzo Caf\u00e9 Gourmet<\/strong><strong>\u00a0<\/strong>vas recibir:<\/p>\n<ul>\n<li><a href=\"https:\/\/ruralourbano.com\/gl\/producto\/galletas-xianas-cafe-150g\/\"><strong>1 Xianas Caf\u00e9 160g<\/strong><\/a><\/li>\n<li><a href=\"https:\/\/ruralourbano.com\/gl\/producto\/taza-blanca-metalica-vintage-con-eslogan-ser-rural-e-actual\/\"><strong>1 Taza verde met\u00e1lica vintage<\/strong><\/a><\/li>\n<li><a href=\"https:\/\/ruralourbano.com\/gl\/producto\/capazo-de-palma-mini\/\"><strong>1 Capazo de palma mini<\/strong><\/a><\/li>\n<\/ul>\n<p>Os nosos mini\u00a0<a href=\"https:\/\/ruralourbano.com\/cat\/capackzos-rural-o-urbano\/\"><strong>Capackzos Rural o Urbano<\/strong><\/a>\u00a0son a opci\u00f3n ideal se desexas realizar un agasallo de agradecemento ou ben obsequiar cun pequeno presente a algu\u00e9n que aprecias dun modo exclusivo e orixinal.<\/p>\n<p><strong>Env\u00edos s\u00f3 a pen\u00ednsula | Merca produto gourmet galego seleccionado e lifestyle exclusivo<\/strong><\/p>\n","protected":false},"featured_media":12285,"comment_status":"open","ping_status":"closed","template":"","meta":{"inline_featured_image":false},"product_brand":[],"product_cat":[168,160],"product_tag":[857,1071,632,773,820,565],"class_list":{"0":"post-3610","1":"product","2":"type-product","3":"status-publish","4":"has-post-thumbnail","6":"product_cat-capackzos-rural-o-urbano","7":"product_cat-doce","8":"product_tag-cafe-gl","9":"product_tag-camino-de-santiago-gl","10":"product_tag-gourmet-gl","11":"product_tag-lugo-gl","12":"product_tag-picnic-gl","13":"product_tag-xianas-cafe-gl","15":"first","16":"instock","17":"taxable","18":"shipping-taxable","19":"purchasable","20":"product-type-simple"},"_links":{"self":[{"href":"https:\/\/ruralourbano.com\/gl\/wp-json\/wp\/v2\/product\/3610","targetHints":{"allow":["GET"]}}],"collection":[{"href":"https:\/\/ruralourbano.com\/gl\/wp-json\/wp\/v2\/product"}],"about":[{"href":"https:\/\/ruralourbano.com\/gl\/wp-json\/wp\/v2\/types\/product"}],"replies":[{"embeddable":true,"href":"https:\/\/ruralourbano.com\/gl\/wp-json\/wp\/v2\/comments?post=3610"}],"wp:featuredmedia":[{"embeddable":true,"href":"https:\/\/ruralourbano.com\/gl\/wp-json\/wp\/v2\/media\/12285"}],"wp:attachment":[{"href":"https:\/\/ruralourbano.com\/gl\/wp-json\/wp\/v2\/media?parent=3610"}],"wp:term":[{"taxonomy":"product_brand","embeddable":true,"href":"https:\/\/ruralourbano.com\/gl\/wp-json\/wp\/v2\/product_brand?post=3610"},{"taxonomy":"product_cat","embeddable":true,"href":"https:\/\/ruralourbano.com\/gl\/wp-json\/wp\/v2\/product_cat?post=3610"},{"taxonomy":"product_tag","embeddable":true,"href":"https:\/\/ruralourbano.com\/gl\/wp-json\/wp\/v2\/product_tag?post=3610"}],"curies":[{"name":"wp","href":"https:\/\/api.w.org\/{rel}","templated":true}]}}