{"id":3737,"date":"2022-04-06T17:57:06","date_gmt":"2022-04-06T15:57:06","guid":{"rendered":"https:\/\/164.92.128.162\/producto\/tote-bag-rural-o-urbano\/"},"modified":"2025-02-25T21:20:15","modified_gmt":"2025-02-25T20:20:15","slug":"totebag-rural-o-urbano","status":"publish","type":"product","link":"https:\/\/ruralourbano.com\/gl\/producto\/totebag-rural-o-urbano\/","title":{"rendered":"Totebag Rural o Urbano"},"content":{"rendered":"<div class=\"textboxes\">\n<div class=\"col_b\">\n<div class=\"textbox\">\n<p><strong>Descrici\u00f3n:<\/strong><\/p>\n<ul>\n<li class=\"textarea unknown\"><strong>Totebag Rural o Urbano<\/strong>\u00a0tama\u00f1o medio con asas resistentes ao peso.<\/li>\n<li class=\"textarea unknown\">Unha bolsa t\u00e9xtil moi resistente para a t\u00faa d\u00eda a d\u00eda.<\/li>\n<li class=\"textarea unknown\">Esta <strong>Totebag<\/strong> non leva peto interior nin cremalleira.<\/li>\n<li class=\"textarea unknown\">Tote bag ideal usala como bolso, ir \u00e1 compra, levar a roupa do gym, levar os xoguetes de p\u00e9quelos, levala \u00e1 piscina ou \u00e1 praia, etc.<\/li>\n<\/ul>\n<p><strong>Composici\u00f3n: <\/strong><\/p>\n<ul>\n<li>100% algod\u00f3n canvas.<\/li>\n<\/ul>\n<p><strong>Medidas: <\/strong><\/p>\n<ul>\n<li>Alto 40 cm x ancho 26 cm.<\/li>\n<li>Alto asa de ombreiro 20cm.<\/li>\n<li>Ancho base 10cm.<\/li>\n<\/ul>\n<p><strong>Cor: <\/strong><\/p>\n<ul>\n<li>Cru<\/li>\n<li>Mensaxe: \u201cSer rural \u00e9 actual\u201d e logo serigraf\u00eda en cor morada<\/li>\n<\/ul>\n<p><strong>Consellos de lavado: <\/strong><\/p>\n<ul>\n<li>Lavar con auga fr\u00eda.<\/li>\n<li>Non mesturar a <strong>Totebag<\/strong> con pezas de cor durante o lavado.<\/li>\n<\/ul>\n<\/div>\n<\/div>\n<\/div>\n","protected":false},"excerpt":{"rendered":"<p><strong>\u00c9nchea, \u00fasaa, l\u00facea!<\/strong><\/p>\n<p>Nuestra <strong>Totebag Rural o Urbano<\/strong> \u00e9 un<strong> accesorio sostible<\/strong> que che permitir\u00e1 esquecerche do pl\u00e1stico.<\/p>\n<p>\u00dasaa para a compra diaria, l\u00e9vaa ao mercado, garda nela todo que necesitas para unha escapada, ou o teu port\u00e1til, ou o teu libro favorito, ou o tupper da ofi,\u2026<\/p>\n<p>Nuestra <strong>Totebag Rural o Urbano<\/strong> \u00e9 un artigo do noso propio merchandising que forma parte da nosa gama de produto <strong>lifestyle exclusivo<\/strong>.<\/p>\n<p><strong>100% algod\u00f3n canvas<\/strong><\/p>\n<p><strong>Medidas:<\/strong> Longo 40cm. Ancho 26cm. Ancho base 10cm. Longo asa de ombreiro 20cm.<\/p>\n<p>Descobre toda a nosa gama de produto <a href=\"https:\/\/ruralourbano.com\/gl\/cat\/lifestyle\/\"><strong>Rural o Urbano Lifestyle<\/strong><\/a>.<\/p>\n<p><strong>Env\u00edos s\u00f3 a pen\u00ednsula | Compra produto gourmet galego seleccionado e lifestyle exclusivo.<\/strong><\/p>\n","protected":false},"featured_media":7605,"comment_status":"open","ping_status":"closed","template":"","meta":{"inline_featured_image":false},"product_brand":[],"product_cat":[158],"product_tag":[1120],"class_list":{"0":"post-3737","1":"product","2":"type-product","3":"status-publish","4":"has-post-thumbnail","6":"product_cat-lifestyle","7":"product_tag-lifestyle-exclusivo-gl","9":"first","10":"instock","11":"taxable","12":"shipping-taxable","13":"purchasable","14":"product-type-simple"},"_links":{"self":[{"href":"https:\/\/ruralourbano.com\/gl\/wp-json\/wp\/v2\/product\/3737","targetHints":{"allow":["GET"]}}],"collection":[{"href":"https:\/\/ruralourbano.com\/gl\/wp-json\/wp\/v2\/product"}],"about":[{"href":"https:\/\/ruralourbano.com\/gl\/wp-json\/wp\/v2\/types\/product"}],"replies":[{"embeddable":true,"href":"https:\/\/ruralourbano.com\/gl\/wp-json\/wp\/v2\/comments?post=3737"}],"wp:featuredmedia":[{"embeddable":true,"href":"https:\/\/ruralourbano.com\/gl\/wp-json\/wp\/v2\/media\/7605"}],"wp:attachment":[{"href":"https:\/\/ruralourbano.com\/gl\/wp-json\/wp\/v2\/media?parent=3737"}],"wp:term":[{"taxonomy":"product_brand","embeddable":true,"href":"https:\/\/ruralourbano.com\/gl\/wp-json\/wp\/v2\/product_brand?post=3737"},{"taxonomy":"product_cat","embeddable":true,"href":"https:\/\/ruralourbano.com\/gl\/wp-json\/wp\/v2\/product_cat?post=3737"},{"taxonomy":"product_tag","embeddable":true,"href":"https:\/\/ruralourbano.com\/gl\/wp-json\/wp\/v2\/product_tag?post=3737"}],"curies":[{"name":"wp","href":"https:\/\/api.w.org\/{rel}","templated":true}]}}