{"id":3880,"date":"2022-04-19T22:05:57","date_gmt":"2022-04-19T20:05:57","guid":{"rendered":"https:\/\/164.92.128.162\/producto\/vela-galiaromas\/"},"modified":"2026-01-11T23:09:12","modified_gmt":"2026-01-11T22:09:12","slug":"queso-mourelo-ganderia-quintian-500g","status":"publish","type":"product","link":"https:\/\/ruralourbano.com\/gl\/producto\/queso-mourelo-ganderia-quintian-500g\/","title":{"rendered":"Queso Mourelo Gander\u00eda Quinti\u00e1n 500g"},"content":{"rendered":"<p><strong>Descrici\u00f3n:<\/strong><\/p>\n<ul>\n<li><strong>Queso Mourelo Gander\u00eda Quinti\u00e1n 500g<\/strong> elaborado por <a href=\"https:\/\/ruralourbano.com\/gl\/productores\/queixos\/ganderia-quintian\/\"><strong>Gander\u00eda Quinti\u00e1n<\/strong><\/a>.<\/li>\n<\/ul>\n<p><strong>Tipolox\u00eda:<\/strong><\/p>\n<ul>\n<li><strong>Queixo gourmet<\/strong> elaborado de forma artesanal con <strong>LEITE cru<\/strong> de vaca.<\/li>\n<li>Aroma intenso, vexetal e l\u00e1ctico.<\/li>\n<li>Cortiza lavada a man.<\/li>\n<li>Cortiza 100% natural.<\/li>\n<\/ul>\n<p><strong>Maduraci\u00f3n:<\/strong><\/p>\n<ul>\n<li>En cava baixo terra.<\/li>\n<li>Cada queixo se voltea manualmente ata que cada peza adquire a s\u00faa destacada personalidade.<\/li>\n<\/ul>\n<p><strong>Ingredentes:<\/strong><\/p>\n<ul>\n<li>Mourelo: <strong>LEITE cru<\/strong> de vaca, fermentos l\u00e1cticos, callo e sal.<\/li>\n<\/ul>\n<p><strong>Suxerencias de combinaci\u00f3n:<\/strong><\/p>\n<ul>\n<li><strong><a href=\"https:\/\/ruralourbano.com\/gl\/producto\/vermouth-clasico-el-riba\/\">Vermouth Cl\u00e1sico El Riba<\/a><\/strong><\/li>\n<li><a href=\"https:\/\/ruralourbano.com\/gl\/producto\/patatotas-bolsa-mini-44g\/\"><strong>Patatotas bolsa mini 44g<\/strong><\/a><\/li>\n<\/ul>\n<p><strong>Recomendaci\u00f3n para degustaci\u00f3n:<\/strong><\/p>\n<ul>\n<li>Antes da s\u00faa degustaci\u00f3n, deixar que os queixos adquiran o seu mellor estado e textura mant\u00e9ndoos a temperatura ambiente durante m\u00ednimo unha media hora.<\/li>\n<\/ul>\n","protected":false},"excerpt":{"rendered":"<p><strong>Queso Mourelo Gander\u00eda Quinti\u00e1n 500g<\/strong> \u00e9 un <strong>produto gourmet<\/strong> elaborado artesanalmente en <a href=\"https:\/\/ruralourbano.com\/gl\/productores\/queixos\/ganderia-quintian\/\"><strong>Gander\u00eda Quinti\u00e1n<\/strong><\/a> na aldea rural de Quinti\u00e1n (Concello do P\u00e1ramo, <strong>Lugo<\/strong>).<\/p>\n<p>Tr\u00e1tase dun <strong>queixo gourmet<\/strong> de pasta prensada semicocida de vaca. Con textura semidura pero moi manteigosa ao padal. Granulosidad debilmente harinosa onde se aprecian cristais de tirosina moi agradables. Boa solubilidade en boca.<\/p>\n<p><strong>Nota de cata polo Mestre Quesero Afinador Jos\u00e9 Lu\u00eds Mart\u00edn:<\/strong> Sabor intenso e persistente, moi elegante e afrutado con recordos a pi\u00f1a e c\u00edtricos. Ao principio perc\u00edbese unha acidez suave e ben integrada. Pos\u00fae notas dulzonas abizcochadas de cereal e pasto.<\/p>\n<p><strong>Produto gastron\u00f3mico gourmet de Lugo con selo de Artesan\u00eda alimentaria de Galicia.<\/strong><\/p>\n<p><strong>Medalla de ouro, Concurso Internacional de Lyon. 2024<\/strong><\/p>\n<p><strong>Medalla de ouro, Concurso Internacional de Lyon. 2025<\/strong><\/p>\n<p>Descobre o <a href=\"https:\/\/ruralourbano.com\/gl\/producto\/mini-capackzo-cheese-and-cheers-gourmet\/\"><strong>Mini Capackzo Cheese and Cheers Gourmet<\/strong><\/a>.<\/p>\n<p><strong>Env\u00edos s\u00f3 a pen\u00ednsula | Compra produto gourmet galego seleccionado e lifestyle exclusivo<\/strong><\/p>\n","protected":false},"featured_media":12514,"comment_status":"open","ping_status":"closed","template":"","meta":{"inline_featured_image":false},"product_brand":[],"product_cat":[201],"product_tag":[669],"class_list":{"0":"post-3880","1":"product","2":"type-product","3":"status-publish","4":"has-post-thumbnail","6":"product_cat-tentempies","7":"product_tag-ganderia-quintian-gl","9":"first","10":"instock","11":"taxable","12":"shipping-taxable","13":"purchasable","14":"product-type-simple"},"_links":{"self":[{"href":"https:\/\/ruralourbano.com\/gl\/wp-json\/wp\/v2\/product\/3880","targetHints":{"allow":["GET"]}}],"collection":[{"href":"https:\/\/ruralourbano.com\/gl\/wp-json\/wp\/v2\/product"}],"about":[{"href":"https:\/\/ruralourbano.com\/gl\/wp-json\/wp\/v2\/types\/product"}],"replies":[{"embeddable":true,"href":"https:\/\/ruralourbano.com\/gl\/wp-json\/wp\/v2\/comments?post=3880"}],"wp:featuredmedia":[{"embeddable":true,"href":"https:\/\/ruralourbano.com\/gl\/wp-json\/wp\/v2\/media\/12514"}],"wp:attachment":[{"href":"https:\/\/ruralourbano.com\/gl\/wp-json\/wp\/v2\/media?parent=3880"}],"wp:term":[{"taxonomy":"product_brand","embeddable":true,"href":"https:\/\/ruralourbano.com\/gl\/wp-json\/wp\/v2\/product_brand?post=3880"},{"taxonomy":"product_cat","embeddable":true,"href":"https:\/\/ruralourbano.com\/gl\/wp-json\/wp\/v2\/product_cat?post=3880"},{"taxonomy":"product_tag","embeddable":true,"href":"https:\/\/ruralourbano.com\/gl\/wp-json\/wp\/v2\/product_tag?post=3880"}],"curies":[{"name":"wp","href":"https:\/\/api.w.org\/{rel}","templated":true}]}}