{"id":6126,"date":"2022-10-01T23:34:00","date_gmt":"2022-10-01T21:34:00","guid":{"rendered":"https:\/\/164.92.128.162\/?post_type=product&#038;p=6126"},"modified":"2025-05-02T20:31:40","modified_gmt":"2025-05-02T18:31:40","slug":"miel-crudo-de-flores-silvestres-dabella-500g","status":"publish","type":"product","link":"https:\/\/ruralourbano.com\/gl\/producto\/miel-crudo-de-flores-silvestres-dabella-500g\/","title":{"rendered":"Miel crudo de flores silvestres Dabella 500g"},"content":{"rendered":"<p><strong>Descrici\u00f3n:<\/strong><\/p>\n<ul>\n<li><strong>Miel crudo de flores silvestres Dabella 500g<\/strong> \u00e9 una\u00a0<strong>mel<\/strong>\u00a0100% natural.<\/li>\n<li>Peso neto 500g.<\/li>\n<li>Produto de produci\u00f3n primaria obtido mediante apicultura sostible e comprometida coa contorna.<\/li>\n<li><strong>Mel cru<\/strong> de abellas obtido de forma artes\u00e1 mediante centrifugado en fr\u00edo para manter todas as s\u00faas propiedades nutritivas.<\/li>\n<\/ul>\n<p><strong>Ingredientes:<\/strong><\/p>\n<ul>\n<li><strong>Mel cru<\/strong> de casti\u00f1eiro 100% natural.<\/li>\n<\/ul>\n<p><strong>Suxestiones de combinaci\u00f3n:<\/strong><\/p>\n<ul>\n<li><a href=\"https:\/\/ruralourbano.com\/gl\/producto\/queso-mini-neboa-ganderia-quintian-350g\/\"><strong>Queso Mini N\u00e9boa Gander\u00eda Quinti\u00e1n 350g<\/strong><\/a><\/li>\n<li><a href=\"https:\/\/ruralourbano.com\/gl\/producto\/queso-neboa-ganderia-quintian-650g\/\"><strong>Queso N\u00e9boa Gander\u00eda Quinti\u00e1n 650g<\/strong><\/a><\/li>\n<li><a href=\"https:\/\/ruralourbano.com\/gl\/producto\/queso-agarimo-ganderia-quintian-550g\/\"><strong>Queso Agarimo Gander\u00eda Quinti\u00e1n 550g<\/strong><\/a><\/li>\n<\/ul>\n<p><strong>Recomendaci\u00f3n:<\/strong><\/p>\n<ul>\n<li>Pola s\u00faa pureza este <strong>mel<\/strong> pode cristalizar, se se prefire o <strong>mel<\/strong> l\u00edquido s\u00f3 debe quentar o bote ao ba\u00f1o mar\u00eda.<\/li>\n<li>Manter\/almacenar nun lugar seco e fresco.<\/li>\n<\/ul>\n","protected":false},"excerpt":{"rendered":"<p>O <strong>Miel crudo de flores silvestres Dabella 500g<\/strong>\u00a0\u00e9 un<strong>\u00a0produto gourmet<\/strong>\u00a0doce elaborado artesanalmente por\u00a0<strong>Dabella<\/strong>\u00a0en Guitiriz (Concello de Guitiriz,\u00a0<strong>Lugo<\/strong>).<\/p>\n<p><strong>Miel crudo de flores silvestres Dabella 500g <\/strong>\u00e9 una\u00a0<strong>mel<\/strong>\u00a0100% natural\u00a0de produci\u00f3n primaria obtida mediante <strong>apicultura sostible<\/strong> e comprometida coa contorna. Centrifugado en fr\u00edo para manter todas as s\u00faas propiedades nutritivas.<\/p>\n<p>Este<strong>\u00a0mel<\/strong>\u00a0ofrece un sabor puro, intenso e arom\u00e1tico que transporta directamente ao campos de flores de Galicia.<\/p>\n<p>Envasada a man en bote de cristal.<\/p>\n<p><strong>Peso neto 500g<\/strong>.<\/p>\n<p><strong>Produto gastron\u00f3mico gourmet de Lugo.<\/strong><\/p>\n<p>Tam\u00e9n disp\u00f3s do <a href=\"https:\/\/ruralourbano.com\/gl\/producto\/miel-cruda-de-flores-silvestres-dabella-1000g\/\"><strong>Miel crudo de flores silvestres Dabella 1000g<\/strong><\/a><strong>.<\/strong><\/p>\n<p><strong>Env\u00edos s\u00f3 a pen\u00ednsula | Compra produto gourmet galego seleccionado e lifestyle exclusivo<\/strong><\/p>\n","protected":false},"featured_media":11525,"comment_status":"open","ping_status":"closed","template":"","meta":{"inline_featured_image":false},"product_brand":[],"product_cat":[160],"product_tag":[632,773],"class_list":{"0":"post-6126","1":"product","2":"type-product","3":"status-publish","4":"has-post-thumbnail","6":"product_cat-doce","7":"product_tag-gourmet-gl","8":"product_tag-lugo-gl","10":"first","11":"instock","12":"taxable","13":"shipping-taxable","14":"purchasable","15":"product-type-simple"},"_links":{"self":[{"href":"https:\/\/ruralourbano.com\/gl\/wp-json\/wp\/v2\/product\/6126","targetHints":{"allow":["GET"]}}],"collection":[{"href":"https:\/\/ruralourbano.com\/gl\/wp-json\/wp\/v2\/product"}],"about":[{"href":"https:\/\/ruralourbano.com\/gl\/wp-json\/wp\/v2\/types\/product"}],"replies":[{"embeddable":true,"href":"https:\/\/ruralourbano.com\/gl\/wp-json\/wp\/v2\/comments?post=6126"}],"wp:featuredmedia":[{"embeddable":true,"href":"https:\/\/ruralourbano.com\/gl\/wp-json\/wp\/v2\/media\/11525"}],"wp:attachment":[{"href":"https:\/\/ruralourbano.com\/gl\/wp-json\/wp\/v2\/media?parent=6126"}],"wp:term":[{"taxonomy":"product_brand","embeddable":true,"href":"https:\/\/ruralourbano.com\/gl\/wp-json\/wp\/v2\/product_brand?post=6126"},{"taxonomy":"product_cat","embeddable":true,"href":"https:\/\/ruralourbano.com\/gl\/wp-json\/wp\/v2\/product_cat?post=6126"},{"taxonomy":"product_tag","embeddable":true,"href":"https:\/\/ruralourbano.com\/gl\/wp-json\/wp\/v2\/product_tag?post=6126"}],"curies":[{"name":"wp","href":"https:\/\/api.w.org\/{rel}","templated":true}]}}