{"id":6152,"date":"2022-10-07T19:33:11","date_gmt":"2022-10-07T17:33:11","guid":{"rendered":"https:\/\/164.92.128.162\/?post_type=product&#038;p=6152"},"modified":"2026-01-29T22:12:56","modified_gmt":"2026-01-29T21:12:56","slug":"pedras-de-chocolate-artesas-doces-da-ulloa-150g","status":"publish","type":"product","link":"https:\/\/ruralourbano.com\/gl\/producto\/pedras-de-chocolate-artesas-doces-da-ulloa-150g\/","title":{"rendered":"Pedras de chocolate artes\u00e1s Doces da Ulloa 150g"},"content":{"rendered":"<div>\n<div><strong>Descrici\u00f3n:<\/strong><\/div>\n<ul>\n<li><strong>Pedras de chocolate artes\u00e1s Doces da Ulloa 150g<\/strong> est\u00e1n elaboradas por <a href=\"https:\/\/ruralourbano.com\/gl\/productores\/doce\/doces-da-ulloa\/\"><strong>Doces da Ulloa<\/strong><\/a>.<\/li>\n<li>Produto sen glute.<\/li>\n<li>Peso neto 150g.<\/li>\n<li>Produto envasado en bolsa de pl\u00e1stico transparente para confiter\u00eda.<\/li>\n<\/ul>\n<\/div>\n<p><strong>Ingredientes:<\/strong><\/p>\n<p>*Bomb\u00f3n chocolate laranxa e am\u00e9ndoas: azucre, manteiga de cacao 29%, <strong>LEITE<\/strong> enteiro en polvo, emulxentes: <strong>LECITINA DE SOIA<\/strong>, aromas naturais de laranxa e vainilla, colorante E-160. *Bomb\u00f3n chocolate de fresa e am\u00e9ndoas: azucre, manteiga de cacao 30%, <strong>LEITE<\/strong> enteiro en polvo, emulxentes: <strong>LECITINA DE SOIA<\/strong>, aromas naturais de fresa e vainilla, colorante E-120. *Bomb\u00f3n chocolate de lim\u00f3n e am\u00e9ndoas: azucre, manteiga de cacao 27,5%, <strong>LEITE<\/strong> enteiro en polvo, emulxentes: <strong>LECITINA DE SOIA<\/strong>, aromas naturais de lim\u00f3n e vainilla, colorante E-32 e E-100. *Bomb\u00f3n chocolate negro e am\u00e9ndoas: azucre, pasta de cacao, manteiga de cacao, cacao desgrasado en polvo, emulxentes: <strong>LECITINA DE GIRASOL<\/strong> (E-476) e aroma. *Bomb\u00f3n chocolate branco e am\u00e9ndoas: azucre, manteiga de cacao 29,8%, <strong>LEITE<\/strong> enteiro en polvo, emulxentes: <strong>LECITINA DE SOIA<\/strong> e aroma natural de vainilla. *Bomb\u00f3n chocolate leite e am\u00e9ndoas: azucre, <strong>LEITE<\/strong> enteiro en polvo, manteiga de cacao, pasta de cacao, emulxentes: <strong>LECITINA DE SOIA<\/strong> e aroma natural de vainilla.<\/p>\n<div><\/div>\n<div><strong>Suxesti\u00f3ns de combinaci\u00f3n:<\/strong><\/div>\n<ul>\n<li><a href=\"https:\/\/ruralourbano.com\/gl\/producto\/galletas-xianas-orixinais\/\"><strong>Galletas Xianas Orixinais<\/strong><\/a><\/li>\n<li><a href=\"https:\/\/ruralourbano.com\/gl\/producto\/galletas-xianas-de-cafe\/\"><strong>Galletas Xianas Caf\u00e9<\/strong><\/a><\/li>\n<li><a href=\"https:\/\/ruralourbano.com\/gl\/producto\/alouminos-xianas\/\"><strong>Xianas Aloumi\u00f1os<\/strong><\/a><\/li>\n<\/ul>\n<p><strong>Informaci\u00f3n extra:<\/strong><\/p>\n<ul>\n<li>Manter os chocolates nun lugar fresco e seco sen luz solar directa.<\/li>\n<\/ul>\n","protected":false},"excerpt":{"rendered":"<p>As<strong> Pedras de chocolate artes\u00e1s Doces d\u00e1 Ulloa 150g<\/strong> son un <strong>produto gourmet <\/strong>elaborado artesanalmente por <a href=\"https:\/\/ruralourbano.com\/gl\/productores\/doce\/doces-da-ulloa\/\"><strong>Doces da Ulloa<\/strong><\/a>\u00a0en Monterroso (Concello de Monterroso, <strong>Lugo<\/strong>).<\/p>\n<p>As<strong>\u00a0Piedras de Chocolate artesanas 300g Doces da Ulloa<\/strong>\u00a0son un capricho irresistible que combina a mellor selecci\u00f3n de cacao coa textura crujiente da am\u00e9ndoa que te sorprender\u00e1 en cada bocado.<\/p>\n<p><strong>5 sabores:<\/strong> chocolate con leite con am\u00e9ndoas, chocolate negro con am\u00e9ndoas, chocolate branco con am\u00e9ndoas, chocolate e laranxa con am\u00e9ndoas e chocolate e fresa con am\u00e9ndoas.<\/p>\n<p>Elaboradas con ingredientes de primeira calidade, para os amantes do chocolate m\u00e1is esixentes. G\u00f3zaas a soas ou xunto aos que m\u00e1is aprecias nunha divertida sobremesa.<\/p>\n<p>As<strong>\u00a0Piedras de chocolate negro artesanas Doces da Ulloa 150g<\/strong>\u00a0son os bombons m\u00e1is t\u00edpicos de Galicia, tam\u00e9n co\u00f1ecidos como \u201c<strong>Pedras de Santiago<\/strong>\u201d.<\/p>\n<p><strong>Produto sen glute. <\/strong><\/p>\n<p><strong>Peso neto 150g.<\/strong><\/p>\n<p><strong>Produto gastron\u00f3mico gourmet de Lugo.<\/strong><\/p>\n<p>Descubre el\u00a0<a href=\"https:\/\/ruralourbano.com\/gl\/producto\/capackzo-chocolate-gourmet\/\"><strong>Capackzo Chocolate Gourmet<\/strong><\/a>.<\/p>\n<p><strong>Env\u00edos s\u00f3 a pen\u00ednsula | Compra produto gourmet galego seleccionado e lifestyle exclusivo<\/strong><\/p>\n","protected":false},"featured_media":6157,"comment_status":"open","ping_status":"closed","template":"","meta":{"inline_featured_image":false},"product_brand":[],"product_cat":[160],"product_tag":[253,403,632,773,1105],"class_list":{"0":"post-6152","1":"product","2":"type-product","3":"status-publish","4":"has-post-thumbnail","6":"product_cat-doce","7":"product_tag-chocolate-gl","8":"product_tag-doces-da-ulloa-gl","9":"product_tag-gourmet-gl","10":"product_tag-lugo-gl","11":"product_tag-producto-gourmet-gallego-gl","13":"first","14":"instock","15":"featured","16":"taxable","17":"shipping-taxable","18":"purchasable","19":"product-type-simple"},"_links":{"self":[{"href":"https:\/\/ruralourbano.com\/gl\/wp-json\/wp\/v2\/product\/6152","targetHints":{"allow":["GET"]}}],"collection":[{"href":"https:\/\/ruralourbano.com\/gl\/wp-json\/wp\/v2\/product"}],"about":[{"href":"https:\/\/ruralourbano.com\/gl\/wp-json\/wp\/v2\/types\/product"}],"replies":[{"embeddable":true,"href":"https:\/\/ruralourbano.com\/gl\/wp-json\/wp\/v2\/comments?post=6152"}],"wp:featuredmedia":[{"embeddable":true,"href":"https:\/\/ruralourbano.com\/gl\/wp-json\/wp\/v2\/media\/6157"}],"wp:attachment":[{"href":"https:\/\/ruralourbano.com\/gl\/wp-json\/wp\/v2\/media?parent=6152"}],"wp:term":[{"taxonomy":"product_brand","embeddable":true,"href":"https:\/\/ruralourbano.com\/gl\/wp-json\/wp\/v2\/product_brand?post=6152"},{"taxonomy":"product_cat","embeddable":true,"href":"https:\/\/ruralourbano.com\/gl\/wp-json\/wp\/v2\/product_cat?post=6152"},{"taxonomy":"product_tag","embeddable":true,"href":"https:\/\/ruralourbano.com\/gl\/wp-json\/wp\/v2\/product_tag?post=6152"}],"curies":[{"name":"wp","href":"https:\/\/api.w.org\/{rel}","templated":true}]}}