{"id":6163,"date":"2022-10-10T14:35:01","date_gmt":"2022-10-10T12:35:01","guid":{"rendered":"https:\/\/164.92.128.162\/?post_type=product&#038;p=6163"},"modified":"2025-02-06T21:12:04","modified_gmt":"2025-02-06T20:12:04","slug":"licor-de-cafe-el-riba","status":"publish","type":"product","link":"https:\/\/ruralourbano.com\/gl\/producto\/licor-de-cafe-el-riba\/","title":{"rendered":"Licor de caf\u00e9 El Riba"},"content":{"rendered":"<p><strong>Descrici\u00f3n:<\/strong><\/p>\n<ul>\n<li><strong>Licor de caf\u00e9 El Riba<\/strong> est\u00e1 elaborado con augardente mesturado con <strong>caf\u00e9<\/strong>, intensidade pronunciada.<\/li>\n<\/ul>\n<p><strong>Nota de cata:<\/strong><\/p>\n<ul>\n<li>Aroma moi intenso a <strong>caf\u00e9<\/strong>. En padal o sabor do <strong>caf\u00e9<\/strong> e do licor quedan perfectamente equilibrados.<\/li>\n<\/ul>\n<p><strong>Suxerencias de combinaci\u00f3n:<\/strong><\/p>\n<ul>\n<li><a href=\"https:\/\/ruralourbano.com\/gl\/producto\/galletas-xianas-orixinais-150g\/\"><strong>Galletas Xianas Orixinais 150g<\/strong><\/a><\/li>\n<li><a href=\"https:\/\/ruralourbano.com\/gl\/producto\/galletas-xianas-cafe-150g\/\"><strong>Galletas Xianas Caf\u00e9 150g<\/strong><\/a><\/li>\n<li><a href=\"https:\/\/ruralourbano.com\/gl\/producto\/alouminos-xianas-160g\/\"><strong>Aloumi\u00f1os Xianas 160g<\/strong><\/a><\/li>\n<\/ul>\n<div><strong>Informaci\u00f3n importante:<\/strong><\/div>\n<ul>\n<li>Servir o <strong>licor de caf\u00e9<\/strong> entre 2 \u00b0C e 6 \u00b0C.<\/li>\n<li>Ideal servir con 2-3 pedras de xeo.<\/li>\n<\/ul>\n","protected":false},"excerpt":{"rendered":"<p><strong>En Galicia sempre temos lista unha botella de licor de caf\u00e9 lista para servir nas nosas sobremesas!<\/strong><\/p>\n<p><strong>Licor de caf\u00e9 El Riba<\/strong>, \u00e9 un licor artesanal elaborado polo <a href=\"https:\/\/ruralourbano.com\/gl\/productores\/vermouth-gl\/vermouth-el-riba\/\"><strong>El Riba<\/strong><\/a>.<\/p>\n<p>Cada sorbo desta <strong>Licor de caf\u00e9 El Riba<\/strong> \u00e9 unha viaxe sensorial que te transportar\u00e1 \u00e1 nosa terra chea de maxia e a tradici\u00f3n galega.<\/p>\n<p>Ideal para gozar despois dunha comida, en sobremesas especiais ou para regalar a algu\u00e9n que aprecia os sabores aut\u00e9nticos.<\/p>\n<p>Botella de cristal con tap\u00f3n de cortiza (75cl \/ ALC 15% 100 VOL).<\/p>\n<p><strong>Produto gastron\u00f3mico gourmet de Lugo.<\/strong><\/p>\n<p>Comb\u00ednala con el\u00a0<a href=\"https:\/\/ruralourbano.com\/gl\/producto\/capackzo-xianas-gourmet\/\"><strong>Capackzo Xianas Gourmet<\/strong><\/a>\u00a0y disfruta de una aut\u00e9ntica y dulce\u00a0<strong>experiencia gourmet<\/strong>.<\/p>\n","protected":false},"featured_media":12619,"comment_status":"open","ping_status":"closed","template":"","meta":{"inline_featured_image":false},"product_brand":[],"product_cat":[200,442],"product_tag":[857,1091,632,773,1055],"class_list":{"0":"post-6163","1":"product","2":"type-product","3":"status-publish","4":"has-post-thumbnail","6":"product_cat-adega","7":"product_cat-top-ventas","8":"product_tag-cafe-gl","9":"product_tag-experiencia-gourmet-gl","10":"product_tag-gourmet-gl","11":"product_tag-lugo-gl","12":"product_tag-sobremesas-gl","14":"first","15":"instock","16":"taxable","17":"shipping-taxable","18":"purchasable","19":"product-type-simple"},"_links":{"self":[{"href":"https:\/\/ruralourbano.com\/gl\/wp-json\/wp\/v2\/product\/6163","targetHints":{"allow":["GET"]}}],"collection":[{"href":"https:\/\/ruralourbano.com\/gl\/wp-json\/wp\/v2\/product"}],"about":[{"href":"https:\/\/ruralourbano.com\/gl\/wp-json\/wp\/v2\/types\/product"}],"replies":[{"embeddable":true,"href":"https:\/\/ruralourbano.com\/gl\/wp-json\/wp\/v2\/comments?post=6163"}],"wp:featuredmedia":[{"embeddable":true,"href":"https:\/\/ruralourbano.com\/gl\/wp-json\/wp\/v2\/media\/12619"}],"wp:attachment":[{"href":"https:\/\/ruralourbano.com\/gl\/wp-json\/wp\/v2\/media?parent=6163"}],"wp:term":[{"taxonomy":"product_brand","embeddable":true,"href":"https:\/\/ruralourbano.com\/gl\/wp-json\/wp\/v2\/product_brand?post=6163"},{"taxonomy":"product_cat","embeddable":true,"href":"https:\/\/ruralourbano.com\/gl\/wp-json\/wp\/v2\/product_cat?post=6163"},{"taxonomy":"product_tag","embeddable":true,"href":"https:\/\/ruralourbano.com\/gl\/wp-json\/wp\/v2\/product_tag?post=6163"}],"curies":[{"name":"wp","href":"https:\/\/api.w.org\/{rel}","templated":true}]}}