{"id":6167,"date":"2022-10-10T14:46:13","date_gmt":"2022-10-10T12:46:13","guid":{"rendered":"https:\/\/164.92.128.162\/?post_type=product&#038;p=6167"},"modified":"2024-03-21T13:48:47","modified_gmt":"2024-03-21T12:48:47","slug":"sanandresino-mini-a-sardina","status":"publish","type":"product","link":"https:\/\/ruralourbano.com\/gl\/producto\/sanandresino-mini-a-sardina\/","title":{"rendered":"Sanandresi\u00f1o mini A Sardi\u00f1a"},"content":{"rendered":"<p><em><strong>&#8220;Di a tradici\u00f3n que o que te\u00f1a os Sanandresi\u00f1os estar\u00e1 sempre acompa\u00f1ado pola sorte\u201d<\/strong><\/em>, asegura Jorge Bell\u00f3n, produtor artes\u00e1n dos nosos Sanandresi\u00f1os.<\/p>\n<p><strong>Descrici\u00f3n:<\/strong><\/p>\n<ul>\n<li><strong>Sanandresi\u00f1o mini A Sardi\u00f1a:<\/strong> Amuleto feito con faragulla de pan moldeada e cocida en forno de le\u00f1a (coa mesma receita que empregar\u00eda calquera panadeiro, f\u00f3ra do fermento).<\/li>\n<li>Pintado delicadamente a man con anilina. Cada peza pos\u00fae unhas cores distintas.<\/li>\n<li>Peza artesanal. Non hai ning\u00fan <strong>Sanandresi\u00f1o<\/strong> igual ao outro.<\/li>\n<li>Medidas aproximadas: 4cm x 4cm<\/li>\n<\/ul>\n<div><strong>Material:<\/strong><\/div>\n<ul>\n<li>Faragulla de pan<\/li>\n<li>Anilina (colorante)<\/li>\n<\/ul>\n<div><strong>Informaci\u00f3n importante:<\/strong><\/div>\n<ul>\n<li>Os <strong>Sanandresi\u00f1os<\/strong> son pezas artesanais, o seu coidado e temperaturas ambientais son fundamentais para a conservaci\u00f3n do seu estado.<\/li>\n<li><strong>A cor do Sanandresi\u00f1o que recibas pode variar segundo dispo\u00f1ibilidade de stock.<\/strong><\/li>\n<\/ul>\n","protected":false},"excerpt":{"rendered":"<p>Os <strong>Sanandresi\u00f1os<\/strong> son amuletos galegos feitos de faragulla de pan moldeada e pintados a man con anilina en <strong>San Andr\u00e9s de Teixido<\/strong> (Concello de Cedeira, Coru\u00f1a).<\/p>\n<p>Caracter\u00edzanse por ser pezas moi orixinais cheas de cor e simbolismo. Cada peza \u00e9 \u00fanica, polo que non hai ningunha igual \u00e1 outra. <strong>A cor do Sanandresi\u00f1o que recibas pode variar segundo dispo\u00f1ibilidade de stock.<\/strong><\/p>\n<p>Son 8 os amuletos m\u00e1is populares. <strong>O Sanandresi\u00f1o mini A Sardi\u00f1a<\/strong> \u00e9 o amuleto para a protecci\u00f3n dos alimentos ou a alimentaci\u00f3n.<\/p>\n<p>A s\u00faa orixe pos\u00fae unha historia de m\u00e1is de 200 anos de tradici\u00f3n.<\/p>\n<p><strong>Os Sanandresi\u00f1os cos que traballa Rural o Urbano est\u00e1n realizados polo mestre artes\u00e1n Jorge Bell\u00f3n. El e as s\u00faas creaci\u00f3ns forman parte do proxecto e Fundaci\u00f3n\u00a0<a href=\"https:\/\/artesaniadegalicia.xunta.gal\/gl\">Artesan\u00eda de Galicia<\/a>.<\/strong><\/p>\n<p><strong>Tr\u00e1tase do perfecto agasallo para vodas, celebraci\u00f3ns e eventos especiais.<\/strong><\/p>\n<p>Se es amante da decoraci\u00f3n distinta e orixinal quizais che gustar\u00e1 a nosa <a href=\"https:\/\/ruralourbano.com\/gl\/producto\/coroa-de-xesta-con-sanandresino-mini-a-sardina\/\"><strong>Coroa de xesta con Sanandresi\u00f1o mini A Sardi\u00f1a<\/strong><\/a> ou a <a href=\"https:\/\/ruralourbano.com\/gl\/producto\/cabeza-de-burrito-de-esparto-natural\/\"><strong>Cabeza de burrito de esparto natural<\/strong><\/a>. B\u00f3talles unha ollada!<\/p>\n","protected":false},"featured_media":6552,"comment_status":"open","ping_status":"closed","template":"","meta":{"inline_featured_image":false},"product_brand":[],"product_cat":[458,158],"product_tag":[558,555],"class_list":{"0":"post-6167","1":"product","2":"type-product","3":"status-publish","4":"has-post-thumbnail","6":"product_cat-eventos","7":"product_cat-lifestyle","8":"product_tag-artesania-de-galicia-gl","9":"product_tag-sanandresino-gl","11":"first","12":"outofstock","13":"taxable","14":"shipping-taxable","15":"purchasable","16":"product-type-simple"},"_links":{"self":[{"href":"https:\/\/ruralourbano.com\/gl\/wp-json\/wp\/v2\/product\/6167","targetHints":{"allow":["GET"]}}],"collection":[{"href":"https:\/\/ruralourbano.com\/gl\/wp-json\/wp\/v2\/product"}],"about":[{"href":"https:\/\/ruralourbano.com\/gl\/wp-json\/wp\/v2\/types\/product"}],"replies":[{"embeddable":true,"href":"https:\/\/ruralourbano.com\/gl\/wp-json\/wp\/v2\/comments?post=6167"}],"wp:featuredmedia":[{"embeddable":true,"href":"https:\/\/ruralourbano.com\/gl\/wp-json\/wp\/v2\/media\/6552"}],"wp:attachment":[{"href":"https:\/\/ruralourbano.com\/gl\/wp-json\/wp\/v2\/media?parent=6167"}],"wp:term":[{"taxonomy":"product_brand","embeddable":true,"href":"https:\/\/ruralourbano.com\/gl\/wp-json\/wp\/v2\/product_brand?post=6167"},{"taxonomy":"product_cat","embeddable":true,"href":"https:\/\/ruralourbano.com\/gl\/wp-json\/wp\/v2\/product_cat?post=6167"},{"taxonomy":"product_tag","embeddable":true,"href":"https:\/\/ruralourbano.com\/gl\/wp-json\/wp\/v2\/product_tag?post=6167"}],"curies":[{"name":"wp","href":"https:\/\/api.w.org\/{rel}","templated":true}]}}