{"id":6187,"date":"2022-10-10T17:27:37","date_gmt":"2022-10-10T15:27:37","guid":{"rendered":"https:\/\/164.92.128.162\/?post_type=product&#038;p=6187"},"modified":"2025-03-13T23:27:34","modified_gmt":"2025-03-13T22:27:34","slug":"chocolate-blanco-con-almendras-doces-da-ulloa-280g","status":"publish","type":"product","link":"https:\/\/ruralourbano.com\/gl\/producto\/chocolate-blanco-con-almendras-doces-da-ulloa-280g\/","title":{"rendered":"Chocolate blanco con almendras Doces da Ulloa 280g"},"content":{"rendered":"<div>\n<div><strong>Descrici\u00f3n:<\/strong><\/div>\n<ul>\n<li><strong>Chocolate blanco con almendras Doces da Ulloa 280g<\/strong> est\u00e1 elaborado artesanalmente por<strong> <a href=\"https:\/\/ruralourbano.com\/gl\/productores\/doce\/doces-da-ulloa\/\">Doces da Ulloa<\/a><\/strong>.<\/li>\n<li>Produto sen glute.<\/li>\n<li>Peso neto 280g.<\/li>\n<li>Produto envasado en bolsa de pl\u00e1stico para confeiter\u00eda transparente.<\/li>\n<\/ul>\n<div><strong>Ingredientes:<\/strong><\/div>\n<ul>\n<li>Chocolate branco 50% (azucre, manteiga de cacao, <strong>LEITE<\/strong> enteiro en polvo, emulxente: <strong>LECITINA DE SOIA<\/strong>, e aroma natural de vainilla) e <strong>AM\u00c9NDOAS<\/strong> 50%.<\/li>\n<\/ul>\n<\/div>\n<div>\n<div><strong>Suxesti\u00f3ns de combinaci\u00f3n:<\/strong><\/div>\n<ul>\n<li><a href=\"https:\/\/ruralourbano.com\/gl\/producto\/galletas-xianas-originales\/\"><strong>Galletas Xianas Originales<\/strong><\/a><\/li>\n<li><a href=\"https:\/\/ruralourbano.com\/gl\/producto\/galletas-xianas-de-cafe\/\"><strong>Galletas Xianas Caf\u00e9<\/strong><\/a><\/li>\n<li><a href=\"https:\/\/ruralourbano.com\/gl\/producto\/alouminos-xianas\/\"><strong>Xianas Aloumi\u00f1os<\/strong><\/a><\/li>\n<\/ul>\n<div><strong>Informaci\u00f3n extra:<\/strong><\/div>\n<ul>\n<li>Almacenar e\/ou manter o <strong>chocolate blanco<\/strong>\u00a0nun lugar fresco e seco.<\/li>\n<\/ul>\n<\/div>\n","protected":false},"excerpt":{"rendered":"<p><strong>Chocolate blanco con almendras Doces da Ulloa 280g<\/strong> \u00e9 un <strong>produto gourmet<\/strong> elaborado artesanalmente por <a href=\"https:\/\/ruralourbano.com\/gl\/productores\/doce\/doces-da-ulloa\/\"><strong>Doces da Ulloa<\/strong><\/a> no pobo de Monterroso (Concello de Monterroso, <strong>Lugo<\/strong>).<\/p>\n<p>D\u00e9ixate envolver pola suavidade e o pracer co <strong>Chocolate blanco con almendras Doces da Ulloa 280g<\/strong>, unha delicia artesanal que leva o selo lucense.<\/p>\n<p>Elaborado cos mellores ingredientes, este <strong>chocolate branco<\/strong> combina a cremosidad do cacao branco co renxer natural das am\u00e9ndoas, creando unha experiencia \u00fanica que conquista padais esixentes.<\/p>\n<p>Un<strong> chocolate branco<\/strong> perfecto para regalar, gozar en ocasi\u00f3ns especiais ou como un capricho coti\u00e1n.<\/p>\n<p><strong>Chocolate artes\u00e1n sen glute. <\/strong><\/p>\n<p><strong>Peso neto 280g.<\/strong><\/p>\n<p><strong>Produto gastron\u00f3mico gourmet de Lugo.<\/strong><\/p>\n<p>Descobre o noso\u00a0<a href=\"https:\/\/ruralourbano.com\/gl\/producto\/capackzo-chocolate-gourmet\/\"><strong>Capackzo Chocolate Gourmet<\/strong><\/a>.<\/p>\n<p><strong>Env\u00edos s\u00f3 a pen\u00ednsula | Compra produto gourmet galego seleccionado e lifestyle exclusivo<\/strong><\/p>\n","protected":false},"featured_media":6661,"comment_status":"open","ping_status":"closed","template":"","meta":{"inline_featured_image":false},"product_brand":[],"product_cat":[160],"product_tag":[403,632,773,1105],"class_list":{"0":"post-6187","1":"product","2":"type-product","3":"status-publish","4":"has-post-thumbnail","6":"product_cat-doce","7":"product_tag-doces-da-ulloa-gl","8":"product_tag-gourmet-gl","9":"product_tag-lugo-gl","10":"product_tag-producto-gourmet-gallego-gl","12":"first","13":"instock","14":"taxable","15":"shipping-taxable","16":"purchasable","17":"product-type-simple"},"_links":{"self":[{"href":"https:\/\/ruralourbano.com\/gl\/wp-json\/wp\/v2\/product\/6187","targetHints":{"allow":["GET"]}}],"collection":[{"href":"https:\/\/ruralourbano.com\/gl\/wp-json\/wp\/v2\/product"}],"about":[{"href":"https:\/\/ruralourbano.com\/gl\/wp-json\/wp\/v2\/types\/product"}],"replies":[{"embeddable":true,"href":"https:\/\/ruralourbano.com\/gl\/wp-json\/wp\/v2\/comments?post=6187"}],"wp:featuredmedia":[{"embeddable":true,"href":"https:\/\/ruralourbano.com\/gl\/wp-json\/wp\/v2\/media\/6661"}],"wp:attachment":[{"href":"https:\/\/ruralourbano.com\/gl\/wp-json\/wp\/v2\/media?parent=6187"}],"wp:term":[{"taxonomy":"product_brand","embeddable":true,"href":"https:\/\/ruralourbano.com\/gl\/wp-json\/wp\/v2\/product_brand?post=6187"},{"taxonomy":"product_cat","embeddable":true,"href":"https:\/\/ruralourbano.com\/gl\/wp-json\/wp\/v2\/product_cat?post=6187"},{"taxonomy":"product_tag","embeddable":true,"href":"https:\/\/ruralourbano.com\/gl\/wp-json\/wp\/v2\/product_tag?post=6187"}],"curies":[{"name":"wp","href":"https:\/\/api.w.org\/{rel}","templated":true}]}}