{"id":6500,"date":"2022-11-08T15:54:13","date_gmt":"2022-11-08T14:54:13","guid":{"rendered":"https:\/\/164.92.128.162\/?post_type=product&#038;p=6500"},"modified":"2024-03-23T18:01:23","modified_gmt":"2024-03-23T17:01:23","slug":"coroa-de-xesta-con-sanandresino-mini-a-flor","status":"publish","type":"product","link":"https:\/\/ruralourbano.com\/gl\/producto\/coroa-de-xesta-con-sanandresino-mini-a-flor\/","title":{"rendered":"Coroa de xesta con Sanandresi\u00f1o mini A Flor"},"content":{"rendered":"<div>\n<p><strong><em>&#8220;A tradici\u00f3n di que quen ten Sanandresi\u00f1os sempre ter\u00e1 sorte&#8221;<\/em><\/strong>, de Jorge Bell\u00f3n, produtor artesanal dos nosos Sanandresi\u00f1os.<\/p>\n<div><strong>Descrici\u00f3n:<\/strong><\/div>\n<ul>\n<li>Pequena coroa feita a man con<strong> xesta<\/strong> galega de 20cm longo x 10cm ancho.<\/li>\n<li>O <strong>Sanandresi\u00f1o<\/strong> \u00e9 un amuleto feito con faragulla de pan moldeada e cocida en forno de le\u00f1a (coa mesma receita que empregar\u00eda calquera panadeiro, f\u00f3ra do fermento).<\/li>\n<li>O <strong>Sanandresi\u00f1o<\/strong> est\u00e1 pintado delicadamente a man con anilina.<\/li>\n<li>Todos os <strong>Sanandresi\u00f1os<\/strong> son pezas \u00fanicas, as cores sempre poden variar ao da fotograf\u00eda<\/li>\n<li>Todas as coroas de <strong>xesta<\/strong> est\u00e1n feitas a man polo que ningunha \u00e9 igual \u00e1 outra.<\/li>\n<\/ul>\n<\/div>\n<div><strong>Material:<\/strong><\/div>\n<ul>\n<li><strong>Xesta<\/strong> natural galega.<\/li>\n<li>Faragulla de pan.<\/li>\n<li>Anilina para a coloraci\u00f3n do <strong>Sanandresi\u00f1o<\/strong>.<\/li>\n<\/ul>\n<div><strong>Informaci\u00f3n importante:<\/strong><\/div>\n<ul>\n<li>A coroa de <strong>xesta<\/strong> \u00e9 un elemento decorativo natural polo que pouco a pouco irase secando. Con todo a xesta a\u00ednda que seque perdura no tempo.<\/li>\n<li>A <strong>xesta<\/strong> \u00e9 un material ideal para a <strong>decoraci\u00f3n natural<\/strong>.<\/li>\n<li>Os <strong>Sanandresi\u00f1os<\/strong> son pezas artesanais, o seu coidado e temperaturas ambientais son fundamentais para a conservaci\u00f3n do seu estado.<\/li>\n<\/ul>\n","protected":false},"excerpt":{"rendered":"<p>As nosas coroas de xesta son pura maxia!<\/p>\n<p>A\u00a0<strong>Coroa de xesta con Sanandresi\u00f1o mini<\/strong>\u00a0<strong>A Flor<\/strong>\u00a0\u00e9 un elemento de <strong>decoraci\u00f3n natural<\/strong>, exclusivo e orixinal.\u00a0O <a href=\"https:\/\/ruralourbano.com\/gl\/producto\/sanandresino-mini-a-flor\/\"><strong>Sanandresi\u00f1o mini A Flor<\/strong><\/a>\u00a0\u00e9 o amuleto para a protecci\u00f3n plena.<\/p>\n<p>As nosas pequenas coroas de xesta exclusivas forman parte da gama de produto <a href=\"https:\/\/ruralourbano.com\/gl\/cat\/lifestyle\/\"><strong>Rural o Urbano lifestyle<\/strong><\/a> e son un elemento decorativo xenuinamente atl\u00e1ntico. Ideal para regalar, complementar as\u00ed como naturalizar calquera espazo.<\/p>\n<p>Todas as coroas de xesta est\u00e1n feitas a man polo que ningunha \u00e9 igual \u00e1 outra.<\/p>\n<p><strong>As nosas coroas de xesta son o perfecto agasallo para vodas, celebraci\u00f3ns e eventos especiais.<\/strong><\/p>\n<p>Todos os Sanandresi\u00f1os son pezas \u00fanicas, as cores sempre poden variar ao da fotograf\u00eda.\u00a0<strong>A cor do Sanandresi\u00f1o que recibas co teu coronita pode variar segundo dispo\u00f1ibilidade de stock.<\/strong><\/p>\n<p>Os populares Sanandresi\u00f1os galegos son amuletos cheos de cor e simbolismo feitos en Galicia que forman parte do proxecto e fundaci\u00f3n\u00a0<a href=\"https:\/\/artesaniadegalicia.xunta.gal\/gl\"><strong>Artesan\u00eda de Galicia<\/strong><\/a>.<\/p>\n","protected":false},"featured_media":6570,"comment_status":"open","ping_status":"closed","template":"","meta":{"inline_featured_image":false},"product_brand":[],"product_cat":[458,158],"product_tag":[558,554,555,545],"class_list":{"0":"post-6500","1":"product","2":"type-product","3":"status-publish","4":"has-post-thumbnail","6":"product_cat-eventos","7":"product_cat-lifestyle","8":"product_tag-artesania-de-galicia-gl","9":"product_tag-decoracion-natural-gl","10":"product_tag-sanandresino-gl","11":"product_tag-sanandresinos-gl","13":"first","14":"instock","15":"taxable","16":"shipping-taxable","17":"purchasable","18":"product-type-simple"},"_links":{"self":[{"href":"https:\/\/ruralourbano.com\/gl\/wp-json\/wp\/v2\/product\/6500","targetHints":{"allow":["GET"]}}],"collection":[{"href":"https:\/\/ruralourbano.com\/gl\/wp-json\/wp\/v2\/product"}],"about":[{"href":"https:\/\/ruralourbano.com\/gl\/wp-json\/wp\/v2\/types\/product"}],"replies":[{"embeddable":true,"href":"https:\/\/ruralourbano.com\/gl\/wp-json\/wp\/v2\/comments?post=6500"}],"wp:featuredmedia":[{"embeddable":true,"href":"https:\/\/ruralourbano.com\/gl\/wp-json\/wp\/v2\/media\/6570"}],"wp:attachment":[{"href":"https:\/\/ruralourbano.com\/gl\/wp-json\/wp\/v2\/media?parent=6500"}],"wp:term":[{"taxonomy":"product_brand","embeddable":true,"href":"https:\/\/ruralourbano.com\/gl\/wp-json\/wp\/v2\/product_brand?post=6500"},{"taxonomy":"product_cat","embeddable":true,"href":"https:\/\/ruralourbano.com\/gl\/wp-json\/wp\/v2\/product_cat?post=6500"},{"taxonomy":"product_tag","embeddable":true,"href":"https:\/\/ruralourbano.com\/gl\/wp-json\/wp\/v2\/product_tag?post=6500"}],"curies":[{"name":"wp","href":"https:\/\/api.w.org\/{rel}","templated":true}]}}