{"id":6601,"date":"2022-11-13T12:25:05","date_gmt":"2022-11-13T11:25:05","guid":{"rendered":"https:\/\/164.92.128.162\/?post_type=product&#038;p=6601"},"modified":"2025-02-19T11:24:44","modified_gmt":"2025-02-19T10:24:44","slug":"capackzo-salud-y-vermouth-clasico","status":"publish","type":"product","link":"https:\/\/ruralourbano.com\/gl\/producto\/capackzo-salud-y-vermouth-clasico\/","title":{"rendered":"Capackzo Salud y Vermouth Cl\u00e1sico"},"content":{"rendered":"<p><strong>Descrici\u00f3n:<\/strong><\/p>\n<p>O <strong>Capackzo Salud y Vermouth Cl\u00e1sico <\/strong>\u00e9 un <strong>pack gourmet<\/strong> envasado nun capazo de palma formado por:<\/p>\n<ul>\n<li><a href=\"https:\/\/ruralourbano.com\/gl\/producto\/vermouth-clasico-el-riba\/\"><strong>1 Vermouth Cl\u00e1sico El Riba<\/strong><\/a><\/li>\n<li><a href=\"https:\/\/ruralourbano.com\/gl\/producto\/taza-verde-metalica-vintage\/\"><strong>2 Tazas verdes met\u00e1licas vintage<\/strong><\/a><\/li>\n<li><a href=\"https:\/\/ruralourbano.com\/gl\/producto\/capazo-de-palma\/\"><strong>1 Capazo de palma<\/strong><\/a><\/li>\n<\/ul>\n<p><strong>Suxerencias de combinaci\u00f3n:<\/strong><\/p>\n<ul>\n<li><strong><a href=\"https:\/\/ruralourbano.com\/gl\/producto\/queso-neboa-ganderia-quintian-650g\/\">Queso N\u00e9boa Gander\u00eda Quinti\u00e1n 650g<\/a><\/strong><\/li>\n<li><strong><a href=\"https:\/\/ruralourbano.com\/gl\/producto\/queso-agarimo-ganderia-quintian-550g\/\">Queso Agarimo Gander\u00eda Quinti\u00e1n 550g<\/a><\/strong><\/li>\n<li><a href=\"https:\/\/ruralourbano.com\/gl\/producto\/patatotas-bolsa-mini-44g\/\"><strong>Patatotas bolsa mini 44g<\/strong><\/a><\/li>\n<\/ul>\n<p><b>Recomendaci\u00f3n:<\/b><\/p>\n<ul>\n<li>Servir o vermouth entre 6 \u00b0C e 10 \u00b0C.<\/li>\n<li>Non usar estas cuncas no microondas.<\/li>\n<li>As cuncas p\u00f3dense lavar en lavalouzas.<\/li>\n<\/ul>\n","protected":false},"excerpt":{"rendered":"<p>O <strong>Capackzo Salud y Vermouth Cl\u00e1sico<\/strong> \u00e9 un<strong> pack gourmet<\/strong> de<strong> Lugo<\/strong>.<\/p>\n<p>Un <strong>pack gourmet<\/strong> orixinal e exclusivo protagonizado polo vermouth cl\u00e1sico <a href=\"https:\/\/ruralourbano.com\/gl\/productores\/vermouth-gl\/vermouth-el-riba\/\"><strong>El\u00a0Riba<\/strong><\/a> \u00a0que che permitir\u00e1 gozar dun orixinal \u00abvermuteo\u00bb en calquera lugar e coa mellor compa\u00f1\u00eda.<\/p>\n<p>Tr\u00e1tase dunha unha <strong>experiencia gourmet<\/strong> que fusiona a tradici\u00f3n lucense cun toque vangardista.<\/p>\n<p><strong>Brinda distinto e celebra a vida con actitude!<\/strong><\/p>\n<p>Encarga o teu <strong>Capackzo Salud y Vermouth Cl\u00e1sico<\/strong> se est\u00e1s a realizar o <strong>Cami\u00f1o de Santiago<\/strong>.<\/p>\n<p>O <strong>Capackzo Salud y Vermouth Cl\u00e1sico<\/strong>\u00a0 \u00e9 unha orixinal proposta de <strong>gastronom\u00eda do Camino de Santiago Franc\u00e9s<\/strong>. Se es peregrino entreg\u00e1moscho en man en calquera localizaci\u00f3n da etapa entre Sarria e Portomarin para que o poidas gozar a modo de<strong> picnic<\/strong>.<\/p>\n<p>Co\u00a0<strong>Capackzo Salud y Vermouth Cl\u00e1sico<\/strong>\u00a0vas recibir:<\/p>\n<ul>\n<li><a href=\"https:\/\/ruralourbano.com\/gl\/producto\/vermouth-clasico-el-riba\/\"><strong>1 Vermouth Cl\u00e1sico El Riba<\/strong><\/a><\/li>\n<li><a href=\"https:\/\/ruralourbano.com\/gl\/producto\/taza-blanca-metalica-vintage-con-eslogan-ser-rural-e-actual\/\"><strong>2 Tazas verdes met\u00e1licas vintage<\/strong><\/a><\/li>\n<li><a href=\"https:\/\/ruralourbano.com\/gl\/producto\/capazo-de-palma\/\"><strong>1 Capazo de palma<\/strong><\/a><\/li>\n<\/ul>\n<p><strong>Vermouth El Riba, <em>&#8220;O vermouth que se bebe en Lugo&#8221;.<\/em><\/strong><\/p>\n<p>Pero se ti es m\u00e1is de vermouth branco suxer\u00edmosche o <strong><a href=\"https:\/\/ruralourbano.com\/gl\/producto\/capackzo-salud-y-vermouth-blanco\/\">Capackzo Salud y Vermouth blanco<\/a>.<\/strong><\/p>\n<p>Os nosos mini\u00a0<a href=\"https:\/\/ruralourbano.com\/cat\/capackzos-rural-o-urbano\/\"><strong>Capackzos Rural o Urbano<\/strong><\/a>\u00a0son a opci\u00f3n ideal se desexas realizar un agasallo de agradecemento ou ben obsequiar cun pequeno presente a algu\u00e9n que aprecias dun modo exclusivo e orixinal.<\/p>\n<p><strong>Env\u00edos s\u00f3 a pen\u00ednsula | Compra produto gourmet galego seleccionado<\/strong><\/p>\n","protected":false},"featured_media":6606,"comment_status":"open","ping_status":"closed","template":"","meta":{"inline_featured_image":false},"product_brand":[],"product_cat":[200,168,743],"product_tag":[1037,525,744,791,664,820,1039,1105,1038],"class_list":{"0":"post-6601","1":"product","2":"type-product","3":"status-publish","4":"has-post-thumbnail","6":"product_cat-adega","7":"product_cat-capackzos-rural-o-urbano","8":"product_cat-empresa-gl","9":"product_tag-camino-de-santiago-frances-gl","10":"product_tag-capackzos-rural-o-urbano-gl","11":"product_tag-el-riba-gl","12":"product_tag-experiencia-gastronomica-gl","13":"product_tag-pack-gourmet-gl","14":"product_tag-picnic-gl","15":"product_tag-portomarin-gl","16":"product_tag-producto-gourmet-gallego-gl","17":"product_tag-sarria-gl","19":"first","20":"instock","21":"taxable","22":"shipping-taxable","23":"purchasable","24":"product-type-simple"},"_links":{"self":[{"href":"https:\/\/ruralourbano.com\/gl\/wp-json\/wp\/v2\/product\/6601","targetHints":{"allow":["GET"]}}],"collection":[{"href":"https:\/\/ruralourbano.com\/gl\/wp-json\/wp\/v2\/product"}],"about":[{"href":"https:\/\/ruralourbano.com\/gl\/wp-json\/wp\/v2\/types\/product"}],"replies":[{"embeddable":true,"href":"https:\/\/ruralourbano.com\/gl\/wp-json\/wp\/v2\/comments?post=6601"}],"wp:featuredmedia":[{"embeddable":true,"href":"https:\/\/ruralourbano.com\/gl\/wp-json\/wp\/v2\/media\/6606"}],"wp:attachment":[{"href":"https:\/\/ruralourbano.com\/gl\/wp-json\/wp\/v2\/media?parent=6601"}],"wp:term":[{"taxonomy":"product_brand","embeddable":true,"href":"https:\/\/ruralourbano.com\/gl\/wp-json\/wp\/v2\/product_brand?post=6601"},{"taxonomy":"product_cat","embeddable":true,"href":"https:\/\/ruralourbano.com\/gl\/wp-json\/wp\/v2\/product_cat?post=6601"},{"taxonomy":"product_tag","embeddable":true,"href":"https:\/\/ruralourbano.com\/gl\/wp-json\/wp\/v2\/product_tag?post=6601"}],"curies":[{"name":"wp","href":"https:\/\/api.w.org\/{rel}","templated":true}]}}