{"id":7058,"date":"2023-01-28T18:23:22","date_gmt":"2023-01-28T17:23:22","guid":{"rendered":"https:\/\/164.92.128.162\/?post_type=product&#038;p=7058"},"modified":"2025-11-02T23:38:36","modified_gmt":"2025-11-02T22:38:36","slug":"galletas-xianas-orixinais","status":"publish","type":"product","link":"https:\/\/ruralourbano.com\/gl\/producto\/galletas-xianas-orixinais\/","title":{"rendered":"Galletas Xianas Orixinais"},"content":{"rendered":"<p><strong>Descrici\u00f3n:<\/strong><\/p>\n<ul>\n<li>As <strong>Galletas Xianas Orixinais<\/strong> est\u00e1n elaboradas respectando a s\u00faa receita tradicional.<\/li>\n<li>Crujientes galletas<strong> gourmet<\/strong> con intenso sabor a <strong>manteiga<\/strong>.<\/li>\n<li>Un sabor inspirado na tradici\u00f3n nada hai m\u00e1is de 100 anos na parroquia de Xi\u00e1n, en Taboada, onde as galletas coci\u00f1\u00e1banse entre dous ferros de ferro sobre o lume dunha coci\u00f1a de le\u00f1a.<\/li>\n<li>Sen adici\u00f3n de ning\u00fan tipo de conservante, espesante nin colorante.<\/li>\n<li>Peso neto 150g.<\/li>\n<li><strong>Sello Artesan\u00eda alimentaria de Galicia.<\/strong><\/li>\n<\/ul>\n<p><strong>Ingredentes:<br \/>\n<\/strong><\/p>\n<ul>\n<li>Fari\u00f1a de <strong>TRIGO<\/strong>, azucre integral de cana, <strong>MANTEIGA<\/strong> clarificada de vaca, <strong>OVOS<\/strong> de gali\u00f1as non engaioladas. Pode conter trazas de <strong>froitos secos<\/strong>.<\/li>\n<\/ul>\n<div class=\"textboxes\">\n<div class=\"col_b\">\n<div class=\"textbox\">\n<div id=\"contenedor\" class=\"textarea unknown\"><strong>Informaci\u00f3n nutricional: <\/strong><\/div>\n<ul>\n<li class=\"textarea unknown\">Valores medios por 100g:\n<ul>\n<li class=\"textarea unknown\">Valor enerx\u00e9tico 1890KJ\/452 Kcal<\/li>\n<li class=\"textarea unknown\">Graxas\u00a0 13,7g<\/li>\n<\/ul>\n<\/li>\n<li>Das cales:\n<ul>\n<li>\u00c1cidos graxos saturados 8,0g<\/li>\n<li>Hidratos de carbono 72,6g<\/li>\n<\/ul>\n<\/li>\n<li>Dos cales:\n<ul>\n<li>Azucres 19,2g<\/li>\n<li>Proteinas &lt; 9,4g<\/li>\n<li>Sae 0,4g<\/li>\n<\/ul>\n<\/li>\n<\/ul>\n<\/div>\n<\/div>\n<\/div>\n<p><strong>Suxesti\u00f3ns de combinaci\u00f3n:<\/strong><\/p>\n<ul>\n<li><a href=\"https:\/\/ruralourbano.com\/gl\/producto\/pedras-de-chocolate-negro-artesas-doces-da-ulloa-150g\/\"><strong>Pedras de chocolate artesanais Doces da Ulloa 150g<\/strong><\/a><\/li>\n<li><a href=\"https:\/\/ruralourbano.com\/gl\/producto\/pedras-de-chocolate-artesas-doces-da-ulloa-300g\/\"><strong>Pedras de chocolate artesanais Doces da Ulloa 300g<\/strong><\/a><\/li>\n<\/ul>\n<p>Recomendaci\u00f3n:<\/p>\n<ul>\n<li>Almacenar as galletas nun lugar fresco e seco.<\/li>\n<\/ul>\n","protected":false},"excerpt":{"rendered":"<p>As\u00a0<strong>Galletas Xianas Orixinais <\/strong>son un doce<strong> produto gourmet<\/strong> de <strong>Lugo<\/strong>\u00a0elaborado artesanalmente por\u00a0<a href=\"https:\/\/ruralourbano.com\/gl\/productores\/doce\/xianas\/\"><strong>Xianas<\/strong><\/a>\u00a0en Taboada (Concello de Taboada,\u00a0<strong>Lugo<\/strong>).<\/p>\n<p>Galletas artes\u00e1s que combinan ingredientes naturais e un enfornado en ferros de aceiro perfecto para lograr unha textura crujiente e un sabor aut\u00e9ntico lucense. As inimitables <strong>Xianas<\/strong>\u00a0son a doce pausa\u00a0<strong>gourmet<\/strong>\u00a0perfecta para un almorzo ou unha merenda en boa compa\u00f1\u00eda.<\/p>\n<p>As <strong>Galletas Xianas Orixinais <\/strong>representan a culminaci\u00f3n dunha receita tradicional que leva consigo o extraodinario sabor do interior da provincia de <strong>Lugo<\/strong>.<\/p>\n<p>As\u00a0<strong>Galletas Xianas Orixinais <\/strong>est\u00e1n elaboradas respectando a s\u00faa receita tradicional a base de manteiga. Sen conservantes, sen espesantes nin colorantes.<\/p>\n<p>Grazas aos diferentes s\u00edmbolos galegos acu\u00f1ados en cada galleta, as populares\u00a0<strong>galletas Xianas<\/strong>\u00a0promoven a cultura galega e xa conquistaron aos padais m\u00e1is esixentes de toda a pen\u00ednsula.<\/p>\n<p><em>\u201cCo\u00f1ece e saborea Galicia con cada Galleta\u201d<\/em>;\u00a0<strong>Xianas<\/strong>.<\/p>\n<p><strong><a href=\"https:\/\/ruralourbano.com\/gl\/productores\/doce\/xianas\/\">Xianas<\/a>\u00a0pos\u00fae o sello Artesan\u00eda alimentaria de Galicia.<\/strong><\/p>\n<p><strong>Produto gastron\u00f3mico gourmet de Lugo.<\/strong><\/p>\n<p>Descobre o\u00a0<a href=\"https:\/\/ruralourbano.com\/gl\/producto\/capackzo-xianas-gourmet\/\"><strong>Capackzo Xianas Gourmet<\/strong><\/a>.<\/p>\n<p><strong>Env\u00edos s\u00f3 a pen\u00ednsula | Merca produto gourmet galego seleccionado e lifestyle exclusivo<\/strong><\/p>\n","protected":false},"featured_media":7061,"comment_status":"open","ping_status":"closed","template":"","meta":{"inline_featured_image":false},"product_brand":[],"product_cat":[160],"product_tag":[566,632,773,1105,429],"class_list":{"0":"post-7058","1":"product","2":"type-product","3":"status-publish","4":"has-post-thumbnail","6":"product_cat-doce","7":"product_tag-artesania-alimentaria-de-galicia-gl","8":"product_tag-gourmet-gl","9":"product_tag-lugo-gl","10":"product_tag-producto-gourmet-gallego-gl","11":"product_tag-xianas-gl","13":"first","14":"instock","15":"taxable","16":"shipping-taxable","17":"purchasable","18":"product-type-simple"},"_links":{"self":[{"href":"https:\/\/ruralourbano.com\/gl\/wp-json\/wp\/v2\/product\/7058","targetHints":{"allow":["GET"]}}],"collection":[{"href":"https:\/\/ruralourbano.com\/gl\/wp-json\/wp\/v2\/product"}],"about":[{"href":"https:\/\/ruralourbano.com\/gl\/wp-json\/wp\/v2\/types\/product"}],"replies":[{"embeddable":true,"href":"https:\/\/ruralourbano.com\/gl\/wp-json\/wp\/v2\/comments?post=7058"}],"wp:featuredmedia":[{"embeddable":true,"href":"https:\/\/ruralourbano.com\/gl\/wp-json\/wp\/v2\/media\/7061"}],"wp:attachment":[{"href":"https:\/\/ruralourbano.com\/gl\/wp-json\/wp\/v2\/media?parent=7058"}],"wp:term":[{"taxonomy":"product_brand","embeddable":true,"href":"https:\/\/ruralourbano.com\/gl\/wp-json\/wp\/v2\/product_brand?post=7058"},{"taxonomy":"product_cat","embeddable":true,"href":"https:\/\/ruralourbano.com\/gl\/wp-json\/wp\/v2\/product_cat?post=7058"},{"taxonomy":"product_tag","embeddable":true,"href":"https:\/\/ruralourbano.com\/gl\/wp-json\/wp\/v2\/product_tag?post=7058"}],"curies":[{"name":"wp","href":"https:\/\/api.w.org\/{rel}","templated":true}]}}