{"id":7122,"date":"2023-01-29T17:40:05","date_gmt":"2023-01-29T16:40:05","guid":{"rendered":"https:\/\/164.92.128.162\/?post_type=product&#038;p=7122"},"modified":"2026-01-29T22:09:09","modified_gmt":"2026-01-29T21:09:09","slug":"mermelada-extra-de-arandanos-gallegos-220g","status":"publish","type":"product","link":"https:\/\/ruralourbano.com\/gl\/producto\/mermelada-extra-de-arandanos-gallegos-220g\/","title":{"rendered":"Mermelada extra de ar\u00e1ndanos gallegos 220g"},"content":{"rendered":"<p><strong>Descrici\u00f3n:<\/strong><\/p>\n<ul>\n<li><strong>Mermelada extra de ar\u00e1ndanos gallegos 220g <\/strong>est\u00e1 elaborada por <strong>Ar\u00e1ndanos del Alba<\/strong>.<\/li>\n<li>Marmelada extras de arando galego 100% natural.<\/li>\n<li>Sen adici\u00f3n de ning\u00fan tipo de conservante, espesante, colorante nin outros ingredientes.<\/li>\n<\/ul>\n<p><strong>Ingredientes:<br \/>\n<\/strong><\/p>\n<ul>\n<li>Arandos (79%), azucre e zume de lim\u00f3n.<\/li>\n<\/ul>\n<div class=\"textboxes\">\n<div class=\"col_b\">\n<div class=\"textbox\">\n<div id=\"contenedor\" class=\"textarea unknown\"><strong>Informaci\u00f3n nutricional: <\/strong><\/div>\n<ul>\n<li class=\"textarea unknown\">Valores medios por 100g:\n<ul>\n<li class=\"textarea unknown\">Valor enerx\u00e9tico 493KJ\/118 Kcal<\/li>\n<li class=\"textarea unknown\">Graxas &lt; 0,3g<\/li>\n<\/ul>\n<\/li>\n<li>Das cales:\n<ul>\n<li>\u00c1cidos graxos saturados &lt; 0,00g<\/li>\n<li>Hidratos de carbono 35,3g<\/li>\n<\/ul>\n<\/li>\n<li>Dos cales:\n<ul>\n<li>Azucres 30,7g<\/li>\n<li>Fibras vexetal 2,6g<\/li>\n<li>Proteinas 0,7g<\/li>\n<li>Sae 0,00g<\/li>\n<\/ul>\n<\/li>\n<\/ul>\n<\/div>\n<\/div>\n<\/div>\n<p><strong>Suxesti\u00f3ns de combinaci\u00f3n:<\/strong><\/p>\n<ul>\n<li><a href=\"https:\/\/ruralourbano.com\/gl\/producto\/galletas-xianas-orixinais\/\"><strong>Galletas Xianas Orixinais<\/strong><\/a><\/li>\n<li><a href=\"https:\/\/ruralourbano.com\/gl\/producto\/queso-mini-neboa-ganderia-quintian-350g\/\"><strong>Queso mini N\u00e9boa Gander\u00eda Quinti\u00e1n 350g<\/strong><\/a><\/li>\n<\/ul>\n<div><strong>Recomendaci\u00f3n:<\/strong><\/div>\n<ul>\n<li>Unha vez aberto envase da marmelada, conservar en frigor\u00edfico.<\/li>\n<\/ul>\n","protected":false},"excerpt":{"rendered":"<p><strong>Mermelada extra de ar\u00e1ndanos gallegos 220g <\/strong>\u00e9 un <strong>produto doce gourmet<\/strong> elaborado artesanalmente por <b>Ar\u00e1ndanos del Alba <\/b>na aldea rural de Vilapene (Concello de Cospeito, <strong>Lugo<\/strong>).<\/p>\n<p>Marmelada elaborada de forma artesanal a partir de <strong>arandos cultivados en Galicia<\/strong>, seleccionados no seu punto \u00f3ptimo de maduraci\u00f3n para conservar todo o seu sabor, aroma e propiedades naturais.<\/p>\n<p>De textura suave e sabor equilibrado entre dozura e acidez, esta <strong>marmelada artesanal<\/strong> \u00e9 ideal para almorzos, merendas e receitas <strong>gourmet<\/strong>. Perfecta para acompa\u00f1ar torradas, iogures, queixos suaves ou como ingrediente en reposter\u00eda caseira.<\/p>\n<p>Marmelada envasada a man en envase de cristal.<\/p>\n<p><strong>Peso neto 220g.<\/strong><\/p>\n<p><strong>Produto gastron\u00f3mico gourmet de Lugo.<\/strong><\/p>\n<p><strong>Env\u00edos s\u00f3 a pen\u00ednsula | Compra produto gourmet galego seleccionado e lifestyle exclusivo<\/strong><\/p>\n","protected":false},"featured_media":12585,"comment_status":"open","ping_status":"closed","template":"","meta":{"inline_featured_image":false},"product_brand":[],"product_cat":[160],"product_tag":[1179,632,773],"class_list":{"0":"post-7122","1":"product","2":"type-product","3":"status-publish","4":"has-post-thumbnail","6":"product_cat-doce","7":"product_tag-arandanos-gallegos","8":"product_tag-gourmet-gl","9":"product_tag-lugo-gl","11":"first","12":"instock","13":"taxable","14":"shipping-taxable","15":"purchasable","16":"product-type-simple"},"_links":{"self":[{"href":"https:\/\/ruralourbano.com\/gl\/wp-json\/wp\/v2\/product\/7122","targetHints":{"allow":["GET"]}}],"collection":[{"href":"https:\/\/ruralourbano.com\/gl\/wp-json\/wp\/v2\/product"}],"about":[{"href":"https:\/\/ruralourbano.com\/gl\/wp-json\/wp\/v2\/types\/product"}],"replies":[{"embeddable":true,"href":"https:\/\/ruralourbano.com\/gl\/wp-json\/wp\/v2\/comments?post=7122"}],"wp:featuredmedia":[{"embeddable":true,"href":"https:\/\/ruralourbano.com\/gl\/wp-json\/wp\/v2\/media\/12585"}],"wp:attachment":[{"href":"https:\/\/ruralourbano.com\/gl\/wp-json\/wp\/v2\/media?parent=7122"}],"wp:term":[{"taxonomy":"product_brand","embeddable":true,"href":"https:\/\/ruralourbano.com\/gl\/wp-json\/wp\/v2\/product_brand?post=7122"},{"taxonomy":"product_cat","embeddable":true,"href":"https:\/\/ruralourbano.com\/gl\/wp-json\/wp\/v2\/product_cat?post=7122"},{"taxonomy":"product_tag","embeddable":true,"href":"https:\/\/ruralourbano.com\/gl\/wp-json\/wp\/v2\/product_tag?post=7122"}],"curies":[{"name":"wp","href":"https:\/\/api.w.org\/{rel}","templated":true}]}}