{"id":7143,"date":"2023-01-29T19:02:16","date_gmt":"2023-01-29T18:02:16","guid":{"rendered":"https:\/\/164.92.128.162\/?post_type=product&#038;p=7143"},"modified":"2026-01-12T19:35:33","modified_gmt":"2026-01-12T18:35:33","slug":"llavero-charm-gilda-aceitunas","status":"publish","type":"product","link":"https:\/\/ruralourbano.com\/gl\/producto\/llavero-charm-gilda-aceitunas\/","title":{"rendered":"Llavero charm gilda aceitunas"},"content":{"rendered":"<div><strong>Descrici\u00f3n:<\/strong><\/div>\n<ul>\n<li>O <strong>Llavero charm gilda aceitunas<\/strong> \u00e9 un accesorio ideal para darlle un toque \u00fanico ao teu bolso, capazo ou mochila<\/li>\n<li>O <strong>Llavero charm gilda aceitunas<\/strong> pos\u00fae as medidas: longo 7cm x ancho 2cm.<\/li>\n<li>Dese\u00f1o orixinal e divertido.<\/li>\n<li>O material do llavero \u00e9s met\u00e1lico.<\/li>\n<li>O llavero charm gilda olivas incl\u00fae dous tipos de engnaches met\u00e1licos.<\/li>\n<\/ul>\n","protected":false},"excerpt":{"rendered":"<p>O <strong>Llavero charm gilda aceitunas <\/strong>\u00e9 un accesorio orixinal e divertido que rende homenaxe a un das grandes iconas do aperitivo.<\/p>\n<p>Cun dese\u00f1o coidado e acabado met\u00e1lico, este llavero combina <strong>estilo, personalidade e cultura gastron\u00f3mica<\/strong>, convert\u00e9ndose nun complemento perfecto para o d\u00eda a d\u00eda.<\/p>\n<p><strong>Engade un<\/strong> <strong>toque \u00fanico ao teu bolso, capazo ou mochila<\/strong> con este orixinal llavero\/charm que fai alusi\u00f3n a unha riqu\u00edsima gilda de olivas.<\/p>\n<p>Un accesorio vers\u00e1til e con identidade propia, perfecto como <strong>agasallo orixinal<\/strong> ou como pequeno capricho lifestyle.<\/p>\n<p><strong>Medidas: longo 7cm x ancho 2cm.<\/strong><\/p>\n<p>Bota unha ollada ao resto de produtos de <strong>Rural o Urbano lifestyle<\/strong> e combina o noso llavero charm con alg\u00fan dos nosos emblem\u00e1ticos capazos de palma.<\/p>\n<p><strong>Env\u00edos s\u00f3 a pen\u00ednsula | Compra produto gourmet galego seleccionado e lifestyle exclusivo<\/strong><\/p>\n","protected":false},"featured_media":12591,"comment_status":"open","ping_status":"closed","template":"","meta":{"inline_featured_image":false},"product_brand":[],"product_cat":[158],"product_tag":[],"class_list":{"0":"post-7143","1":"product","2":"type-product","3":"status-publish","4":"has-post-thumbnail","6":"product_cat-lifestyle","8":"first","9":"instock","10":"taxable","11":"shipping-taxable","12":"purchasable","13":"product-type-simple"},"_links":{"self":[{"href":"https:\/\/ruralourbano.com\/gl\/wp-json\/wp\/v2\/product\/7143","targetHints":{"allow":["GET"]}}],"collection":[{"href":"https:\/\/ruralourbano.com\/gl\/wp-json\/wp\/v2\/product"}],"about":[{"href":"https:\/\/ruralourbano.com\/gl\/wp-json\/wp\/v2\/types\/product"}],"replies":[{"embeddable":true,"href":"https:\/\/ruralourbano.com\/gl\/wp-json\/wp\/v2\/comments?post=7143"}],"wp:featuredmedia":[{"embeddable":true,"href":"https:\/\/ruralourbano.com\/gl\/wp-json\/wp\/v2\/media\/12591"}],"wp:attachment":[{"href":"https:\/\/ruralourbano.com\/gl\/wp-json\/wp\/v2\/media?parent=7143"}],"wp:term":[{"taxonomy":"product_brand","embeddable":true,"href":"https:\/\/ruralourbano.com\/gl\/wp-json\/wp\/v2\/product_brand?post=7143"},{"taxonomy":"product_cat","embeddable":true,"href":"https:\/\/ruralourbano.com\/gl\/wp-json\/wp\/v2\/product_cat?post=7143"},{"taxonomy":"product_tag","embeddable":true,"href":"https:\/\/ruralourbano.com\/gl\/wp-json\/wp\/v2\/product_tag?post=7143"}],"curies":[{"name":"wp","href":"https:\/\/api.w.org\/{rel}","templated":true}]}}