{"id":7160,"date":"2023-01-29T20:17:31","date_gmt":"2023-01-29T19:17:31","guid":{"rendered":"https:\/\/164.92.128.162\/?post_type=product&#038;p=7160"},"modified":"2025-02-25T22:23:01","modified_gmt":"2025-02-25T21:23:01","slug":"chocolatina-vive-lamour-60g","status":"publish","type":"product","link":"https:\/\/ruralourbano.com\/gl\/producto\/chocolatina-vive-lamour-60g\/","title":{"rendered":"Chocolatina Vive l&#8217;Amour 60g"},"content":{"rendered":"<div>\n<div><strong>Descrici\u00f3n:<\/strong><\/div>\n<ul>\n<li><strong>Chocolatina Vive l&#8217;Amour 60g<\/strong> \u00e9 feita a base de chocolate con leite elaborado artesanalmente por <a href=\"https:\/\/ruralourbano.com\/gl\/productores\/doce\/doces-da-ulloa\/\"><strong>Doces da Ulloa<\/strong><\/a>\u00a0no pobo de Monterroso, Lugo.<\/li>\n<li>Coraz\u00f3n vermello de chocolate.<\/li>\n<li>Produto sen glute.<\/li>\n<li>Peso neto 60g.<\/li>\n<li>Produto envasado en bolsa de pl\u00e1stico para confeiter\u00eda transparente.<\/li>\n<\/ul>\n<div><strong>Ingredientes:<\/strong><\/div>\n<ul>\n<li>Azucre, manteiga de cacao, <strong>LEITE<\/strong> enteiro en po, pasta de cacao, emulxente: <strong>LECITINA DE SOIA<\/strong>, aroma natural de vainilla.<\/li>\n<\/ul>\n<\/div>\n<div>\n<div><strong>Informaci\u00f3n extra:<\/strong><\/div>\n<ul>\n<li>Almacenar e\/ou manter a chocolatina nun lugar fresco e seco sen luz solar directa.<\/li>\n<\/ul>\n<\/div>\n","protected":false},"excerpt":{"rendered":"<p><strong>Chocolatina Vive l\u2019Amour 60g<\/strong> \u00e9 un <strong>produto gourmet<\/strong> elaborado artesanalmente por <a href=\"https:\/\/ruralourbano.com\/gl\/productores\/doce\/doces-da-ulloa\/\"><strong>Doces da Ulloa<\/strong><\/a> no pobo de Monterroso (Concello de Monterroso, <strong>Lugo<\/strong>).<\/p>\n<p>A <strong>Chocolatina Vive l\u2019Amour 60g<\/strong> \u00e9 unha deliciosa creaci\u00f3n gourmet que combina o mellor chocolate cun toque de romanticismo e elegancia. Ideal para regalar ou para darche un capricho, esta chocolatina \u00e9 moito m\u00e1is que un doce: \u00e9 unha experiencia \u00fanica que esperta os sentidos.<\/p>\n<p>O<strong> agasallo rom\u00e1ntico<\/strong> perfecto para datas especiais: <strong>San Valent\u00edn<\/strong>, aniversarios, propostas de matrimonio,\u2026 Conquista o seu padal!<\/p>\n<p>Podes ter en conta nosa <strong>Chocolatina Vive l\u2019Amour 60g<\/strong> como obsequio para entregar en: vodas, bautizos e eventos especiais.<\/p>\n<p><strong>Chocolate artes\u00e1n sen glute. <\/strong><\/p>\n<p><strong>Peso neto 60g.<\/strong><\/p>\n<p><strong>Produto gastron\u00f3mico gourmet de Lugo.<\/strong><\/p>\n<p>Descobre o noso <a href=\"https:\/\/ruralourbano.com\/gl\/producto\/capackzo-chocolate-gourmet\/\"><strong>Capackzo Chocolate Gourmet<\/strong><\/a>.<\/p>\n<p><strong>Env\u00edos s\u00f3 a pen\u00ednsula | Compra produto gourmet galego seleccionado e lifestyle exclusivo<\/strong><\/p>\n","protected":false},"featured_media":7196,"comment_status":"open","ping_status":"closed","template":"","meta":{"inline_featured_image":false},"product_brand":[],"product_cat":[160,458],"product_tag":[773,1105,839],"class_list":{"0":"post-7160","1":"product","2":"type-product","3":"status-publish","4":"has-post-thumbnail","6":"product_cat-doce","7":"product_cat-eventos","8":"product_tag-lugo-gl","9":"product_tag-producto-gourmet-gallego-gl","10":"product_tag-san-valentin-gl","12":"first","13":"instock","14":"taxable","15":"shipping-taxable","16":"purchasable","17":"product-type-simple"},"_links":{"self":[{"href":"https:\/\/ruralourbano.com\/gl\/wp-json\/wp\/v2\/product\/7160","targetHints":{"allow":["GET"]}}],"collection":[{"href":"https:\/\/ruralourbano.com\/gl\/wp-json\/wp\/v2\/product"}],"about":[{"href":"https:\/\/ruralourbano.com\/gl\/wp-json\/wp\/v2\/types\/product"}],"replies":[{"embeddable":true,"href":"https:\/\/ruralourbano.com\/gl\/wp-json\/wp\/v2\/comments?post=7160"}],"wp:featuredmedia":[{"embeddable":true,"href":"https:\/\/ruralourbano.com\/gl\/wp-json\/wp\/v2\/media\/7196"}],"wp:attachment":[{"href":"https:\/\/ruralourbano.com\/gl\/wp-json\/wp\/v2\/media?parent=7160"}],"wp:term":[{"taxonomy":"product_brand","embeddable":true,"href":"https:\/\/ruralourbano.com\/gl\/wp-json\/wp\/v2\/product_brand?post=7160"},{"taxonomy":"product_cat","embeddable":true,"href":"https:\/\/ruralourbano.com\/gl\/wp-json\/wp\/v2\/product_cat?post=7160"},{"taxonomy":"product_tag","embeddable":true,"href":"https:\/\/ruralourbano.com\/gl\/wp-json\/wp\/v2\/product_tag?post=7160"}],"curies":[{"name":"wp","href":"https:\/\/api.w.org\/{rel}","templated":true}]}}