{"id":7354,"date":"2023-02-22T12:46:45","date_gmt":"2023-02-22T11:46:44","guid":{"rendered":"https:\/\/164.92.128.162\/?post_type=product&#038;p=7354"},"modified":"2024-06-29T22:52:35","modified_gmt":"2024-06-29T20:52:35","slug":"cabeza-de-burrito-de-esparto-natural","status":"publish","type":"product","link":"https:\/\/ruralourbano.com\/gl\/producto\/cabeza-de-burrito-de-esparto-natural\/","title":{"rendered":"Cabeza de burrito de esparto natural"},"content":{"rendered":"<div><strong>Descrici\u00f3n:<\/strong><\/div>\n<ul>\n<li><strong>Cabeza de burrito de esparto natural.<\/strong><\/li>\n<li>Medidas: ancho 15cm x alto 20cm.<\/li>\n<li>As medidas poden variar lixeiramente posto que son pezas feitas a man.<\/li>\n<li>Peza decorativa feita de esparto e estrutura interna met\u00e1lica.<\/li>\n<li>Elemento decorativo divertido e orixinal.<\/li>\n<\/ul>\n<div><strong>Coidados:<\/strong><\/div>\n<ul>\n<li>Para quitar o po \u00e1 peza: usar un plumeiro, aireala en exterior ou limpala con coidado cun trapo h\u00famido.<\/li>\n<li>Mentres a peza non decore espazos, recomendamos gardalo nunha bolsa ou caixa guardapolvo.<\/li>\n<li>En caso de mancha, limpar cun pano h\u00famido canto antes.<\/li>\n<\/ul>\n","protected":false},"excerpt":{"rendered":"<p>Esta <strong>cabeza de burrito de esparto natural<\/strong> \u00e9 un elemento decorativo divertido e orixinal feito a man.<\/p>\n<p>Tr\u00e1tase dun elemento decorativo id\u00f3neo para decorar ou colgar en espazos r\u00fasticos, casas rurais e casas de campo. As\u00ed como tam\u00e9n en habitaci\u00f3ns e \u00e1reas infant\u00eds.<\/p>\n<p><strong>Tr\u00e1tase un elemento ideal para celebraci\u00f3ns e eventos especiais.<\/strong><\/p>\n<p>Medidas aproximadas: ancho 18cm; alto 22cm; fondo 22cm.<\/p>\n<p><strong>Bota unha ollada aos nosos Sanandresi\u00f1os mini:<\/strong><\/p>\n<ul>\n<li><strong><a href=\"https:\/\/ruralourbano.com\/gl\/producto\/sanandresino-mini-a-flor\/\">Sanandresi\u00f1o mini A Flor<\/a><\/strong><\/li>\n<li><strong><a href=\"https:\/\/ruralourbano.com\/gl\/producto\/sanandresino-mini-a-coroa\/\">Sanandresi\u00f1o mini A Coroa<\/a><\/strong><\/li>\n<li><a href=\"https:\/\/ruralourbano.com\/gl\/producto\/sanandresino-mini-a-sardina\/\"><strong>Sanandresi\u00f1o mini A Sardi\u00f1a<\/strong><\/a><\/li>\n<\/ul>\n","protected":false},"featured_media":8452,"comment_status":"open","ping_status":"closed","template":"","meta":{"inline_featured_image":false},"product_brand":[],"product_cat":[458,158],"product_tag":[648],"class_list":{"0":"post-7354","1":"product","2":"type-product","3":"status-publish","4":"has-post-thumbnail","6":"product_cat-eventos","7":"product_cat-lifestyle","8":"product_tag-eventos","10":"first","11":"instock","12":"taxable","13":"shipping-taxable","14":"purchasable","15":"product-type-simple"},"_links":{"self":[{"href":"https:\/\/ruralourbano.com\/gl\/wp-json\/wp\/v2\/product\/7354","targetHints":{"allow":["GET"]}}],"collection":[{"href":"https:\/\/ruralourbano.com\/gl\/wp-json\/wp\/v2\/product"}],"about":[{"href":"https:\/\/ruralourbano.com\/gl\/wp-json\/wp\/v2\/types\/product"}],"replies":[{"embeddable":true,"href":"https:\/\/ruralourbano.com\/gl\/wp-json\/wp\/v2\/comments?post=7354"}],"wp:featuredmedia":[{"embeddable":true,"href":"https:\/\/ruralourbano.com\/gl\/wp-json\/wp\/v2\/media\/8452"}],"wp:attachment":[{"href":"https:\/\/ruralourbano.com\/gl\/wp-json\/wp\/v2\/media?parent=7354"}],"wp:term":[{"taxonomy":"product_brand","embeddable":true,"href":"https:\/\/ruralourbano.com\/gl\/wp-json\/wp\/v2\/product_brand?post=7354"},{"taxonomy":"product_cat","embeddable":true,"href":"https:\/\/ruralourbano.com\/gl\/wp-json\/wp\/v2\/product_cat?post=7354"},{"taxonomy":"product_tag","embeddable":true,"href":"https:\/\/ruralourbano.com\/gl\/wp-json\/wp\/v2\/product_tag?post=7354"}],"curies":[{"name":"wp","href":"https:\/\/api.w.org\/{rel}","templated":true}]}}