{"id":7392,"date":"2023-02-23T22:00:38","date_gmt":"2023-02-23T21:00:38","guid":{"rendered":"https:\/\/164.92.128.162\/?post_type=product&#038;p=7392"},"modified":"2025-02-12T19:48:19","modified_gmt":"2025-02-12T18:48:19","slug":"queso-neboa-ganderia-quintian-650g","status":"publish","type":"product","link":"https:\/\/ruralourbano.com\/gl\/producto\/queso-neboa-ganderia-quintian-650g\/","title":{"rendered":"Queso N\u00e9boa Gander\u00eda Quinti\u00e1n 650g"},"content":{"rendered":"<p><strong>Descrici\u00f3n:<\/strong><\/p>\n<ul>\n<li><strong>Queso N\u00e9boa Gander\u00eda Quinti\u00e1n 650g<\/strong> elaborado por <strong><a href=\"https:\/\/ruralourbano.com\/gl\/productores\/queixos\/ganderia-quintian\/\">Gander\u00eda Quinti\u00e1n<\/a><\/strong>.<\/li>\n<\/ul>\n<p><strong>Tipolox\u00eda:<\/strong><\/p>\n<ul>\n<li><strong>Queixo gourmet<\/strong> elaborado de maneira artesana con leite de vaca cr\u00faa tipo brie.<\/li>\n<li>Aromas terrosos e f\u00fangicos, textura enmohecida.<\/li>\n<li>Cortiza natural e comestible.<\/li>\n<\/ul>\n<p><strong>Maduraci\u00f3n:<\/strong><\/p>\n<ul>\n<li>En cava baixo terra.<\/li>\n<li>Os queixos se voltean manualmente un a un ata que adquiren a textura e car\u00e1cter que os identifican.<\/li>\n<\/ul>\n<p><strong>Ingredientes:<\/strong><\/p>\n<ul>\n<li>N\u00e9boa: <strong>LEITE<\/strong> de vaca cr\u00faa, callo animal, sal.<\/li>\n<\/ul>\n<p><strong>Suxesti\u00f3ns de combinaci\u00f3n:<\/strong><\/p>\n<ul>\n<li style=\"list-style-type: none;\">\n<ul>\n<li><strong><a href=\"https:\/\/ruralourbano.com\/gl\/producto\/vermouth-clasico-el-riba\/\">Vermouth cl\u00e1sico El Riba<\/a><\/strong><\/li>\n<li><a href=\"https:\/\/ruralourbano.com\/gl\/producto\/ribada-seleccion-mencia-barrica\/\"><strong>Ribada Selecci\u00f3n Menc\u00eda Barrica<\/strong><\/a><\/li>\n<li><a href=\"https:\/\/ruralourbano.com\/gl\/producto\/patatotas-bolsa-mini-44g\/\"><strong>Patatotas bolsa mini 44g<\/strong><\/a><\/li>\n<\/ul>\n<\/li>\n<\/ul>\n<p><strong>Recomendaci\u00f3n para degustaci\u00f3n:<\/strong><\/p>\n<ul>\n<li>Antes da s\u00faa degustaci\u00f3n, deixar que os queixos adquiran o seu mellor estado e textura mant\u00e9ndoos a temperatura ambiente durante m\u00ednimo unha media hora.<\/li>\n<\/ul>\n","protected":false},"excerpt":{"rendered":"<p><strong>Queso N\u00e9boa Gander\u00eda Quinti\u00e1n 650g<\/strong>\u00a0\u00e9 un <strong>produto gourme<\/strong>t elaborado artesanalmente en\u00a0<a href=\"https:\/\/ruralourbano.com\/gl\/productores\/queixos\/ganderia-quintian\/\"><strong>Gander\u00eda Quinti\u00e1n<\/strong><\/a> na aldea rural de Quinti\u00e1n (Concello de O P\u00e1ramo, <strong>Lugo<\/strong>).<\/p>\n<p>Un <strong>queixo gourmet<\/strong> reco\u00f1ecido a nivel mundial que se crea con paix\u00f3n e mestr\u00eda, ofrecendo unha <strong>experiencia gastron\u00f3mica<\/strong> \u00fanica que cativa aos padais queseros m\u00e1is esixentes.<\/p>\n<p>Tr\u00e1tase dun <strong>queixo gourmet<\/strong> de pasta branda de leite cru de vaca. Caracter\u00edzase polos seus matices a terra h\u00famida, champi\u00f1\u00f3n e notas a nata. Cortiza enmohecida e aveludada 100% natural e comestible. Textura cremosa. Tipolox\u00eda: queixo brie. Un queixo con car\u00e1cter ideal para a maridaxe.<\/p>\n<p><strong>Queixo medalla de Prata nos premios World Cheese Awards 2023.<\/strong><\/p>\n<p><strong>Produto gastron\u00f3mico gourmet de Lugo.<\/strong><\/p>\n<div>\n<p>Descobre <a href=\"https:\/\/ruralourbano.com\/gl\/producto\/queso-agarimo-ganderia-quintian-550g\/\"><strong>Queixo Agarimo<\/strong><\/a>, e rememora o sabor dun queixo de outrora.<\/p>\n<p>Suxer\u00edmosche botar unha ollada ao\u00a0<a href=\"https:\/\/ruralourbano.com\/gl\/producto\/capackzo-quintian-gourmet\/\"><strong>Capackzo Quinti\u00e1n Gourmet<\/strong><\/a> se o que desexas \u00e9 saborear ambos os queixos.<\/p>\n<\/div>\n","protected":false},"featured_media":7395,"comment_status":"open","ping_status":"closed","template":"","meta":{"inline_featured_image":false},"product_brand":[],"product_cat":[201],"product_tag":[791,669,632,773,821],"class_list":{"0":"post-7392","1":"product","2":"type-product","3":"status-publish","4":"has-post-thumbnail","6":"product_cat-tentempies","7":"product_tag-experiencia-gastronomica-gl","8":"product_tag-ganderia-quintian-gl","9":"product_tag-gourmet-gl","10":"product_tag-lugo-gl","11":"product_tag-world-cheese-awards-2023-gl","13":"first","14":"instock","15":"taxable","16":"shipping-taxable","17":"purchasable","18":"product-type-simple"},"_links":{"self":[{"href":"https:\/\/ruralourbano.com\/gl\/wp-json\/wp\/v2\/product\/7392","targetHints":{"allow":["GET"]}}],"collection":[{"href":"https:\/\/ruralourbano.com\/gl\/wp-json\/wp\/v2\/product"}],"about":[{"href":"https:\/\/ruralourbano.com\/gl\/wp-json\/wp\/v2\/types\/product"}],"replies":[{"embeddable":true,"href":"https:\/\/ruralourbano.com\/gl\/wp-json\/wp\/v2\/comments?post=7392"}],"wp:featuredmedia":[{"embeddable":true,"href":"https:\/\/ruralourbano.com\/gl\/wp-json\/wp\/v2\/media\/7395"}],"wp:attachment":[{"href":"https:\/\/ruralourbano.com\/gl\/wp-json\/wp\/v2\/media?parent=7392"}],"wp:term":[{"taxonomy":"product_brand","embeddable":true,"href":"https:\/\/ruralourbano.com\/gl\/wp-json\/wp\/v2\/product_brand?post=7392"},{"taxonomy":"product_cat","embeddable":true,"href":"https:\/\/ruralourbano.com\/gl\/wp-json\/wp\/v2\/product_cat?post=7392"},{"taxonomy":"product_tag","embeddable":true,"href":"https:\/\/ruralourbano.com\/gl\/wp-json\/wp\/v2\/product_tag?post=7392"}],"curies":[{"name":"wp","href":"https:\/\/api.w.org\/{rel}","templated":true}]}}