{"id":7399,"date":"2023-02-23T22:41:29","date_gmt":"2023-02-23T21:41:30","guid":{"rendered":"https:\/\/164.92.128.162\/?post_type=product&#038;p=7399"},"modified":"2025-02-12T19:42:15","modified_gmt":"2025-02-12T18:42:15","slug":"queso-agarimo-ganderia-quintian-550g","status":"publish","type":"product","link":"https:\/\/ruralourbano.com\/gl\/producto\/queso-agarimo-ganderia-quintian-550g\/","title":{"rendered":"Queso Agarimo Gander\u00eda Quinti\u00e1n 550g"},"content":{"rendered":"<p><strong>Descrici\u00f3n:<\/strong><\/p>\n<ul>\n<li><strong>Queso Agarimo Gander\u00eda Quinti\u00e1n 550g <\/strong> elaborado por <a href=\"https:\/\/ruralourbano.com\/gl\/productores\/queixos\/ganderia-quintian\/\"><strong>Gander\u00eda Quinti\u00e1n<\/strong><\/a>.<\/li>\n<\/ul>\n<p><strong>Tipolox\u00eda:<\/strong><\/p>\n<ul>\n<li><strong>Queixo gourmet<\/strong> elaborado de maneira artesanal con leite de vaca pasteurizada tipo <strong>queixo do pa\u00eds.<\/strong><\/li>\n<li>Aroma intenso, maduro e lixeiramente l\u00e1ctico.<\/li>\n<li>Cortiza lavada a man.<\/li>\n<li>Cortiza 100% natural e comestible.<\/li>\n<\/ul>\n<p><strong>Maduraci\u00f3n:<\/strong><\/p>\n<ul>\n<li>En cava baixo terra.<\/li>\n<li>Cada queixo se voltea manualmente ata que cada peza adquire a s\u00faa destacada personalidade.<\/li>\n<\/ul>\n<p><strong>Ingredientes:<\/strong><\/p>\n<ul>\n<li>Agarimo: <strong>LEITE<\/strong> de vaca pasteurizada, callo animal, sal.<\/li>\n<\/ul>\n<p><strong>Suxesti\u00f3ns de combinaci\u00f3n:<\/strong><\/p>\n<ul>\n<li><strong><a href=\"https:\/\/ruralourbano.com\/gl\/producto\/vermouth-clasico-el-riba\/\">Vermouth cl\u00e1sico El Riba<\/a><\/strong><\/li>\n<li><a href=\"https:\/\/ruralourbano.com\/gl\/producto\/ribada-seleccion-mencia-barrica\/\"><strong>Ribada Selecci\u00f3n Menc\u00eda Barrica<\/strong><\/a><\/li>\n<li><a href=\"https:\/\/ruralourbano.com\/gl\/producto\/patatotas-bolsa-mini-44g\/\"><strong>Patatotas bolsa mini 44g<\/strong><\/a><\/li>\n<\/ul>\n<p><strong>Recomendaci\u00f3n para degustaci\u00f3n:<\/strong><\/p>\n<ul>\n<li>Antes da s\u00faa degustaci\u00f3n, deixar que os queixos adquiran o seu mellor estado e textura mant\u00e9ndoos a temperatura ambiente durante m\u00ednimo unha media hora.<\/li>\n<\/ul>\n","protected":false},"excerpt":{"rendered":"<p><strong>Queso Agarimo Gander\u00eda Quinti\u00e1n 550g <\/strong> \u00e9 un produto gourmet elaborado artesanalmente en <a href=\"https:\/\/ruralourbano.com\/gl\/productores\/queixos\/ganderia-quintian\/\"><strong>Gander\u00eda Quinti\u00e1n<\/strong><\/a> na aldea rural de Quinti\u00e1n (Concello de O P\u00e1ramo, Lugo).<\/p>\n<p>Un <strong>queixo gourmet<\/strong> creado con paix\u00f3n e mestr\u00eda que ofrece unha <strong>experiencia gastron\u00f3mica<\/strong> \u00fanica que cativa aos padais queseros m\u00e1is esixentes.<\/p>\n<p>Tr\u00e1tase deun <strong>queixo gourmet<\/strong> de pasta branda elaborado con leite de vaca pasteurizada. Pos\u00fae un sabor l\u00e1ctico intenso cun toque moi lixeiro de acidez. Cortiza lavada a man 100% natural e comestible. Textura el\u00e1stica, granulosa e fundente. Tipolox\u00eda: <strong>queixo do pa\u00eds<\/strong>. Un queixo elegante e tradicional que fai honra ao pasado do noso territorio.<\/p>\n<p><strong>Produto gastron\u00f3mico gourmet de Lugo.<\/strong><\/p>\n<p>Descobre <a href=\"https:\/\/ruralourbano.com\/gl\/producto\/queixo-neboa-650g-ganderia-quintian\/\"><strong>Queixo N\u00e9boa<\/strong><\/a> e degusta un queixo sofisticado e elegante.<\/p>\n<p>Suxer\u00edmosche combinar ambos os queixos co <a href=\"https:\/\/ruralourbano.com\/gl\/producto\/capackzo-quintian-gourmet\/\"><strong>Capackzo Quinti\u00e1n Gourmet<\/strong><\/a>.<\/p>\n","protected":false},"featured_media":6631,"comment_status":"open","ping_status":"closed","template":"","meta":{"inline_featured_image":false},"product_brand":[],"product_cat":[201],"product_tag":[791,669,773],"class_list":{"0":"post-7399","1":"product","2":"type-product","3":"status-publish","4":"has-post-thumbnail","6":"product_cat-tentempies","7":"product_tag-experiencia-gastronomica-gl","8":"product_tag-ganderia-quintian-gl","9":"product_tag-lugo-gl","11":"first","12":"instock","13":"taxable","14":"shipping-taxable","15":"purchasable","16":"product-type-simple"},"_links":{"self":[{"href":"https:\/\/ruralourbano.com\/gl\/wp-json\/wp\/v2\/product\/7399","targetHints":{"allow":["GET"]}}],"collection":[{"href":"https:\/\/ruralourbano.com\/gl\/wp-json\/wp\/v2\/product"}],"about":[{"href":"https:\/\/ruralourbano.com\/gl\/wp-json\/wp\/v2\/types\/product"}],"replies":[{"embeddable":true,"href":"https:\/\/ruralourbano.com\/gl\/wp-json\/wp\/v2\/comments?post=7399"}],"wp:featuredmedia":[{"embeddable":true,"href":"https:\/\/ruralourbano.com\/gl\/wp-json\/wp\/v2\/media\/6631"}],"wp:attachment":[{"href":"https:\/\/ruralourbano.com\/gl\/wp-json\/wp\/v2\/media?parent=7399"}],"wp:term":[{"taxonomy":"product_brand","embeddable":true,"href":"https:\/\/ruralourbano.com\/gl\/wp-json\/wp\/v2\/product_brand?post=7399"},{"taxonomy":"product_cat","embeddable":true,"href":"https:\/\/ruralourbano.com\/gl\/wp-json\/wp\/v2\/product_cat?post=7399"},{"taxonomy":"product_tag","embeddable":true,"href":"https:\/\/ruralourbano.com\/gl\/wp-json\/wp\/v2\/product_tag?post=7399"}],"curies":[{"name":"wp","href":"https:\/\/api.w.org\/{rel}","templated":true}]}}