{"id":7460,"date":"2023-03-09T16:50:29","date_gmt":"2023-03-09T15:50:29","guid":{"rendered":"https:\/\/164.92.128.162\/?post_type=product&#038;p=7460"},"modified":"2024-02-01T22:53:35","modified_gmt":"2024-02-01T21:53:35","slug":"ribada-seleccion-godello","status":"publish","type":"product","link":"https:\/\/ruralourbano.com\/gl\/producto\/ribada-seleccion-godello\/","title":{"rendered":"Ribada Selecci\u00f3n Godello"},"content":{"rendered":"<p>Os vi\u00f1edos de <a href=\"https:\/\/ruralourbano.com\/gl\/productores\/vinos-gl\/bodega-ribada\/\"><strong>Bodega Ribada<\/strong><\/a> est\u00e1n na subzona de Chantada (<strong>D.O Ribeira Sacra<\/strong>). O cultivo da vide faise en escaleira, con desniveis que chegan a alcanzar o 80%. Estamos ante vi\u00f1edos catalogados como \u201cde monta\u00f1a\u201d. O traballo \u00e9 manual, cada labor na vi\u00f1a tense que facer a man porque a mecanizaci\u00f3n \u00e9 imposible.<\/p>\n<p><strong>Descrici\u00f3n Selecci\u00f3n Ribada Godello:<\/strong><\/p>\n<ul>\n<li><strong>D.O Ribeira Sacra<\/strong>.<\/li>\n<li>Vi\u00f1o branco xove.<\/li>\n<li>Uva variedade <strong>Godello<\/strong> 100%<\/li>\n<li>Botella bordelesa 75cl.<\/li>\n<li>Grao alcoh\u00f3lico 13.50% vol.<\/li>\n<\/ul>\n<p><strong>Elaboraci\u00f3n:<\/strong><\/p>\n<ul>\n<li>Vendima manual en caixas de 20 Kg, maceraci\u00f3n en fr\u00edo dous d\u00edas a 4-5 \u00b0C, a continuaci\u00f3n lixeiro prensado, desfangado est\u00e1tico con fr\u00edo durante 24 horas. Fermentaci\u00f3n durante 10-12 d\u00edas a temperatura de 14-16 \u00b0C, ao final da cal se fai unha trasfega permanecendo no dep\u00f3sito sobre as s\u00faas propias leas, ata o proceso de embotellamento no que se realiza unha suave filtraci\u00f3n e posterior embotellado.<\/li>\n<\/ul>\n<p><strong>Nota de cata:<\/strong><\/p>\n<ul>\n<li>Limpo e brillante cunha cor amarela lim\u00f3n con irisaciones verdosas, no nariz limpo e moi fino con intensos cheiros (maz\u00e1, albaricoque, mel\u00f3n) e un fondo de flores brancas. En boca equilibrada, fresca e longa cun posgusto de moita froita (sobre todo maz\u00e1), cunha punta de acidez moi elegante e fresca.<\/li>\n<\/ul>\n<p><strong>Suxesti\u00f3ns de combinaci\u00f3n:<\/strong><\/p>\n<ul>\n<li><a href=\"https:\/\/ruralourbano.com\/gl\/producto\/polbo-en-aceite-de-oliva-virxe-extra-currimar-100g\/\"><strong>Polbo en aceite de oliva virxe extra Currimar 100g<\/strong><\/a><\/li>\n<li><a href=\"https:\/\/ruralourbano.com\/gl\/producto\/lombos-de-bonito-do-norte-currimar-140g\/\"><strong>Lombos de bonito do norte Currimar 140g<\/strong><\/a><\/li>\n<li><a href=\"https:\/\/ruralourbano.com\/gl\/producto\/queixo-mini-neboa-350g-ganderia-quintian\/\"><strong>Queixo Mini N\u00e9boa 350g Gander\u00eda Quinti\u00e1n<\/strong><\/a><\/li>\n<\/ul>\n<p><strong>Recomendaci\u00f3n:<\/strong><\/p>\n<ul>\n<li>Servir entre 10\u00baC e 12\u00baC.<\/li>\n<\/ul>\n","protected":false},"excerpt":{"rendered":"<p><strong>Ribada Selecci\u00f3n Godello<\/strong> \u00e9 un vi\u00f1o lucense elaborado por <a href=\"https:\/\/ruralourbano.com\/gl\/productores\/vinos-gl\/bodega-ribada\/\"><strong>Bodega Ribada<\/strong><\/a> localizada en San Fiz (Concello de Chantada, Lugo).<\/p>\n<p>Vi\u00f1o branco xove<strong> D.O Ribeira Sacra<\/strong>.<\/p>\n<p>Variedade uva <strong>Godello<\/strong> 100%.<\/p>\n<p>O cultivo da vide dos vi\u00f1edos de <a href=\"https:\/\/ruralourbano.com\/gl\/productores\/vinos-gl\/bodega-ribada\/\"><strong>Bodega Ribada<\/strong><\/a> faise en escaleira, con desniveis que chegan a alcanzar o 80%. Estamos ante vi\u00f1edos catalogados como \u201cde monta\u00f1a\u201d. O traballo \u00e9 manual, cada labor na vi\u00f1a tense que facer a man porque a mecanizaci\u00f3n \u00e9 imposible.<\/p>\n<p><strong>Grao Alcoh\u00f3lico 13.5% vol.<\/strong><\/p>\n<p><strong>Botella bordelesa 75cl.<\/strong><\/p>\n<p><strong>Produto gastron\u00f3mico gourmet de Lugo.<\/strong><\/p>\n<p>Descobre <a href=\"https:\/\/ruralourbano.com\/gl\/producto\/ribada-seleccion-mencia-rosado\/\"><strong>Ribada Selecci\u00f3n menc\u00eda Rosado<\/strong><\/a> e d\u00e9ixate conquistar pola s\u00faa frescura e sofisticaci\u00f3n.<\/p>\n","protected":false},"featured_media":7567,"comment_status":"open","ping_status":"closed","template":"","meta":{"inline_featured_image":false},"product_brand":[],"product_cat":[200,743],"product_tag":[882,816,685,632,773,686],"class_list":{"0":"post-7460","1":"product","2":"type-product","3":"status-publish","4":"has-post-thumbnail","6":"product_cat-adega","7":"product_cat-empresa-gl","8":"product_tag-bodega-ribada-gl","9":"product_tag-d-o-ribeira-sacra-gl","10":"product_tag-godello-gl","11":"product_tag-gourmet-gl","12":"product_tag-lugo-gl","13":"product_tag-ribeira-sacra-gl","15":"first","16":"instock","17":"taxable","18":"shipping-taxable","19":"purchasable","20":"product-type-simple"},"_links":{"self":[{"href":"https:\/\/ruralourbano.com\/gl\/wp-json\/wp\/v2\/product\/7460","targetHints":{"allow":["GET"]}}],"collection":[{"href":"https:\/\/ruralourbano.com\/gl\/wp-json\/wp\/v2\/product"}],"about":[{"href":"https:\/\/ruralourbano.com\/gl\/wp-json\/wp\/v2\/types\/product"}],"replies":[{"embeddable":true,"href":"https:\/\/ruralourbano.com\/gl\/wp-json\/wp\/v2\/comments?post=7460"}],"wp:featuredmedia":[{"embeddable":true,"href":"https:\/\/ruralourbano.com\/gl\/wp-json\/wp\/v2\/media\/7567"}],"wp:attachment":[{"href":"https:\/\/ruralourbano.com\/gl\/wp-json\/wp\/v2\/media?parent=7460"}],"wp:term":[{"taxonomy":"product_brand","embeddable":true,"href":"https:\/\/ruralourbano.com\/gl\/wp-json\/wp\/v2\/product_brand?post=7460"},{"taxonomy":"product_cat","embeddable":true,"href":"https:\/\/ruralourbano.com\/gl\/wp-json\/wp\/v2\/product_cat?post=7460"},{"taxonomy":"product_tag","embeddable":true,"href":"https:\/\/ruralourbano.com\/gl\/wp-json\/wp\/v2\/product_tag?post=7460"}],"curies":[{"name":"wp","href":"https:\/\/api.w.org\/{rel}","templated":true}]}}