{"id":7471,"date":"2023-03-09T17:43:48","date_gmt":"2023-03-09T16:43:48","guid":{"rendered":"https:\/\/164.92.128.162\/?post_type=product&#038;p=7471"},"modified":"2025-04-13T10:49:03","modified_gmt":"2025-04-13T08:49:03","slug":"chocolate-negro-con-almendras-doces-da-ulloa-280g","status":"publish","type":"product","link":"https:\/\/ruralourbano.com\/gl\/producto\/chocolate-negro-con-almendras-doces-da-ulloa-280g\/","title":{"rendered":"Chocolate negro con almendras Doces da Ulloa 280g"},"content":{"rendered":"<p><strong>Descrici\u00f3n:<\/strong><\/p>\n<ul>\n<li><strong>Chocolate negro con almendras Doces da Ulloa 280g <\/strong>esta elaborado artesanalmente por <a href=\"https:\/\/ruralourbano.com\/gl\/productores\/doce\/doces-da-ulloa\/\"><strong>Doces da Ulloa<\/strong><\/a>.<\/li>\n<li>Produto sen glute.<\/li>\n<li>Peso neto 280g.<\/li>\n<li>Produto envasado en bolsa de pl\u00e1stico para confeiter\u00eda transparente.<\/li>\n<\/ul>\n<p><strong>Ingredientes:<\/strong><\/p>\n<ul>\n<li>Chocolate 25% (azucre, pasta de cacao, manteiga de cacao, emulxente: lecitina de xirasol, e aroma natural de vainilla), chocolate 25% (azucre, pasta de cacao, manteiga de cacao, cacao desgrasado en po, emulxentes: lecitina de xirasol e E-476 e aroma) e <strong>AM\u00c9NDOAS<\/strong> 50%. Cacao 50% m\u00ednimo.<\/li>\n<\/ul>\n<p><strong>Suxesti\u00f3ns de combinaci\u00f3n:<\/strong><\/p>\n<ul>\n<li><a href=\"https:\/\/ruralourbano.com\/gl\/producto\/galletas-xianas-originales\/\"><strong>Galletas Xianas Originales<\/strong><\/a><\/li>\n<li><a href=\"https:\/\/ruralourbano.com\/gl\/producto\/galletas-xianas-de-cafe\/\"><strong>Galletas Xianas Caf\u00e9<\/strong><\/a><\/li>\n<li><a href=\"https:\/\/ruralourbano.com\/gl\/producto\/alouminos-xianas\/\"><strong>Xianas Aloumi\u00f1os<\/strong><\/a><\/li>\n<\/ul>\n<p><strong>Informaci\u00f3n extra:<\/strong><\/p>\n<ul>\n<li>Almacenar e\/ou manter o <strong>chocolate<\/strong> nun lugar fresco e seco.<\/li>\n<\/ul>\n","protected":false},"excerpt":{"rendered":"<p><strong>Chocolate negro con almendras Doces da Ulloa 280g<\/strong> \u00e9 un<strong> produto gourmet<\/strong> elaborado artesanalmente por <a href=\"https:\/\/ruralourbano.com\/gl\/productores\/doce\/doces-da-ulloa\/\"><strong>Doces da Ulloa<\/strong><\/a> no pobo de Monterroso (Concello de Monterroso, <strong>Lugo<\/strong>).<\/p>\n<p>Merg\u00fallate nunha experiencia \u00fanica co <strong>Chocolate negro con almendras Doces da Ulloa 280g<\/strong>, un produto artesanal que captura a esencia do interior de<strong> Lugo<\/strong>.<\/p>\n<p>Elaborado con cacao de alta calidade e am\u00e9ndoas seleccionadas, este chocolate combina a intensidade do cacao puro co renxer natural das am\u00e9ndoas, creando un equilibrio perfecto entre o intenso e o delicado.<\/p>\n<p><strong>Chocolate artes\u00e1n sen glute. <\/strong><\/p>\n<p><strong>Peso neto 280g.<\/strong><\/p>\n<p><strong>Produto gastron\u00f3mico gourmet de Lugo.<\/strong><\/p>\n<p>Descobre o noso <a href=\"https:\/\/ruralourbano.com\/gl\/producto\/capackzo-chocolate-gourmet\/\"><strong>Capackzo Chocolate Gourmet<\/strong><\/a>.<\/p>\n<p><strong>Env\u00edos s\u00f3 a pen\u00ednsula | Compra produto gourmet galego seleccionado e lifestyle exclusivo<\/strong><\/p>\n","protected":false},"featured_media":7492,"comment_status":"open","ping_status":"closed","template":"","meta":{"inline_featured_image":false},"product_brand":[],"product_cat":[160],"product_tag":[253,632,773,618,1105],"class_list":{"0":"post-7471","1":"product","2":"type-product","3":"status-publish","4":"has-post-thumbnail","6":"product_cat-doce","7":"product_tag-chocolate-gl","8":"product_tag-gourmet-gl","9":"product_tag-lugo-gl","10":"product_tag-monterroso-gl","11":"product_tag-producto-gourmet-gallego-gl","13":"first","14":"instock","15":"taxable","16":"shipping-taxable","17":"purchasable","18":"product-type-simple"},"_links":{"self":[{"href":"https:\/\/ruralourbano.com\/gl\/wp-json\/wp\/v2\/product\/7471","targetHints":{"allow":["GET"]}}],"collection":[{"href":"https:\/\/ruralourbano.com\/gl\/wp-json\/wp\/v2\/product"}],"about":[{"href":"https:\/\/ruralourbano.com\/gl\/wp-json\/wp\/v2\/types\/product"}],"replies":[{"embeddable":true,"href":"https:\/\/ruralourbano.com\/gl\/wp-json\/wp\/v2\/comments?post=7471"}],"wp:featuredmedia":[{"embeddable":true,"href":"https:\/\/ruralourbano.com\/gl\/wp-json\/wp\/v2\/media\/7492"}],"wp:attachment":[{"href":"https:\/\/ruralourbano.com\/gl\/wp-json\/wp\/v2\/media?parent=7471"}],"wp:term":[{"taxonomy":"product_brand","embeddable":true,"href":"https:\/\/ruralourbano.com\/gl\/wp-json\/wp\/v2\/product_brand?post=7471"},{"taxonomy":"product_cat","embeddable":true,"href":"https:\/\/ruralourbano.com\/gl\/wp-json\/wp\/v2\/product_cat?post=7471"},{"taxonomy":"product_tag","embeddable":true,"href":"https:\/\/ruralourbano.com\/gl\/wp-json\/wp\/v2\/product_tag?post=7471"}],"curies":[{"name":"wp","href":"https:\/\/api.w.org\/{rel}","templated":true}]}}