{"id":7659,"date":"2023-03-22T11:20:55","date_gmt":"2023-03-22T10:20:55","guid":{"rendered":"https:\/\/164.92.128.162\/?post_type=product&#038;p=7659"},"modified":"2025-02-19T12:29:24","modified_gmt":"2025-02-19T11:29:24","slug":"capackzo-chocolate-gourmet","status":"publish","type":"product","link":"https:\/\/ruralourbano.com\/gl\/producto\/capackzo-chocolate-gourmet\/","title":{"rendered":"Capackzo Chocolate Gourmet"},"content":{"rendered":"<p><strong><span style=\"color: #000000;\">Descrici\u00f3n:<\/span><\/strong><\/p>\n<p>O <strong>Capackzo Chocolate Gourmet<\/strong> \u00e9 un<strong> pack gourmet<\/strong>\u00a0envasado nun capazo de palma formado por:<\/p>\n<ul>\n<li><a href=\"https:\/\/ruralourbano.com\/gl\/producto\/chocolate-con-leche-con-almendras-doces-da-ulloa-280g\/\"><strong>1 Chocolate con leche con almendras Doces da Ulloa 280g<\/strong><\/a><\/li>\n<li><strong><a href=\"https:\/\/ruralourbano.com\/gl\/producto\/chocolate-blanco-con-almendras-doces-da-ulloa-280g\/\">1 Chocolate blanco con almendras Doces da Ulloa 280g<\/a><\/strong><\/li>\n<li><strong><a href=\"https:\/\/ruralourbano.com\/gl\/producto\/chocolate-negro-con-almendras-doces-da-ulloa-280g\/\">1 Chocolate negro con almendras Doces da Ulloa 280g<\/a><\/strong><\/li>\n<li><strong><a href=\"https:\/\/ruralourbano.com\/gl\/producto\/piedras-de-chocolate-artesanas-doces-da-ulloa-150g\/\">1 Piedras de chocolate artesanas Doces da Ulloa 150g<\/a><\/strong><\/li>\n<li><a href=\"https:\/\/ruralourbano.com\/gl\/producto\/chocolatina-vive-lamour-60g\/\"><strong>1 Chocolatina Vive l\u2019Amour 60g<\/strong><\/a><\/li>\n<li><strong><a href=\"https:\/\/ruralourbano.com\/gl\/producto\/conejito-de-trapo\/\">1 Conejito de trapo<\/a><\/strong><\/li>\n<li><a href=\"https:\/\/ruralourbano.com\/gl\/producto\/capazo-de-palma-c%C3%B3nico\/\"><strong>1 Capazo de palma c\u00f3nico<\/strong><\/a><\/li>\n<\/ul>\n<p><span style=\"color: #000000;\"><strong>Informaci\u00f3n importante:<\/strong><\/span><\/p>\n<ul>\n<li>Almacenar os chocolates nun lugar fresco e seco.<\/li>\n<\/ul>\n<p><strong>Coidados do capazo<\/strong>:<\/p>\n<ul>\n<li>Cando non o uses, g\u00e1rdao nun espazo no que nada o deforme.<\/li>\n<li>Recomendamos gardalo nunha bolsa guardapolvo.<\/li>\n<li>En caso de mancha, limpar cun pano h\u00famido canto antes.<\/li>\n<\/ul>\n","protected":false},"excerpt":{"rendered":"<p><strong>Esta PASCUA agasalla e saborea un chocolate con identidade lucense!<\/strong><\/p>\n<p>O <strong>Capackzo Chocolate Gourmet<\/strong> \u00e9 un<strong> pack gourmet<\/strong> de<strong> Lugo<\/strong>.<\/p>\n<p>Un aut\u00e9ntico pracer gourmet para os verdadeiros amantes do <strong>chocolate<\/strong>.<\/p>\n<p>Merg\u00fallate na intensidade do noso <strong>Capackzo Chocolate Gourmet<\/strong>, unha delicia para os sentidos que te conquistar\u00e1 coas s\u00faas texturas e os seus diferentes sabores do cacao.<\/p>\n<p>Ideal para regalar os m\u00e1is pequenos da casa ou ben a esa persoa que ama o <strong>chocolate<\/strong> en todas as s\u00faas versi\u00f3ns.<\/p>\n<p>O noso <strong>Capackzo Choocolate Gourmet<\/strong> \u00e9 un capricho doce \u00e9 perfecto para gozar en calquera momento especial.<\/p>\n<p>Encarga o teu <strong>Capackzo Chocolate Gourme<\/strong>t se est\u00e1s a realizar o <strong>Cami\u00f1o de Santiago<\/strong>.<\/p>\n<p>O <strong>Capackzo Chocolate Gourmet<\/strong> \u00e9 unha orixinal proposta de <strong>gastronom\u00eda do Camino de Santiago Franc\u00e9s<\/strong>. Se es peregrino entreg\u00e1moscho en man en calquera localizaci\u00f3n da etapa entre Sarria e Portomarin para que o poidas gozar a modo de <strong>picnic<\/strong>.<\/p>\n<p>Co\u00a0 <strong>Capackzo Chocolate Gourmet <\/strong>vas recibir:<\/p>\n<ul>\n<li><a href=\"https:\/\/ruralourbano.com\/gl\/producto\/chocolate-con-leche-con-almendras-doces-da-ulloa-280g\/\"><strong>1 Chocolate con leche con almendras Doces da Ulloa 280g<\/strong><\/a><\/li>\n<li><strong><a href=\"https:\/\/ruralourbano.com\/gl\/producto\/chocolate-blanco-con-almendras-doces-da-ulloa-280g\/\">1 Chocolate blanco con almendras Doces da Ulloa 280g<\/a><\/strong><\/li>\n<li><strong><a href=\"https:\/\/ruralourbano.com\/gl\/producto\/chocolate-negro-con-almendras-doces-da-ulloa-280g\/\">1 Chocolate negro con almendras Doces da Ulloa 280g<\/a><\/strong><\/li>\n<li><strong><a href=\"https:\/\/ruralourbano.com\/gl\/producto\/piedras-de-chocolate-artesanas-doces-da-ulloa-150g\/\">1 Piedras de chocolate artesanas Doces da Ulloa 150g<\/a><\/strong><\/li>\n<li><a href=\"https:\/\/ruralourbano.com\/gl\/producto\/chocolatina-vive-lamour-60g\/\"><strong>1 Chocolatina Vive l\u2019Amour 60g<\/strong><\/a><\/li>\n<li><strong><a href=\"https:\/\/ruralourbano.com\/gl\/producto\/conejito-de-trapo\/\">1 Conejito de trapo<\/a><\/strong><\/li>\n<li><a href=\"https:\/\/ruralourbano.com\/gl\/producto\/capazo-de-palma-c%C3%B3nico\/\"><strong>1 Capazo de palma c\u00f3nico<\/strong><\/a><\/li>\n<\/ul>\n<p>Os nosos\u00a0<a href=\"https:\/\/ruralourbano.com\/gl\/cat\/capackzos-rural-o-urbano\/\"><strong>Capackzos Rural o Urbano<\/strong><\/a>\u00a0son a opci\u00f3n ideal se desexas realizar un agasallo de agradecemento ou ben obsequiar cun pequeno presente a algu\u00e9n que aprecias dun modo orixinal e exclusivo.<\/p>\n<p><strong>Env\u00edos s\u00f3 a pen\u00ednsula | Compra produto gourmet galego seleccionado<\/strong><\/p>\n","protected":false},"featured_media":11743,"comment_status":"open","ping_status":"closed","template":"","meta":{"inline_featured_image":false},"product_brand":[],"product_cat":[168,160],"product_tag":[525,253,773,664,1105],"class_list":{"0":"post-7659","1":"product","2":"type-product","3":"status-publish","4":"has-post-thumbnail","6":"product_cat-capackzos-rural-o-urbano","7":"product_cat-doce","8":"product_tag-capackzos-rural-o-urbano-gl","9":"product_tag-chocolate-gl","10":"product_tag-lugo-gl","11":"product_tag-pack-gourmet-gl","12":"product_tag-producto-gourmet-gallego-gl","14":"first","15":"outofstock","16":"taxable","17":"shipping-taxable","18":"purchasable","19":"product-type-simple"},"_links":{"self":[{"href":"https:\/\/ruralourbano.com\/gl\/wp-json\/wp\/v2\/product\/7659","targetHints":{"allow":["GET"]}}],"collection":[{"href":"https:\/\/ruralourbano.com\/gl\/wp-json\/wp\/v2\/product"}],"about":[{"href":"https:\/\/ruralourbano.com\/gl\/wp-json\/wp\/v2\/types\/product"}],"replies":[{"embeddable":true,"href":"https:\/\/ruralourbano.com\/gl\/wp-json\/wp\/v2\/comments?post=7659"}],"wp:featuredmedia":[{"embeddable":true,"href":"https:\/\/ruralourbano.com\/gl\/wp-json\/wp\/v2\/media\/11743"}],"wp:attachment":[{"href":"https:\/\/ruralourbano.com\/gl\/wp-json\/wp\/v2\/media?parent=7659"}],"wp:term":[{"taxonomy":"product_brand","embeddable":true,"href":"https:\/\/ruralourbano.com\/gl\/wp-json\/wp\/v2\/product_brand?post=7659"},{"taxonomy":"product_cat","embeddable":true,"href":"https:\/\/ruralourbano.com\/gl\/wp-json\/wp\/v2\/product_cat?post=7659"},{"taxonomy":"product_tag","embeddable":true,"href":"https:\/\/ruralourbano.com\/gl\/wp-json\/wp\/v2\/product_tag?post=7659"}],"curies":[{"name":"wp","href":"https:\/\/api.w.org\/{rel}","templated":true}]}}