{"id":7668,"date":"2023-03-22T12:19:14","date_gmt":"2023-03-22T11:19:14","guid":{"rendered":"https:\/\/164.92.128.162\/?post_type=product&#038;p=7668"},"modified":"2023-11-23T22:36:41","modified_gmt":"2023-11-23T21:36:41","slug":"coello-de-trapo","status":"publish","type":"product","link":"https:\/\/ruralourbano.com\/gl\/producto\/coello-de-trapo\/","title":{"rendered":"Coello de trapo"},"content":{"rendered":"<div><strong>Descrici\u00f3n:<\/strong><\/div>\n<ul>\n<li>O nos <strong>Coello de trapo<\/strong> \u00e9 un divertido boneco pequeno en forma de coello.<\/li>\n<li>Cor li\u00f1o natural.<\/li>\n<li>Medidas: ancho 11cm x alto 24cm x fondo 4cm.<\/li>\n<\/ul>\n<div><strong>Coidados:<\/strong><\/div>\n<ul>\n<li>Lavar a man en auga fr\u00eda.<\/li>\n<li>Lavar en lavadora en auga fr\u00eda introduc\u00edndoo nunha bolsa protectora para lavado de roupa.<\/li>\n<\/ul>\n","protected":false},"excerpt":{"rendered":"<p>O <strong>Coello de trapo<\/strong> \u00e9 un divertido boneco con forma de coello en cor li\u00f1o natural.<\/p>\n<p>Tr\u00e1tase dun orixinal e simp\u00e1tico boneco para nenos ideal para obsequiar como agasallo de benvida dun beb\u00e9 ou ben a alg\u00fans dos membros m\u00e1is pequenos da casa.<\/p>\n<p>O noso <strong>Coello e trapo<\/strong> pode ser un elemento decorativo en habitaci\u00f3ns infant\u00eds.<\/p>\n<p>O noso <strong>Coello de trapo<\/strong> tam\u00e9n pode ser un exclusivo obsequio en eventos infant\u00eds.<\/p>\n<p>Medidas: ancho 11cm x alto 24cm x fondo 4cm.<\/p>\n<p>Descobre o <a href=\"https:\/\/ruralourbano.com\/gl\/producto\/capackzo-leeme-un-cuento\/\"><strong>Capackzo L\u00e9eme un cuento<\/strong><\/a>.<\/p>\n","protected":false},"featured_media":7665,"comment_status":"open","ping_status":"closed","template":"","meta":{"inline_featured_image":false},"product_brand":[],"product_cat":[458,158],"product_tag":[777],"class_list":{"0":"post-7668","1":"product","2":"type-product","3":"status-publish","4":"has-post-thumbnail","6":"product_cat-eventos","7":"product_cat-lifestyle","8":"product_tag-eventos-infantiles-gl","10":"first","11":"instock","12":"taxable","13":"shipping-taxable","14":"purchasable","15":"product-type-simple"},"_links":{"self":[{"href":"https:\/\/ruralourbano.com\/gl\/wp-json\/wp\/v2\/product\/7668","targetHints":{"allow":["GET"]}}],"collection":[{"href":"https:\/\/ruralourbano.com\/gl\/wp-json\/wp\/v2\/product"}],"about":[{"href":"https:\/\/ruralourbano.com\/gl\/wp-json\/wp\/v2\/types\/product"}],"replies":[{"embeddable":true,"href":"https:\/\/ruralourbano.com\/gl\/wp-json\/wp\/v2\/comments?post=7668"}],"wp:featuredmedia":[{"embeddable":true,"href":"https:\/\/ruralourbano.com\/gl\/wp-json\/wp\/v2\/media\/7665"}],"wp:attachment":[{"href":"https:\/\/ruralourbano.com\/gl\/wp-json\/wp\/v2\/media?parent=7668"}],"wp:term":[{"taxonomy":"product_brand","embeddable":true,"href":"https:\/\/ruralourbano.com\/gl\/wp-json\/wp\/v2\/product_brand?post=7668"},{"taxonomy":"product_cat","embeddable":true,"href":"https:\/\/ruralourbano.com\/gl\/wp-json\/wp\/v2\/product_cat?post=7668"},{"taxonomy":"product_tag","embeddable":true,"href":"https:\/\/ruralourbano.com\/gl\/wp-json\/wp\/v2\/product_tag?post=7668"}],"curies":[{"name":"wp","href":"https:\/\/api.w.org\/{rel}","templated":true}]}}