{"id":7737,"date":"2023-03-24T19:15:49","date_gmt":"2023-03-24T18:15:49","guid":{"rendered":"https:\/\/164.92.128.162\/?post_type=product&#038;p=7737"},"modified":"2023-06-29T22:31:02","modified_gmt":"2023-06-29T20:31:02","slug":"que-riquino","status":"publish","type":"product","link":"https:\/\/ruralourbano.com\/gl\/producto\/que-riquino\/","title":{"rendered":"Que riqui\u00f1o"},"content":{"rendered":"<p><strong>Descrici\u00f3n:<\/strong><\/p>\n<p><strong>Que Riqui\u00f1o<\/strong> unha combinaci\u00f3n de elementos perfecta para obsequiar en bautizos, comu\u00f1\u00f3ns ou eventos infant\u00eds composto por 3 dos nosos produtos:<\/p>\n<ul>\n<li><a href=\"https:\/\/ruralourbano.com\/gl\/producto\/cunca-verde-metalica-vintage\/\"><strong>1 Taza met\u00e1lica verde vintage en color verde bosque<\/strong><\/a><\/li>\n<li><a href=\"https:\/\/ruralourbano.com\/gl\/producto\/coello-de-trapo\/\"><strong>1 Coello de trapo<\/strong><\/a><\/li>\n<li><a href=\"https:\/\/ruralourbano.com\/gl\/producto\/chocolatina-vive-lamour-60g\/\"><strong>1 Chocolatina Vive l\u2019Amour<\/strong><\/a><\/li>\n<\/ul>\n<div>\n<p><strong>Coidados do boneco conejito de trapo:<\/strong><\/p>\n<ul>\n<li>Lavar a man en auga fr\u00eda.<\/li>\n<li>Lavar en lavadora en auga fr\u00eda introduc\u00edndoo nunha bolsa protectora para lavado de roupa.<\/li>\n<\/ul>\n<p><strong>Informaci\u00f3n importante:<\/strong><\/p>\n<ul>\n<li>Non usar a cunca met\u00e1lica verde vintage no microondas.<\/li>\n<li>Almacenar e\/ou manter a chocolatina nun lugar fresco e seco sen luz solar directa.<\/li>\n<\/ul>\n<\/div>\n","protected":false},"excerpt":{"rendered":"<p><strong>Que Riqui\u00f1o<\/strong>\u00a0\u00e9 un agasallo orixinal e exclusivo que sorprender\u00e1 aos teus invitados m\u00e1is pequenos.<\/p>\n<p>Tr\u00e1tase dunha combinaci\u00f3n de elementos perfecta para obsequiar en bautizos, comu\u00f1\u00f3ns ou eventos infant\u00eds composto por 3 dos nosos produtos:<\/p>\n<ul>\n<li><a href=\"https:\/\/ruralourbano.com\/gl\/producto\/cunca-verde-metalica-vintage\/\"><strong>1 Taza met\u00e1lica verde vintage en color verde bosque<\/strong><\/a><\/li>\n<li><a href=\"https:\/\/ruralourbano.com\/gl\/producto\/coello-de-trapo\/\"><strong>1 Coello de trapo<\/strong><\/a><\/li>\n<li><a href=\"https:\/\/ruralourbano.com\/gl\/producto\/chocolatina-vive-lamour-60g\/\"><strong>1 Chocolatina Vive l\u2019Amour<\/strong><\/a><\/li>\n<\/ul>\n<p><strong>Sorprende e achega orixinalidade \u00e1 t\u00faa celebraci\u00f3n e\/ou evento con este detalle!<\/strong><\/p>\n<p>Echa un vistazo a los productos de\u00a0<a href=\"https:\/\/ruralourbano.com\/cat\/lifestyle\/\"><strong>Rural o Urbano lifestyle<\/strong><\/a>.<\/p>\n","protected":false},"featured_media":7892,"comment_status":"open","ping_status":"closed","template":"","meta":{"inline_featured_image":false},"product_brand":[],"product_cat":[458],"product_tag":[651,777],"class_list":{"0":"post-7737","1":"product","2":"type-product","3":"status-publish","4":"has-post-thumbnail","6":"product_cat-eventos","7":"product_tag-bautizos-gl","8":"product_tag-eventos-infantiles-gl","10":"first","11":"onbackorder","12":"taxable","13":"shipping-taxable","14":"purchasable","15":"product-type-simple"},"_links":{"self":[{"href":"https:\/\/ruralourbano.com\/gl\/wp-json\/wp\/v2\/product\/7737","targetHints":{"allow":["GET"]}}],"collection":[{"href":"https:\/\/ruralourbano.com\/gl\/wp-json\/wp\/v2\/product"}],"about":[{"href":"https:\/\/ruralourbano.com\/gl\/wp-json\/wp\/v2\/types\/product"}],"replies":[{"embeddable":true,"href":"https:\/\/ruralourbano.com\/gl\/wp-json\/wp\/v2\/comments?post=7737"}],"wp:featuredmedia":[{"embeddable":true,"href":"https:\/\/ruralourbano.com\/gl\/wp-json\/wp\/v2\/media\/7892"}],"wp:attachment":[{"href":"https:\/\/ruralourbano.com\/gl\/wp-json\/wp\/v2\/media?parent=7737"}],"wp:term":[{"taxonomy":"product_brand","embeddable":true,"href":"https:\/\/ruralourbano.com\/gl\/wp-json\/wp\/v2\/product_brand?post=7737"},{"taxonomy":"product_cat","embeddable":true,"href":"https:\/\/ruralourbano.com\/gl\/wp-json\/wp\/v2\/product_cat?post=7737"},{"taxonomy":"product_tag","embeddable":true,"href":"https:\/\/ruralourbano.com\/gl\/wp-json\/wp\/v2\/product_tag?post=7737"}],"curies":[{"name":"wp","href":"https:\/\/api.w.org\/{rel}","templated":true}]}}