{"id":7809,"date":"2023-04-18T00:35:22","date_gmt":"2023-04-17T22:35:22","guid":{"rendered":"https:\/\/164.92.128.162\/?post_type=product&#038;p=7809"},"modified":"2025-01-25T14:27:36","modified_gmt":"2025-01-25T13:27:36","slug":"conto-maria-pita-y-el-pirata-estefania-padulles","status":"publish","type":"product","link":"https:\/\/ruralourbano.com\/gl\/producto\/conto-maria-pita-y-el-pirata-estefania-padulles\/","title":{"rendered":"Conto MAR\u00cdA PITA Y EL PIRATA. Estefan\u00eda Padull\u00e9s"},"content":{"rendered":"<div class=\"textboxes\">\n<div class=\"col_b\">\n<div class=\"textbox\">\n<p><strong>Ficha t\u00e9cnica do conto MAR\u00cdA PITA Y EL PIRATA:<\/strong><\/p>\n<ul>\n<li class=\"textarea unknown\">Encadernaci\u00f3n r\u00fastica. (tapas duras)<\/li>\n<li>H\u00e9rcules Edici\u00f3ns<\/li>\n<li>Ano de edici\u00f3n: 2022<\/li>\n<li>X\u00e9nero: infantil e xuvenil<\/li>\n<li>P\u00e1xinas: 40<\/li>\n<li>ISBN: 978-84-18966-53-8<\/li>\n<li>Medidas: alto 30cm x ancho 22cm<\/li>\n<li>Peso: 400g<\/li>\n<\/ul>\n<p><strong>Breve biograf\u00eda da autora e ilustradora do conto MAR\u00cdA PITA Y EL PIRATA:<\/strong><\/p>\n<p>Estefan\u00eda Padull\u00e9s naceu nun pequeno pobo dos Pireneos (Catalu\u00f1a). Licenciada en Biolox\u00eda pola Universidade de Barcelona.<br \/>\nTras viaxar por distintos pa\u00edses para completar os meus estudos con animais, trasladouse a Almer\u00eda para traballar nun Centro de Recuperaci\u00f3n de Fauna Mari\u00f1a.<\/p>\n<p>Posteriormente foi Responsable do departamento de Educaci\u00f3n e axudante do departamento de Conservaci\u00f3n nun Zool\u00f3xico onde realizaba o dese\u00f1o e a ilustraci\u00f3n de campa\u00f1as para a protecci\u00f3n de especies ameazadas as\u00ed como o material educativo (libros ilustrados, carteis, p\u00f3steres).<\/p>\n<p>En paralelo \u00e1 s\u00faa formaci\u00f3n e especialidade en biolox\u00eda, a autora nunca deixou de pintar ou debuxar. Cando tivo a ocasi\u00f3n expuxo cadros e participou en varios libros de relatos curtos.<\/p>\n<p>Nos \u00faltimos anos, desde que Estefan\u00eda Padull\u00e9s trasladouse a vivir en pleno rural lucense, escribiu e ilustrou varios contos infant\u00eds todos editados por H\u00e9rcules Edicions.<\/p>\n<\/div>\n<\/div>\n<\/div>\n","protected":false},"excerpt":{"rendered":"<p>T\u00edtulo do conto: MAR\u00cdA PITA Y EL PIRATA<\/p>\n<p>Autora e ilustradora: Estefan\u00eda Padull\u00e9s<\/p>\n<p>H\u00e9rcules Edici\u00f3ns (A Coru\u00f1a)<\/p>\n<p><strong>Idioma: castel\u00e1n<\/strong><\/p>\n<p>Mar\u00eda Pita, a protagonista deste libro, segue sendo hoxe un exemplo do valor feminino hist\u00f3rico galego que defendeu a cidade da Coru\u00f1a durante o ano 1589 contra tropas inglesas. Esta aventura literaria destinada aos m\u00e1is pequenos da casa, transportar\u00e1 ao lector a unha \u00e9poca na que o mar estaba cheo de homes piratas, a\u00ednda que non todos se sa\u00edron coa s\u00faa.<\/p>\n<p>Se che interesa a versi\u00f3n galega deste libro fai click <a href=\"https:\/\/ruralourbano.com\/gl\/producto\/conto-maria-pita-e-o-pirata-estefania-padulles\/\"><strong>aqu\u00ed<\/strong><\/a>.<\/p>\n<p>Descobre o <strong>Capackzo Cu\u00e9ntame un cuento<\/strong>.<\/p>\n","protected":false},"featured_media":7814,"comment_status":"open","ping_status":"closed","template":"","meta":{"inline_featured_image":false},"product_brand":[],"product_cat":[463,158],"product_tag":[531,529],"class_list":{"0":"post-7809","1":"product","2":"type-product","3":"status-publish","4":"has-post-thumbnail","6":"product_cat-libreria-gl","7":"product_cat-lifestyle","8":"product_tag-estefania-padulles-gl","9":"product_tag-maria-pita-gl","11":"first","12":"outofstock","13":"taxable","14":"shipping-taxable","15":"purchasable","16":"product-type-simple"},"_links":{"self":[{"href":"https:\/\/ruralourbano.com\/gl\/wp-json\/wp\/v2\/product\/7809","targetHints":{"allow":["GET"]}}],"collection":[{"href":"https:\/\/ruralourbano.com\/gl\/wp-json\/wp\/v2\/product"}],"about":[{"href":"https:\/\/ruralourbano.com\/gl\/wp-json\/wp\/v2\/types\/product"}],"replies":[{"embeddable":true,"href":"https:\/\/ruralourbano.com\/gl\/wp-json\/wp\/v2\/comments?post=7809"}],"wp:featuredmedia":[{"embeddable":true,"href":"https:\/\/ruralourbano.com\/gl\/wp-json\/wp\/v2\/media\/7814"}],"wp:attachment":[{"href":"https:\/\/ruralourbano.com\/gl\/wp-json\/wp\/v2\/media?parent=7809"}],"wp:term":[{"taxonomy":"product_brand","embeddable":true,"href":"https:\/\/ruralourbano.com\/gl\/wp-json\/wp\/v2\/product_brand?post=7809"},{"taxonomy":"product_cat","embeddable":true,"href":"https:\/\/ruralourbano.com\/gl\/wp-json\/wp\/v2\/product_cat?post=7809"},{"taxonomy":"product_tag","embeddable":true,"href":"https:\/\/ruralourbano.com\/gl\/wp-json\/wp\/v2\/product_tag?post=7809"}],"curies":[{"name":"wp","href":"https:\/\/api.w.org\/{rel}","templated":true}]}}