{"id":7820,"date":"2023-04-18T12:02:41","date_gmt":"2023-04-18T10:02:41","guid":{"rendered":"https:\/\/164.92.128.162\/?post_type=product&#038;p=7820"},"modified":"2023-04-18T16:47:14","modified_gmt":"2023-04-18T14:47:14","slug":"libro-7-hierbas-magicas-rosalia-bermudez-santos","status":"publish","type":"product","link":"https:\/\/ruralourbano.com\/gl\/producto\/libro-7-hierbas-magicas-rosalia-bermudez-santos\/","title":{"rendered":"Libro 7 HIERBAS M\u00c1GICAS. Rosal\u00eda Berm\u00fadez Santos"},"content":{"rendered":"<div class=\"textboxes\">\n<div class=\"col_b\">\n<div class=\"textbox\">\n<p><strong>Ficha t\u00e9cnica do libro 7 HIERBAS M\u00c1GICAS:<\/strong><\/p>\n<ul>\n<li class=\"textarea unknown\">Encadernaci\u00f3n r\u00fastica. (tapas duras)<\/li>\n<li>H\u00e9rcules Edici\u00f3ns<\/li>\n<li>Ano de edici\u00f3n: 2021<\/li>\n<li>P\u00e1xinas: 140<\/li>\n<li>ISBN: 9788418966163<\/li>\n<li>Medidas: alto 16.5cm x ancho 24cm<\/li>\n<li>Peso: 300g<\/li>\n<\/ul>\n<p><strong>Informaci\u00f3n extra sobre o libro 7 HIERBAS M\u00c1GICAS:<\/strong><\/p>\n<p>Este \u00e9 un libro apetecible, agradable de ver e de ler e, \u00e1 vez, moi \u00fatil. Co\u00f1ece e descobre 5 preparados moi f\u00e1ciles e trucos herbales. Se ti\u00f1as d\u00fabidas de como iniciarte no uso das plantas que te rodean para o teu coidado, este \u00e9 o libro perfecto para empezar.<\/p>\n<p>Apetecerache ir creando o teu propio balc\u00f3n ou xard\u00edn de herbas para o teu benestar e de realizar os teus propios remedios naturais, ideais para o estilo de vida actual.<\/p>\n<p>Tes nas t\u00faas mans unha obra que nace do encontro do amor de Nanda Cabaleiro polo debuxo co amor de Rosal\u00eda Berm\u00fadez Santos polas plantas medicinais. Esperamos que sexa do teu goce e proveito.<\/p>\n<\/div>\n<\/div>\n<\/div>\n","protected":false},"excerpt":{"rendered":"<p>T\u00edtulo do libro: 7 HIERBAS M\u00c1GICAS para tu salud y bienestar<\/p>\n<p>Autora: Rosal\u00eda Berm\u00fadez Santos<\/p>\n<p>Ilustradora: Nanda Cabaleiro<\/p>\n<p>H\u00e9rcules Edici\u00f3ns (A Coru\u00f1a).<\/p>\n<p><strong>Idioma: castel\u00e1n<\/strong><\/p>\n<p>Se che gusta o mundo das herbas, se gozas do estilo de vida saudable, de coidarte de maneira natural, se che preocupa o medio ambiente e a reduci\u00f3n de pl\u00e1sticos, se che encanta o DIY, ou vives nunha contorna rural ou urbana\u2026 O libro 7 Herbas m\u00e1xicas \u00e9 para ti!<\/p>\n<p>Gozar\u00e1s das historias que viran ao redor destas 7 herbas m\u00e1xicas, 7 panaceas do mundo vexetal: a melisa, a herba luisa, o romeu, o sabugueiro, o ourego, a xarxa e o aloe beira. Poder\u00e1s co\u00f1ecer as s\u00faas propiedades e usos m\u00e1is estendidos. E, sobre todo, a s\u00faa aplicaci\u00f3n sinxela na t\u00faa d\u00eda a d\u00eda.<\/p>\n","protected":false},"featured_media":7823,"comment_status":"open","ping_status":"closed","template":"","meta":{"inline_featured_image":false},"product_brand":[],"product_cat":[463,158],"product_tag":[],"class_list":{"0":"post-7820","1":"product","2":"type-product","3":"status-publish","4":"has-post-thumbnail","6":"product_cat-libreria-gl","7":"product_cat-lifestyle","9":"first","10":"instock","11":"taxable","12":"shipping-taxable","13":"purchasable","14":"product-type-simple"},"jetpack_sharing_enabled":true,"_links":{"self":[{"href":"https:\/\/ruralourbano.com\/gl\/wp-json\/wp\/v2\/product\/7820","targetHints":{"allow":["GET"]}}],"collection":[{"href":"https:\/\/ruralourbano.com\/gl\/wp-json\/wp\/v2\/product"}],"about":[{"href":"https:\/\/ruralourbano.com\/gl\/wp-json\/wp\/v2\/types\/product"}],"replies":[{"embeddable":true,"href":"https:\/\/ruralourbano.com\/gl\/wp-json\/wp\/v2\/comments?post=7820"}],"wp:featuredmedia":[{"embeddable":true,"href":"https:\/\/ruralourbano.com\/gl\/wp-json\/wp\/v2\/media\/7823"}],"wp:attachment":[{"href":"https:\/\/ruralourbano.com\/gl\/wp-json\/wp\/v2\/media?parent=7820"}],"wp:term":[{"taxonomy":"product_brand","embeddable":true,"href":"https:\/\/ruralourbano.com\/gl\/wp-json\/wp\/v2\/product_brand?post=7820"},{"taxonomy":"product_cat","embeddable":true,"href":"https:\/\/ruralourbano.com\/gl\/wp-json\/wp\/v2\/product_cat?post=7820"},{"taxonomy":"product_tag","embeddable":true,"href":"https:\/\/ruralourbano.com\/gl\/wp-json\/wp\/v2\/product_tag?post=7820"}],"curies":[{"name":"wp","href":"https:\/\/api.w.org\/{rel}","templated":true}]}}