{"id":7846,"date":"2023-04-18T16:15:19","date_gmt":"2023-04-18T14:15:20","guid":{"rendered":"https:\/\/164.92.128.162\/?post_type=product&#038;p=7846"},"modified":"2023-04-24T10:04:49","modified_gmt":"2023-04-24T08:04:49","slug":"libro-la-saga-de-las-curanderas-marisa-castro-cerceda","status":"publish","type":"product","link":"https:\/\/ruralourbano.com\/gl\/producto\/libro-la-saga-de-las-curanderas-marisa-castro-cerceda\/","title":{"rendered":"Libro LA SAGA DE LAS CURANDERAS. Marisa Castro Cerceda"},"content":{"rendered":"<div class=\"textboxes\">\n<div class=\"col_b\">\n<div class=\"textbox\">\n<p><b>Ficha t\u00e9cnica do libro LA SAGA DE LAS CURANDERAS:<\/b><\/p>\n<ul>\n<li class=\"textarea unknown\">Tapa branda<\/li>\n<li>H\u00e9rcules Edici\u00f3ns<\/li>\n<li>Ano de edici\u00f3n: 2022<\/li>\n<li>X\u00e9nero: novela<\/li>\n<li>P\u00e1xinas: 176<\/li>\n<li>ISBN: 9788418966705<\/li>\n<li>Medidas: alto 24cm x ancho 16.5cm<\/li>\n<li>Peso: 400g<\/li>\n<\/ul>\n<p><strong>Breve biograf\u00eda da autora: do libro LA SAGA DE LAS CURANDERAS:<\/strong><\/p>\n<p>(Lugo 1955), membro dunha saga de curandeiros, ata os 25 ata os 25 anos foi labradora como os seus pais. Tivo a sorte de pasar pola universidade, e deixou que esta pasase por ela.<\/p>\n<p>\u00c9 mic\u00f3loga, doutorada en ciencias biol\u00f3xicas cun traballo relacionado cos cogomelos, e durante m\u00e1is de 30 anos foi profesora na Universidade de Vigo, onde impartiu bot\u00e1nica e dirixiu case unha decena de teses doutorais. \u00c9 socia fundadora da empresa MycoGalicia Plantae, con membros do seu equipo de investigaci\u00f3n.<\/p>\n<p>A s\u00faa primeira profesi\u00f3n \u00e9 a de docente, a segundo, sen d\u00fabida, a de divulgadora cient\u00edfica.<\/p>\n<p>Marisa \u00e9 ecoloxista, amante da natureza e defensora da liberdade feminina, especialmente na figura da muller rural galega.<\/p>\n<p>\u00c9 autora de m\u00e1is dunha centena de traballos de investigaci\u00f3n e de m\u00e1is de 25 libros de divulgaci\u00f3n cient\u00edfica relacionados con cogomelos, con plantas e con \u00e1rbores. A SAGA D\u00c1S CURANDEIRAS \u00e9 a s\u00faa primeira novela.<\/p>\n<\/div>\n<\/div>\n<\/div>\n","protected":false},"excerpt":{"rendered":"<p>T\u00edtulo do libro: LA SAGA DE LAS CURANDERAS<\/p>\n<p>Autora: Marisa Castro Cerceda<\/p>\n<p>H\u00e9rcules Edici\u00f3ns (A Coru\u00f1a).<\/p>\n<p><strong>Idioma: castel\u00e1n\u00a0<\/strong><\/p>\n<p>A trav\u00e9s da vida de Rosal\u00eda Carcedo (1911-1972) faise unha viaxe durante unha parte do s\u00e9culo XX, desde Galicia, de onde era natural, pasando polo Madrid da Rep\u00fablica e da Guerra Civil, ata a aldea de orixe na que volveu vivir durante a Ditadura e na que continuou exercendo a s\u00faa profesi\u00f3n, curandeira, a pesar da incomprensi\u00f3n que a rodeaba e a incredulidade de persoas con ignorancia invencible, que non entend\u00edan ou non quer\u00edan saber.<\/p>\n<p>Esta biograf\u00eda ficticia dunha curandeira galega permite co\u00f1ecer a relaci\u00f3n daquelas persoas coa poboaci\u00f3n e coas autoridades civ\u00eds e relixiosas. Ademais, axuda a aproximarse ao uso das herbas e dos cogomelos, tanto con fins curativos como m\u00e1xicos, nese mundo cr\u00edptico e infravalorado das meigas galegas.<\/p>\n<p>Se che interesa a versi\u00f3n galega deste libro fai click <a href=\"https:\/\/ruralourbano.com\/gl\/producto\/libro-a-saga-das-curandeiras-marisa-castro-cerdeda\/\"><strong>aqu\u00ed<\/strong><\/a>.<\/p>\n<p>Saborea a t\u00faa lectura cos deliciosos <a href=\"https:\/\/ruralourbano.com\/gl\/producto\/alouminos-xianas-160g\/\"><strong>Aloumi\u00f1os<\/strong><\/a> de Xianas<\/p>\n","protected":false},"featured_media":7849,"comment_status":"open","ping_status":"closed","template":"","meta":{"inline_featured_image":false},"product_brand":[],"product_cat":[463,158],"product_tag":[],"class_list":{"0":"post-7846","1":"product","2":"type-product","3":"status-publish","4":"has-post-thumbnail","6":"product_cat-libreria-gl","7":"product_cat-lifestyle","9":"first","10":"outofstock","11":"taxable","12":"shipping-taxable","13":"purchasable","14":"product-type-simple"},"_links":{"self":[{"href":"https:\/\/ruralourbano.com\/gl\/wp-json\/wp\/v2\/product\/7846","targetHints":{"allow":["GET"]}}],"collection":[{"href":"https:\/\/ruralourbano.com\/gl\/wp-json\/wp\/v2\/product"}],"about":[{"href":"https:\/\/ruralourbano.com\/gl\/wp-json\/wp\/v2\/types\/product"}],"replies":[{"embeddable":true,"href":"https:\/\/ruralourbano.com\/gl\/wp-json\/wp\/v2\/comments?post=7846"}],"wp:featuredmedia":[{"embeddable":true,"href":"https:\/\/ruralourbano.com\/gl\/wp-json\/wp\/v2\/media\/7849"}],"wp:attachment":[{"href":"https:\/\/ruralourbano.com\/gl\/wp-json\/wp\/v2\/media?parent=7846"}],"wp:term":[{"taxonomy":"product_brand","embeddable":true,"href":"https:\/\/ruralourbano.com\/gl\/wp-json\/wp\/v2\/product_brand?post=7846"},{"taxonomy":"product_cat","embeddable":true,"href":"https:\/\/ruralourbano.com\/gl\/wp-json\/wp\/v2\/product_cat?post=7846"},{"taxonomy":"product_tag","embeddable":true,"href":"https:\/\/ruralourbano.com\/gl\/wp-json\/wp\/v2\/product_tag?post=7846"}],"curies":[{"name":"wp","href":"https:\/\/api.w.org\/{rel}","templated":true}]}}