{"id":7857,"date":"2023-04-18T20:40:38","date_gmt":"2023-04-18T18:40:38","guid":{"rendered":"https:\/\/164.92.128.162\/?post_type=product&#038;p=7857"},"modified":"2026-01-29T22:08:12","modified_gmt":"2026-01-29T21:08:12","slug":"alouminos-xianas","status":"publish","type":"product","link":"https:\/\/ruralourbano.com\/gl\/producto\/alouminos-xianas\/","title":{"rendered":"Aloumi\u00f1os Xianas"},"content":{"rendered":"<p><strong>Descrici\u00f3n:<\/strong><\/p>\n<ul>\n<li><strong>Aloumi\u00f1os Xianas<\/strong>\u00a0est\u00e1n elaborados por <a href=\"https:\/\/ruralourbano.com\/gl\/productores\/doce\/xianas\/\"><strong>Xianas<\/strong><\/a> en Taboada (Concello de Taboda, <strong>Lugo<\/strong>).<\/li>\n<li>Bolicos de noces e arandos deshidratados suavemente caramelizados.<\/li>\n<li><strong>Doce snack gourmet <\/strong>para gozar e degustar en calquera momento do d\u00eda.<\/li>\n<li>Sen adici\u00f3n de ning\u00fan tipo de conservante, espesante nin colorante.<\/li>\n<li>Peso neto 130g.<\/li>\n<li><strong>Xianas pos\u00fae o selo de Artesan\u00eda alimentaria de Galicia.<\/strong><\/li>\n<\/ul>\n<p><strong>Ingredentes:<br \/>\n<\/strong><\/p>\n<ul>\n<li><strong>NOCES<\/strong>, azucre integral de cana, arandos (azucre de cana e aceite de xirasol), <strong>OVOS<\/strong> de gali\u00f1as non engaioladas.\n<ul>\n<li>Importante: poden conter trazas de <strong>LEITE<\/strong> e outros <strong>FROITOS SECOS<\/strong>.<\/li>\n<\/ul>\n<\/li>\n<\/ul>\n<div class=\"textboxes\">\n<div class=\"col_b\">\n<div class=\"textbox\">\n<div id=\"contenedor\" class=\"textarea unknown\"><strong>Informaci\u00f3n nutricional: <\/strong><\/div>\n<ul>\n<li class=\"textarea unknown\">Valores medios por 100g:\n<ul>\n<li class=\"textarea unknown\">Valor enerx\u00e9tico 1960KJ\/467 Kcal<\/li>\n<li class=\"textarea unknown\">Graxas 18,9g<\/li>\n<\/ul>\n<\/li>\n<li>Das cales:\n<ul>\n<li>\u00c1cidos graxos saturados 3,62g<\/li>\n<li>Hidratos de carbono 53,2g<\/li>\n<\/ul>\n<\/li>\n<li>Dos cales:\n<ul>\n<li>Azucres 18,5g<\/li>\n<li>Proteinas &lt; 21,0g<\/li>\n<li>Sae 0,46g<\/li>\n<\/ul>\n<\/li>\n<\/ul>\n<\/div>\n<\/div>\n<\/div>\n<p><strong>Suxesti\u00f3ns de combinaci\u00f3n:<\/strong><\/p>\n<ul>\n<li><a href=\"https:\/\/ruralourbano.com\/gl\/producto\/galletas-xianas-orixinais\/\"><strong>Galletas Xianas Orixinais<\/strong><\/a><\/li>\n<li><a href=\"https:\/\/ruralourbano.com\/gl\/producto\/pedras-de-chocolate-artesas-doces-da-ulloa-150g\/\"><strong>Pedras de chocolate artesanais Doces da Ulloa 150g<\/strong><\/a><\/li>\n<li><a href=\"https:\/\/ruralourbano.com\/gl\/producto\/chocolate-negro-con-almendras-doces-da-ulloa-280g\/\"><strong>Tableta de chocolate negro con am\u00e9ndoas Doces da Ulloa 280g<\/strong><\/a><\/li>\n<\/ul>\n<p>Recomendaci\u00f3n:<\/p>\n<ul>\n<li>Almacenar nun lugar fresco e seco.<\/li>\n<\/ul>\n","protected":false},"excerpt":{"rendered":"<p>Os populares<strong> Aloumi\u00f1os<\/strong> son un doce <strong>produto gourmet<\/strong> de <strong>Lugo<\/strong> elaborado artesanalmente por <a href=\"https:\/\/ruralourbano.com\/gl\/productores\/doce\/xianas\/\"><strong>Xianas<\/strong><\/a> en Taboada (Concello de Taboada, <strong>Lugo<\/strong>).<\/p>\n<p>Os deliciosos <strong>Aloumi\u00f1os<\/strong> son un <strong>snack doce<\/strong> e natural elaborado de forma artesanal con noces e arandos deshidratados suavemente caramelizados e envasados nun elegante <strong>tarro de cristal reutilizable<\/strong>.<\/p>\n<p>Doces bocados <strong>gourmet<\/strong> que combinan o suave crujiente da noz co toque afrutado do arando para ofrecer unha <strong>experiencia gastron\u00f3mica<\/strong> exquisita e equilibrada.<\/p>\n<p><strong><a href=\"https:\/\/ruralourbano.com\/gl\/productores\/doce\/xianas\/\">Xianas<\/a> pos\u00fae o selo de Artesan\u00eda alimentaria de Galicia.<\/strong><\/p>\n<p><strong>Produto gastron\u00f3mico gourmet de Lugo.<\/strong><\/p>\n<p>Suxer\u00edmosche botar unha ollada ao <a href=\"https:\/\/ruralourbano.com\/gl\/producto\/capackzo-xianas-gourmet\/\"><strong>Capackzo Xianas Gourmet<\/strong><\/a>.<\/p>\n<p><strong>Env\u00edos s\u00f3 a pen\u00ednsula | Compra produto gourmet galego seleccionado e lifestyle exlcusivo<\/strong><\/p>\n","protected":false},"featured_media":11259,"comment_status":"open","ping_status":"closed","template":"","meta":{"inline_featured_image":false},"product_brand":[],"product_cat":[160,442],"product_tag":[566,791,632,773,1105,429],"class_list":{"0":"post-7857","1":"product","2":"type-product","3":"status-publish","4":"has-post-thumbnail","6":"product_cat-doce","7":"product_cat-top-ventas","8":"product_tag-artesania-alimentaria-de-galicia-gl","9":"product_tag-experiencia-gastronomica-gl","10":"product_tag-gourmet-gl","11":"product_tag-lugo-gl","12":"product_tag-producto-gourmet-gallego-gl","13":"product_tag-xianas-gl","15":"first","16":"instock","17":"taxable","18":"shipping-taxable","19":"purchasable","20":"product-type-simple"},"_links":{"self":[{"href":"https:\/\/ruralourbano.com\/gl\/wp-json\/wp\/v2\/product\/7857","targetHints":{"allow":["GET"]}}],"collection":[{"href":"https:\/\/ruralourbano.com\/gl\/wp-json\/wp\/v2\/product"}],"about":[{"href":"https:\/\/ruralourbano.com\/gl\/wp-json\/wp\/v2\/types\/product"}],"replies":[{"embeddable":true,"href":"https:\/\/ruralourbano.com\/gl\/wp-json\/wp\/v2\/comments?post=7857"}],"wp:featuredmedia":[{"embeddable":true,"href":"https:\/\/ruralourbano.com\/gl\/wp-json\/wp\/v2\/media\/11259"}],"wp:attachment":[{"href":"https:\/\/ruralourbano.com\/gl\/wp-json\/wp\/v2\/media?parent=7857"}],"wp:term":[{"taxonomy":"product_brand","embeddable":true,"href":"https:\/\/ruralourbano.com\/gl\/wp-json\/wp\/v2\/product_brand?post=7857"},{"taxonomy":"product_cat","embeddable":true,"href":"https:\/\/ruralourbano.com\/gl\/wp-json\/wp\/v2\/product_cat?post=7857"},{"taxonomy":"product_tag","embeddable":true,"href":"https:\/\/ruralourbano.com\/gl\/wp-json\/wp\/v2\/product_tag?post=7857"}],"curies":[{"name":"wp","href":"https:\/\/api.w.org\/{rel}","templated":true}]}}