{"id":7882,"date":"2023-04-21T16:59:04","date_gmt":"2023-04-21T14:59:04","guid":{"rendered":"https:\/\/164.92.128.162\/?post_type=product&#038;p=7882"},"modified":"2025-03-12T00:11:51","modified_gmt":"2025-03-11T23:11:51","slug":"piedras-de-chocolate-artesanas-doces-da-ulloa-300g","status":"publish","type":"product","link":"https:\/\/ruralourbano.com\/gl\/producto\/piedras-de-chocolate-artesanas-doces-da-ulloa-300g\/","title":{"rendered":"Piedras de chocolate artesanas Doces da Ulloa 300g"},"content":{"rendered":"<p><strong>Descrici\u00f3n:<\/strong><\/p>\n<ul>\n<li>As <strong>Piedras de chocolate artesanas Doces da Ulloa 300g<\/strong> est\u00e1n elaboradas por <strong>Doces da Ulloa<\/strong>.<\/li>\n<li>Peso neto 300g.<\/li>\n<li>Produto sen glute.<\/li>\n<li>Produto envasado en bolsa de pl\u00e1stico transparente para confiter\u00eda.<\/li>\n<\/ul>\n<p><strong>Ingredientes:<\/strong><\/p>\n<p>*Bomb\u00f3n chocolate laranxa e am\u00e9ndoas: azucre, manteiga de cacao 29%, <strong>LEITE<\/strong> enteiro en polvo, emulxentes: <strong>LECITINA DE SOIA<\/strong>, aromas naturais de laranxa e vainilla, colorante E-160. *Bomb\u00f3n chocolate de fresa e am\u00e9ndoas: azucre, manteiga de cacao 30%, <strong>LEITE<\/strong> enteiro en polvo, emulxentes: <strong>LECITINA DE SOIA<\/strong>, aromas naturais de fresa e vainilla, colorante E-120. *Bomb\u00f3n chocolate de lim\u00f3n e am\u00e9ndoas: azucre, manteiga de cacao 27,5%, <strong>LEITE<\/strong> enteiro en polvo, emulxentes: <strong>LECITINA DE SOIA<\/strong>, aromas naturais de lim\u00f3n e vainilla, colorante E-32 e E-100. *Bomb\u00f3n chocolate negro e am\u00e9ndoas: azucre, pasta de cacao, manteiga de cacao, cacao desgrasado en polvo, emulxentes: <strong>LECITINA DE GIRASOL<\/strong> (E-476) e aroma. *Bomb\u00f3n chocolate branco e am\u00e9ndoas: azucre, manteiga de cacao 29,8%, <strong>LEITE<\/strong> enteiro en polvo, emulxentes: <strong>LECITINA DE SOIA<\/strong> e aroma natural de vainilla. *Bomb\u00f3n chocolate leite e am\u00e9ndoas: azucre, <strong>LEITE<\/strong> enteiro en polvo, manteiga de cacao, pasta de cacao, emulxentes: <strong>LECITINA DE SOIA<\/strong> e aroma natural de vainilla.<\/p>\n<p><strong>Suxesti\u00f3ns de combinaci\u00f3n:<\/strong><\/p>\n<ul>\n<li><a href=\"https:\/\/ruralourbano.com\/gl\/producto\/galletas-xianas-originales\/\"><strong>Galletas Xianas Originales<\/strong><\/a><\/li>\n<li><a href=\"https:\/\/ruralourbano.com\/gl\/producto\/galletas-xianas-de-cafe\/\"><strong>Galletas Xianas Caf\u00e9<\/strong><\/a><\/li>\n<li><a href=\"https:\/\/ruralourbano.com\/gl\/producto\/alouminos-xianas\/\"><strong>Xianas Aloumi\u00f1os<\/strong><\/a><\/li>\n<\/ul>\n<p><strong>Informaci\u00f3n extra:<\/strong><\/p>\n<ul>\n<li>Manter os <strong>bombones<\/strong> nun lugar fresco e seco sen luz solar directa.<\/li>\n<\/ul>\n","protected":false},"excerpt":{"rendered":"<p>As <strong>Piedras de chocolate artesanas Doces da Ulloa 300g<\/strong> son un <strong>produto gourmet<\/strong> elaborado artesanalmente por <a href=\"https:\/\/ruralourbano.com\/gl\/productores\/doce\/doces-da-ulloa\/\"><strong>Doces da Ulloa<\/strong><\/a> no pobo de Monterroso (Concello de Monterroso, <strong>Lugo<\/strong>).<\/p>\n<p>As<strong> Piedras de Chocolate artesanas 300g Doces da Ulloa<\/strong>\u00a0son un capricho irresistible que combina a mellor selecci\u00f3n de cacao coa textura crujiente da am\u00e9ndoa que te sorprender\u00e1 en cada bocado.<\/p>\n<p><strong>5 sabores:<\/strong> chocolate con leite con am\u00e9ndoas, chocolate negro con am\u00e9ndoas, chocolate branco con am\u00e9ndoas, chocolate e laranxa con am\u00e9ndoas e chocolate e amorodo con am\u00e9ndoas.<\/p>\n<p>Elaboradas con ingredientes de primeira calidade, para os amantes do chocolate m\u00e1is esixentes. G\u00f3zaas a soas ou xunto aos que m\u00e1is aprecias nunha divertida sobremesa.<\/p>\n<p>As<strong> Piedras de chocolate negro artesanas Doces da Ulloa 150g<\/strong>\u00a0son os bombons m\u00e1is t\u00edpicos de Galicia, tam\u00e9n co\u00f1ecidos como \u201c<strong>Pedras de Santiago<\/strong>\u201d.<\/p>\n<p><strong>Produto sen glute.<\/strong><\/p>\n<p><strong>Peso neto 150g.<\/strong><\/p>\n<p><strong>Produto gastron\u00f3mico gourmet de Lugo.<\/strong><\/p>\n<p>Descubre el\u00a0<a href=\"https:\/\/ruralourbano.com\/gl\/producto\/capackzo-chocolate-gourmet\/\"><strong>Capackzo Chocolate Gourmet<\/strong><\/a>.<\/p>\n<p><strong>Env\u00edos s\u00f3 a pen\u00ednsula | Compra produto gourmet galego seleccionado e lifestyle exclusivo<\/strong><\/p>\n","protected":false},"featured_media":7887,"comment_status":"open","ping_status":"closed","template":"","meta":{"inline_featured_image":false},"product_brand":[],"product_cat":[160],"product_tag":[632,773,618],"class_list":{"0":"post-7882","1":"product","2":"type-product","3":"status-publish","4":"has-post-thumbnail","6":"product_cat-doce","7":"product_tag-gourmet-gl","8":"product_tag-lugo-gl","9":"product_tag-monterroso-gl","11":"first","12":"instock","13":"featured","14":"taxable","15":"shipping-taxable","16":"purchasable","17":"product-type-simple"},"_links":{"self":[{"href":"https:\/\/ruralourbano.com\/gl\/wp-json\/wp\/v2\/product\/7882","targetHints":{"allow":["GET"]}}],"collection":[{"href":"https:\/\/ruralourbano.com\/gl\/wp-json\/wp\/v2\/product"}],"about":[{"href":"https:\/\/ruralourbano.com\/gl\/wp-json\/wp\/v2\/types\/product"}],"replies":[{"embeddable":true,"href":"https:\/\/ruralourbano.com\/gl\/wp-json\/wp\/v2\/comments?post=7882"}],"wp:featuredmedia":[{"embeddable":true,"href":"https:\/\/ruralourbano.com\/gl\/wp-json\/wp\/v2\/media\/7887"}],"wp:attachment":[{"href":"https:\/\/ruralourbano.com\/gl\/wp-json\/wp\/v2\/media?parent=7882"}],"wp:term":[{"taxonomy":"product_brand","embeddable":true,"href":"https:\/\/ruralourbano.com\/gl\/wp-json\/wp\/v2\/product_brand?post=7882"},{"taxonomy":"product_cat","embeddable":true,"href":"https:\/\/ruralourbano.com\/gl\/wp-json\/wp\/v2\/product_cat?post=7882"},{"taxonomy":"product_tag","embeddable":true,"href":"https:\/\/ruralourbano.com\/gl\/wp-json\/wp\/v2\/product_tag?post=7882"}],"curies":[{"name":"wp","href":"https:\/\/api.w.org\/{rel}","templated":true}]}}