{"id":7997,"date":"2023-05-08T20:41:13","date_gmt":"2023-05-08T18:41:13","guid":{"rendered":"https:\/\/164.92.128.162\/?post_type=product&#038;p=7997"},"modified":"2024-05-30T18:24:41","modified_gmt":"2024-05-30T16:24:41","slug":"capackzo-pausa-neboa-gourmet","status":"publish","type":"product","link":"https:\/\/ruralourbano.com\/gl\/producto\/capackzo-pausa-neboa-gourmet\/","title":{"rendered":"Capackzo Pausa N\u00e9boa Gourmet"},"content":{"rendered":"<div><strong>Descrici\u00f3n:<\/strong><\/div>\n<div><\/div>\n<div>O\u00a0<strong>Capackzo Pausa N\u00e9boa Gourmet<\/strong>\u00a0\u00e9 un pack de produto gourmet envasado nun capazo de palma formado por:<\/div>\n<ul>\n<li><a href=\"https:\/\/ruralourbano.com\/gl\/producto\/queixo-mini-neboa-350g-ganderia-quintian\/\"><strong>1 Queixo Mini N\u00e9boa 350g Gander\u00eda Quinti\u00e1n<\/strong><\/a>\u00a0premiado con Medalla de Plata en los\u00a0<strong>World Cheese Awards 2023<\/strong>.<\/li>\n<li><a href=\"https:\/\/ruralourbano.com\/gl\/producto\/vermouth-clasico-el-riba\/\"><strong>1 Vermouth Cl\u00e1sico El Riba 75cl<\/strong><\/a><\/li>\n<li><a href=\"https:\/\/ruralourbano.com\/producto\/patatotas-44g-bolsa-mini\/\"><strong>1 Patatotas 44g bolsa mini<\/strong><\/a><\/li>\n<li><a href=\"https:\/\/ruralourbano.com\/gl\/producto\/marmelada-extra-de-arandos-100-natural-dosouto-220g\/\"><strong>1 Marmelada artesana de ar\u00e1ndanos 220g DoSouto<\/strong><\/a><\/li>\n<li><a href=\"https:\/\/ruralourbano.com\/gl\/producto\/capazo-de-palma-conico\/\"><strong>1 Capazo de palma c\u00f3nico<\/strong><\/a><\/li>\n<\/ul>\n<div><strong>Recomendaci\u00f3n para degustaci\u00f3n:<\/strong><\/div>\n<ul>\n<li>Antes da s\u00faa degustaci\u00f3n, deixar que os queixos adquiran o seu mellor estado e textura mant\u00e9ndoos a temperatura ambiente durante m\u00ednimo unha media hora.<\/li>\n<\/ul>\n","protected":false},"excerpt":{"rendered":"<p>O<strong> Capackzo Pausa N\u00e9boa Gourmet<\/strong> \u00e9 un <strong>pack gourmet<\/strong> de <strong>Lugo<\/strong>.<\/p>\n<p>O <strong>Capackzo Pausa N\u00e9boa Gourmet<\/strong> \u00e9 unha combinaci\u00f3n de produto gastron\u00f3mico perfecto para un <strong>\u00abvermuteo\u00bb<\/strong> salgado e doce a partes iguais.<\/p>\n<p>Propo\u00f1\u00e9mosche un orixinal <strong>\u00abvermuteo\u00bb<\/strong> co que vas poder degustar unha deliciosa <strong>experiencia gastron\u00f3mica<\/strong> en parella ou con amigos.<\/p>\n<p>O <strong>Capackzo Pausa N\u00e9boa Gourmet<\/strong> \u00e9 unha proposta gastron\u00f3mica moi orixinal se est\u00e1s a realizar o <strong>Cami\u00f1o de Santiago Franc\u00e9s<\/strong> dende <strong>Sarria<\/strong> a <strong>Portomar\u00edn<\/strong> posto que se nos\/nolo encargas entregar\u00e9moscho en man en calquera localizaci\u00f3n desta etapa para que mesmo o poidas gozar a modo de <strong>picnic<\/strong>.<\/p>\n<p>Co <strong>Capackzo Pausa N\u00e9boa Gourmet<\/strong> vas recibir:<\/p>\n<ul>\n<li><a href=\"https:\/\/ruralourbano.com\/gl\/producto\/queixo-mini-neboa-350g-ganderia-quintian\/\"><strong>1 Queixo Mini N\u00e9boa 350g Gander\u00eda Quinti\u00e1n<\/strong><\/a>\u00a0premiado con Medalla de Plata en los\u00a0<strong>World Cheese Awards 2023<\/strong>.<\/li>\n<li><a href=\"https:\/\/ruralourbano.com\/gl\/producto\/vermouth-clasico-el-riba\/\"><strong>1 Vermouth Cl\u00e1sico El Riba 75cl<\/strong><\/a><\/li>\n<li><a href=\"https:\/\/ruralourbano.com\/producto\/patatotas-44g-bolsa-mini\/\"><strong>1 Patatotas 44g bolsa mini<\/strong><\/a><\/li>\n<li><a href=\"https:\/\/ruralourbano.com\/gl\/producto\/mermelada-extra-de-arandanos-gallegos-220g\/\"><strong>1 Marmelada artesana de ar\u00e1ndanos 220g DoSouto<\/strong><\/a><\/li>\n<li><a href=\"https:\/\/ruralourbano.com\/gl\/producto\/capazo-de-palma-conico\/\"><strong>1 Capazo de palma c\u00f3nico<\/strong><\/a><\/li>\n<\/ul>\n<div class=\"product-short-description\">\n<p>Os nosos\u00a0<a href=\"https:\/\/ruralourbano.com\/cat\/capackzos-rural-o-urbano\/\"><strong>Capackzos Rural o Urbano<\/strong><\/a> son a opci\u00f3n ideal se desexas realizar un agasallo de agradecemento ou ben obsequiar cun pequeno presente a algu\u00e9n que aprecias dun modo orixinal e exclusivo.<\/p>\n<\/div>\n","protected":false},"featured_media":8000,"comment_status":"open","ping_status":"closed","template":"","meta":{"inline_featured_image":false},"product_brand":[],"product_cat":[168,201],"product_tag":[1071,525,791,632,773,820,1039,1038,821],"class_list":{"0":"post-7997","1":"product","2":"type-product","3":"status-publish","4":"has-post-thumbnail","6":"product_cat-capackzos-rural-o-urbano","7":"product_cat-tentempies","8":"product_tag-camino-de-santiago-gl","9":"product_tag-capackzos-rural-o-urbano-gl","10":"product_tag-experiencia-gastronomica-gl","11":"product_tag-gourmet-gl","12":"product_tag-lugo-gl","13":"product_tag-picnic-gl","14":"product_tag-portomarin-gl","15":"product_tag-sarria-gl","16":"product_tag-world-cheese-awards-2023-gl","18":"first","19":"outofstock","20":"taxable","21":"shipping-taxable","22":"purchasable","23":"product-type-simple"},"_links":{"self":[{"href":"https:\/\/ruralourbano.com\/gl\/wp-json\/wp\/v2\/product\/7997","targetHints":{"allow":["GET"]}}],"collection":[{"href":"https:\/\/ruralourbano.com\/gl\/wp-json\/wp\/v2\/product"}],"about":[{"href":"https:\/\/ruralourbano.com\/gl\/wp-json\/wp\/v2\/types\/product"}],"replies":[{"embeddable":true,"href":"https:\/\/ruralourbano.com\/gl\/wp-json\/wp\/v2\/comments?post=7997"}],"wp:featuredmedia":[{"embeddable":true,"href":"https:\/\/ruralourbano.com\/gl\/wp-json\/wp\/v2\/media\/8000"}],"wp:attachment":[{"href":"https:\/\/ruralourbano.com\/gl\/wp-json\/wp\/v2\/media?parent=7997"}],"wp:term":[{"taxonomy":"product_brand","embeddable":true,"href":"https:\/\/ruralourbano.com\/gl\/wp-json\/wp\/v2\/product_brand?post=7997"},{"taxonomy":"product_cat","embeddable":true,"href":"https:\/\/ruralourbano.com\/gl\/wp-json\/wp\/v2\/product_cat?post=7997"},{"taxonomy":"product_tag","embeddable":true,"href":"https:\/\/ruralourbano.com\/gl\/wp-json\/wp\/v2\/product_tag?post=7997"}],"curies":[{"name":"wp","href":"https:\/\/api.w.org\/{rel}","templated":true}]}}