{"id":8047,"date":"2023-05-09T11:53:15","date_gmt":"2023-05-09T09:53:15","guid":{"rendered":"https:\/\/164.92.128.162\/?post_type=product&#038;p=8047"},"modified":"2024-09-12T18:51:28","modified_gmt":"2024-09-12T16:51:28","slug":"correa-colga-chaves-by-meteora-handmade-para-rural-o-urbano","status":"publish","type":"product","link":"https:\/\/ruralourbano.com\/gl\/producto\/correa-colga-chaves-by-meteora-handmade-para-rural-o-urbano\/","title":{"rendered":"Correa colga chaves by Meteora Handmade para Rural o Urbano"},"content":{"rendered":"<div class=\"textboxes\">\n<div class=\"col_b\">\n<div class=\"textbox\">\n<p><strong>Descrici\u00f3n:<\/strong><\/p>\n<ul>\n<li class=\"textarea unknown\"><strong>Correa colga chaves by <a href=\"https:\/\/meteorahandmade.com\/\" target=\"_blank\" rel=\"noopener\">Meteora Handmade<\/a> para Rural o Urbano<\/strong> de tea con estampado vichy e peche met\u00e1lico ideal para chaveiros, chaves, tarxetas de identificaci\u00f3n ou soporte USB.<\/li>\n<li class=\"textarea unknown\">Correa colga chaves rematada con etiqueta de algod\u00f3n 100% org\u00e1nico con logo da marca Meteora Handmade.<\/li>\n<\/ul>\n<p><strong>Composici\u00f3n: <\/strong><\/p>\n<ul>\n<li>Tea <strong>vichy<\/strong> en cor verde oliva de<strong> algod\u00f3n 100% org\u00e1nico.<\/strong><\/li>\n<li>Tea<strong> vichy<\/strong> en cor verde bosque de<strong> algod\u00f3n 100% org\u00e1nico.<\/strong><\/li>\n<li>Peche met\u00e1lico de f\u00e1cil apertura.<\/li>\n<\/ul>\n<p><strong>Medidas: <\/strong><\/p>\n<ul>\n<li>Longo 45cm x ancho 1,5cm.<\/li>\n<\/ul>\n<p><strong>Consellos de lavado: <\/strong><\/p>\n<ul>\n<li>Lavara man con auga fr\u00eda.<\/li>\n<li>Non mesturar con pezas de cor durante o lavado.<\/li>\n<\/ul>\n<\/div>\n<\/div>\n<\/div>\n","protected":false},"excerpt":{"rendered":"<p>Aporta orixinalidade ao teu d\u00eda a d\u00eda coa <strong>Correa colga chaves by <a href=\"https:\/\/meteorahandmade.com\/\">Meteora Handmade<\/a> para Rural o Urbano.<\/strong><\/p>\n<p><strong>Correa colga chaves<\/strong> cosida \u00e9 confeccionada a man en<strong> tea vichy de algod\u00f3n 100% org\u00e1nico de alta calidade.<\/strong><\/p>\n<p><strong>Correa colga chaves<\/strong> con peche met\u00e1lico de f\u00e1cil apertura ideal para chaveiros, chaves, tarxetas de identificaci\u00f3n ou soporte USB.<\/p>\n<p>Cores verdes oliva e bosque.<\/p>\n<p>Medidas: longo 45cm x ancho 1,5cm.<\/p>\n<p>O estilo, a filosof\u00eda e o \u201csavoir faire\u201d de <strong><a href=\"https:\/\/meteorahandmade.com\/\">Meteora Handmade<\/a> <\/strong>encaixan \u00e1 perfecci\u00f3n co car\u00e1cter e o lifestyle campestre de vangarda de<strong> Rural o Urbano.<\/strong><\/p>\n<p><a href=\"https:\/\/meteorahandmade.com\/\"><strong>Meteora Handmade<\/strong><\/a>\u00a0\u00e9 unha marca lucense de\u00a0<strong>costura creativa<\/strong>\u00a0que nace en 2022 en\u00a0<strong>Lugo<\/strong>.<\/p>\n<p>Bota unha ollada ao resto do noso <a href=\"https:\/\/ruralourbano.com\/gl\/cat\/lifestyle\/\"><strong>Rural o Urbano lifestyle<\/strong><\/a>.<\/p>\n","protected":false},"featured_media":8053,"comment_status":"open","ping_status":"closed","template":"","meta":{"inline_featured_image":false},"product_brand":[],"product_cat":[158],"product_tag":[616,773,614],"class_list":{"0":"post-8047","1":"product","2":"type-product","3":"status-publish","4":"has-post-thumbnail","6":"product_cat-lifestyle","7":"product_tag-costura-creativa-gl","8":"product_tag-lugo-gl","9":"product_tag-meteora-handmade-gl","11":"first","12":"instock","13":"taxable","14":"shipping-taxable","15":"purchasable","16":"product-type-simple"},"_links":{"self":[{"href":"https:\/\/ruralourbano.com\/gl\/wp-json\/wp\/v2\/product\/8047","targetHints":{"allow":["GET"]}}],"collection":[{"href":"https:\/\/ruralourbano.com\/gl\/wp-json\/wp\/v2\/product"}],"about":[{"href":"https:\/\/ruralourbano.com\/gl\/wp-json\/wp\/v2\/types\/product"}],"replies":[{"embeddable":true,"href":"https:\/\/ruralourbano.com\/gl\/wp-json\/wp\/v2\/comments?post=8047"}],"wp:featuredmedia":[{"embeddable":true,"href":"https:\/\/ruralourbano.com\/gl\/wp-json\/wp\/v2\/media\/8053"}],"wp:attachment":[{"href":"https:\/\/ruralourbano.com\/gl\/wp-json\/wp\/v2\/media?parent=8047"}],"wp:term":[{"taxonomy":"product_brand","embeddable":true,"href":"https:\/\/ruralourbano.com\/gl\/wp-json\/wp\/v2\/product_brand?post=8047"},{"taxonomy":"product_cat","embeddable":true,"href":"https:\/\/ruralourbano.com\/gl\/wp-json\/wp\/v2\/product_cat?post=8047"},{"taxonomy":"product_tag","embeddable":true,"href":"https:\/\/ruralourbano.com\/gl\/wp-json\/wp\/v2\/product_tag?post=8047"}],"curies":[{"name":"wp","href":"https:\/\/api.w.org\/{rel}","templated":true}]}}