{"id":8159,"date":"2023-05-19T17:09:34","date_gmt":"2023-05-19T15:09:34","guid":{"rendered":"https:\/\/164.92.128.162\/?post_type=product&#038;p=8159"},"modified":"2023-06-28T18:40:30","modified_gmt":"2023-06-28T16:40:30","slug":"bolsa-15-candeas-de-te-de-cera-de-abella-100-pura-dabella","status":"publish","type":"product","link":"https:\/\/ruralourbano.com\/gl\/producto\/bolsa-15-candeas-de-te-de-cera-de-abella-100-pura-dabella\/","title":{"rendered":"Bolsa 15 candeas de t\u00e9 de cera de abella 100% pura D\u2019Abella"},"content":{"rendered":"<p><strong>Descrici\u00f3n:<\/strong><\/p>\n<ul>\n<li>Bolsa 15 candeas de t\u00e9 de cera de abella 100% pura D\u2019Abella feitas artesanalmente e envasadas a man en Galicia.<\/li>\n<li>Cera de abella libre de ftalatos coidadosamente obtida a partir das propias colmeas de D\u2019Abella (Guitiriz, Concello de Guitiriz, Lugo).<\/li>\n<li>Mecha de algod\u00f3n.<\/li>\n<li>Candeas de luz c\u00e1lida.<\/li>\n<li>Candeas de combusti\u00f3n limpa e sostible.<\/li>\n<li>Tipolox\u00eda: candeas de t\u00e9.<\/li>\n<\/ul>\n<p><strong>Aromas:<\/strong><\/p>\n<ul>\n<li>Delicadas e agradables notas a mel.<\/li>\n<\/ul>\n<p><strong>Duraci\u00f3n:<\/strong><\/p>\n<ul>\n<li>4 horas aproximadamente cun uso adecuado.<\/li>\n<li>Recom\u00e9ndase non queimar durante m\u00e1is de 4 horas seguidas.<\/li>\n<\/ul>\n<p><strong>Informaci\u00f3n importante:<\/strong><\/p>\n<ul>\n<li>Nunca deixes desatendida a tua candea acesa.<\/li>\n<li>Aseg\u00farache de apagar a candea cando salgues dunha habitaci\u00f3n, abandonas un espazo ou antes de irche a durmir.<\/li>\n<li>Aseg\u00farache de non colocar a candea acesa preto de cortinas, libros, roupa ou calquera obxecto inflamable.<\/li>\n<li>Aseg\u00farache de manter as candeas acesas lonxe de correntes de aire, ventiladores de teito e correntes de aire.<\/li>\n<li>Mant\u00e9n o teu vea f\u00f3ra do alcance dos nenos e mascotas.<\/li>\n<\/ul>\n","protected":false},"excerpt":{"rendered":"<div class=\"product-short-description\">\n<p>Se es amante das candeas naturais e da c\u00e1lida atmosfera que estas proporcionan, as candeas de t\u00e9 artes\u00e1s feitas con cera de abella 100% pura coidadosamente obtida a partir das propias colmeas de <strong>D&#8217;Abella<\/strong> (Guitiriz, Concello de Guitiriz, Lugo), cativarante.<\/p>\n<div>As candeas de t\u00e9 de cera de abella<strong> D\u2019Abella<\/strong> emanan delicadas e agradables notas a mel. Cada unidade pos\u00fae unha duraci\u00f3n de 4 horas aproximadamente.<\/div>\n<p><strong>Bolsa 15 candeas de t\u00e9 de cera de abella 100% pura D\u2019Abella feitas artesanalmente e envasadas a man en Galicia.<\/strong><\/p>\n<p>Velas de combusti\u00f3n limpa e sostible.<\/p>\n<p>Produto non testado en animais. Produto ecol\u00f3xico.<\/p>\n<p>En Rural o Urbano tam\u00e9n somos amantes das velas naturais, por eso suxer\u00edmosche que descubras a <a href=\"https:\/\/ruralourbano.com\/gl\/producto\/candea-de-cera-de-soia-miraki-aroma-vinedo-180ml\/\"><strong>Candea de cera de soia Miraki aroma Vi\u00f1edo 180ml<\/strong><\/a>.<\/p>\n<\/div>\n","protected":false},"featured_media":8162,"comment_status":"open","ping_status":"closed","template":"","meta":{"inline_featured_image":false},"product_brand":[],"product_cat":[158],"product_tag":[773],"class_list":{"0":"post-8159","1":"product","2":"type-product","3":"status-publish","4":"has-post-thumbnail","6":"product_cat-lifestyle","7":"product_tag-lugo-gl","9":"first","10":"instock","11":"taxable","12":"shipping-taxable","13":"purchasable","14":"product-type-simple"},"_links":{"self":[{"href":"https:\/\/ruralourbano.com\/gl\/wp-json\/wp\/v2\/product\/8159","targetHints":{"allow":["GET"]}}],"collection":[{"href":"https:\/\/ruralourbano.com\/gl\/wp-json\/wp\/v2\/product"}],"about":[{"href":"https:\/\/ruralourbano.com\/gl\/wp-json\/wp\/v2\/types\/product"}],"replies":[{"embeddable":true,"href":"https:\/\/ruralourbano.com\/gl\/wp-json\/wp\/v2\/comments?post=8159"}],"wp:featuredmedia":[{"embeddable":true,"href":"https:\/\/ruralourbano.com\/gl\/wp-json\/wp\/v2\/media\/8162"}],"wp:attachment":[{"href":"https:\/\/ruralourbano.com\/gl\/wp-json\/wp\/v2\/media?parent=8159"}],"wp:term":[{"taxonomy":"product_brand","embeddable":true,"href":"https:\/\/ruralourbano.com\/gl\/wp-json\/wp\/v2\/product_brand?post=8159"},{"taxonomy":"product_cat","embeddable":true,"href":"https:\/\/ruralourbano.com\/gl\/wp-json\/wp\/v2\/product_cat?post=8159"},{"taxonomy":"product_tag","embeddable":true,"href":"https:\/\/ruralourbano.com\/gl\/wp-json\/wp\/v2\/product_tag?post=8159"}],"curies":[{"name":"wp","href":"https:\/\/api.w.org\/{rel}","templated":true}]}}