{"id":8172,"date":"2023-05-19T19:42:36","date_gmt":"2023-05-19T17:42:36","guid":{"rendered":"https:\/\/164.92.128.162\/?post_type=product&#038;p=8172"},"modified":"2025-03-13T00:03:34","modified_gmt":"2025-03-12T23:03:34","slug":"patatotas-bolsa-mini-44g","status":"publish","type":"product","link":"https:\/\/ruralourbano.com\/gl\/producto\/patatotas-bolsa-mini-44g\/","title":{"rendered":"Patatotas bolsa mini 44g"},"content":{"rendered":"<p><strong>Descrici\u00f3n:<\/strong><\/p>\n<ul>\n<li><strong>Patatotas bolsa mini 44g<\/strong>\u00a0\u00e9 un <strong>produto gourmet<\/strong> de<strong> Lugo<\/strong> elaborado artesanalmente por <strong>Patatotas<\/strong> en Outeiro de Rei (Concello de Outeiro de Rei, <strong>Lugo<\/strong>).<\/li>\n<li>As <strong>patacas fritas Patatotas<\/strong> son naturais e deliciosamente saborosas. Non pos\u00faen conservantes nin colorantes.<\/li>\n<li>Peso neto: 44g.<\/li>\n<li>Sen glute.<\/li>\n<li>Patacas fritas feitas en Galicia.<\/li>\n<\/ul>\n<p><strong>Ingredentes:<br \/>\n<\/strong><\/p>\n<ul>\n<li>Patacas seleccionadas, aceite de xirasol e sal.<\/li>\n<\/ul>\n<div class=\"textboxes\">\n<div class=\"col_b\">\n<div class=\"textbox\">\n<div id=\"contenedor\" class=\"textarea unknown\"><strong>Informaci\u00f3n nutricional: <\/strong><\/div>\n<ul>\n<li class=\"textarea unknown\">Valores medios por 100g:\n<ul>\n<li class=\"textarea unknown\">Valor enerx\u00e9tico 2263kJ\/540,6 Kcal<\/li>\n<li class=\"textarea unknown\">Graxas\u00a0 32,4g<\/li>\n<\/ul>\n<\/li>\n<li>Das cales:\n<ul>\n<li>\u00c1cidos graxos saturados 3,6g<\/li>\n<li>Hidratos de carbono 54,3g<\/li>\n<\/ul>\n<\/li>\n<li>Dos cales:\n<ul>\n<li>Azucres 0,51g<\/li>\n<li>Proteinas 6,2g<\/li>\n<li>Sae 0,91g<\/li>\n<\/ul>\n<\/li>\n<\/ul>\n<p><strong>Suxesti\u00f3ns de combinaci\u00f3n:<\/strong><\/p>\n<ul>\n<li><a href=\"https:\/\/ruralourbano.com\/gl\/producto\/cerveza-artesana-aloumina-loura\/\"><strong>Cerveza artesana Aloumi\u00f1a Loura<\/strong><\/a><\/li>\n<li><a href=\"https:\/\/ruralourbano.com\/gl\/producto\/vermouth-clasico-el-riba\/\"><strong>Vermouth Cl\u00e1sico El Riba<\/strong><\/a><\/li>\n<li><strong><a href=\"https:\/\/ruralourbano.com\/gl\/producto\/vermouth-branco-el-riba\/\">Vermouth Blanco El Riba<\/a><\/strong><\/li>\n<\/ul>\n<p>Recomendaci\u00f3n:<\/p>\n<ul>\n<li>Almacenar a bolsa de <strong>patacas fritas Patatotas<\/strong>\u00a0nun lugar fresco e seco.<\/li>\n<li>Preservar a bolsa de <strong>patacas fritas Patatotas<\/strong>\u00a0pdos raios do sol.<\/li>\n<\/ul>\n<\/div>\n<\/div>\n<\/div>\n","protected":false},"excerpt":{"rendered":"<p><strong>Patatotas bolsa mini 44g<\/strong> \u00e9 un<strong> produto gourmet<\/strong> de <strong>Lugo<\/strong> elaborado artesanalmente por <strong>Patatotas<\/strong> en Outeiro de Rei (Concello de Outeiro de Rei, <strong>Lugo<\/strong>).<\/p>\n<p>Se es un amante do aperitivo perfecto, descobre as<strong> patacas fritas Patatotas<\/strong>, unhas patacas fritas <strong>gourmet<\/strong> elaboradas con patacas seleccionadas e fritas en aceite de xirasol para conseguir un renxido irresistible e un sabor inigualable.<\/p>\n<p>G\u00f3zaas acompa\u00f1ando unha t\u00e1boa de queixos<strong> gourmet<\/strong>, cunha cervexa ben fresca, co noso <a href=\"https:\/\/ruralourbano.com\/gl\/producto\/vermouth-clasico-el-riba-version-mini\/\"><strong>vermouth Cl\u00e1sico O Riba versi\u00f3n mini<\/strong><\/a> ou como snack premium en calquera momento do d\u00eda.<\/p>\n<p>As <strong>patacas fritas Patatotas<\/strong> son naturais, crujientes e saborosas.<\/p>\n<p><strong>Non pos\u00faen conservantes nin colorantes.<\/strong><\/p>\n<p><strong>Patacas fritas sen glute.<\/strong><\/p>\n<p><strong>Peso neto 44g.<\/strong><\/p>\n<p><b>Produto gastron\u00f3mico gourmet de Lugo.<\/b><\/p>\n<p>Descobre o noso <a href=\"https:\/\/ruralourbano.com\/gl\/producto\/capackzo-pausa-agarimo-gourmet\/\"><strong>Capackzo Pausa Agarimo Gourmet<\/strong><\/a><\/p>\n<p><strong>Env\u00edos s\u00f3 a pen\u00ednsula | Compra produto gourmet galego seleccionado e lifestyle exclusivo<\/strong><\/p>\n","protected":false},"featured_media":8177,"comment_status":"open","ping_status":"closed","template":"","meta":{"inline_featured_image":false},"product_brand":[],"product_cat":[201],"product_tag":[632,773,1105],"class_list":{"0":"post-8172","1":"product","2":"type-product","3":"status-publish","4":"has-post-thumbnail","6":"product_cat-tentempies","7":"product_tag-gourmet-gl","8":"product_tag-lugo-gl","9":"product_tag-producto-gourmet-gallego-gl","11":"first","12":"instock","13":"taxable","14":"shipping-taxable","15":"purchasable","16":"product-type-simple"},"_links":{"self":[{"href":"https:\/\/ruralourbano.com\/gl\/wp-json\/wp\/v2\/product\/8172","targetHints":{"allow":["GET"]}}],"collection":[{"href":"https:\/\/ruralourbano.com\/gl\/wp-json\/wp\/v2\/product"}],"about":[{"href":"https:\/\/ruralourbano.com\/gl\/wp-json\/wp\/v2\/types\/product"}],"replies":[{"embeddable":true,"href":"https:\/\/ruralourbano.com\/gl\/wp-json\/wp\/v2\/comments?post=8172"}],"wp:featuredmedia":[{"embeddable":true,"href":"https:\/\/ruralourbano.com\/gl\/wp-json\/wp\/v2\/media\/8177"}],"wp:attachment":[{"href":"https:\/\/ruralourbano.com\/gl\/wp-json\/wp\/v2\/media?parent=8172"}],"wp:term":[{"taxonomy":"product_brand","embeddable":true,"href":"https:\/\/ruralourbano.com\/gl\/wp-json\/wp\/v2\/product_brand?post=8172"},{"taxonomy":"product_cat","embeddable":true,"href":"https:\/\/ruralourbano.com\/gl\/wp-json\/wp\/v2\/product_cat?post=8172"},{"taxonomy":"product_tag","embeddable":true,"href":"https:\/\/ruralourbano.com\/gl\/wp-json\/wp\/v2\/product_tag?post=8172"}],"curies":[{"name":"wp","href":"https:\/\/api.w.org\/{rel}","templated":true}]}}