{"id":8180,"date":"2023-05-20T11:11:55","date_gmt":"2023-05-20T09:11:55","guid":{"rendered":"https:\/\/164.92.128.162\/?post_type=product&#038;p=8180"},"modified":"2025-02-04T20:06:44","modified_gmt":"2025-02-04T19:06:44","slug":"capackzo-pausa-agarimo-gourmet","status":"publish","type":"product","link":"https:\/\/ruralourbano.com\/gl\/producto\/capackzo-pausa-agarimo-gourmet\/","title":{"rendered":"Capackzo Pausa Agarimo Gourmet"},"content":{"rendered":"<div><strong>Descrici\u00f3n:<\/strong><\/div>\n<p>O <strong>Capackzo Pausa Agarimo Gourmet<\/strong> \u00e9 un <strong>pack gourmet<\/strong> envasado nun capazo de palma formado por:<\/p>\n<ul>\n<li><strong>1 <a href=\"https:\/\/ruralourbano.com\/gl\/producto\/vermouth-clasico-el-riba\/\">Vermouth Cl\u00e1sico El Riba 75cl<\/a><\/strong><\/li>\n<li><a href=\"https:\/\/ruralourbano.com\/gl\/producto\/patatotas-44g-bolsa-mini\/\"><strong>1 Bolsa de patatas Patatotas 44g<\/strong><\/a><\/li>\n<li><a href=\"https:\/\/ruralourbano.com\/gl\/producto\/marmelada-extra-de-arandos-100-natural-dosouto-220g\/\"><strong>1 Marmelada extra de arandos 100% DoSouto 220g<\/strong><\/a><\/li>\n<li><a href=\"https:\/\/ruralourbano.com\/gl\/producto\/queixo-agarimo-550g-ganderia-quintian\/\"><strong>1 Queixo Agarimo 550g Gander\u00eda Quinti\u00e1n<\/strong><\/a><\/li>\n<li><a href=\"https:\/\/ruralourbano.com\/gl\/producto\/capazo-de-palma\/\"><strong>1 Capazo de palma<\/strong><\/a><\/li>\n<\/ul>\n<div><strong>Recomendaci\u00f3n para a degustaci\u00f3n:<\/strong><\/div>\n<ul>\n<li>O <strong>queixo Agarimo<\/strong> \u00e9 un queixo tipolox\u00eda \u201cqueixo do pa\u00eds\u201d o cual pode manterse a temperatura ambiente pero fresca durante un m\u00e1ximo de 24h-48h. Se o queixo non vai ser consumido de inmediato unha vez recibido, recomendamos que se mante\u00f1a no frigor\u00edfico ata o seu consumo.<\/li>\n<li>Antes de a s\u00faa degustaci\u00f3n, deixar que o <strong>queixo Agarimo<\/strong> adquira o seu mellor estado e textura mant\u00e9ndoo a temperatura ambiente durante m\u00ednimo unha media hora.<\/li>\n<li>Servir o vermouth cl\u00e1sico El Riba entre 6 \u00b0C e 10 \u00b0C.<\/li>\n<\/ul>\n","protected":false},"excerpt":{"rendered":"<p>O <strong>Capackzo Pausa Agarimo Gourmet<\/strong> \u00e9 un <strong>pack gourmet<\/strong> de <strong>Lugo<\/strong>.<\/p>\n<p>O <strong>Capackzo Pausa Agarimo Gourmet<\/strong> \u00e9 unha combinaci\u00f3n de produto gastron\u00f3mico perfecto para un <strong>\u201cvermuteo\u201d<\/strong> salgado e doce a partes iguais no que o <strong><a href=\"https:\/\/ruralourbano.com\/gl\/producto\/queixo-agarimo-550g-ganderia-quintian\/\">queixo Agarimo<\/a> de <a href=\"https:\/\/ruralourbano.com\/gl\/productores\/queixos\/ganderia-quintian\/\">Gander\u00eda Quinti\u00e1n<\/a><\/strong> \u00e9 o elemento de conexi\u00f3n co resto de produtos gastron\u00f3micos que vas gozar.<\/p>\n<p>Propo\u00f1\u00e9mosche un orixinal <strong>\u201cvermuteo\u201d<\/strong> co que vas poder degustar unha deliciosa experiencia gastron\u00f3mica en parella ou con amigos.<\/p>\n<p>Goza dun pequeno tentempi\u00e9 durante un momento relaxado, despois do traballo ou durante unha beliscada previa a unha comida.<\/p>\n<p>Encarga o teu <strong>Capackzo Pausa Agarimo Gourmet<\/strong>\u00a0se est\u00e1s a realizar o\u00a0<strong>Cami\u00f1o de Santiago<\/strong>.<\/p>\n<p>O <strong>Capackzo Pausa Agarimo Gourmet <\/strong>\u00e9 unha orixinal proposta de\u00a0<strong>gastronom\u00eda do Camino de Santiago Franc\u00e9s<\/strong>. Se es peregrino entreg\u00e1moscho en man en calquera localizaci\u00f3n da etapa entre Sarria e Portomarin para que o poidas gozar a modo de\u00a0<strong>picnic<\/strong>.<\/p>\n<p>Co <strong>Capackzo Pausa Agarimo Gourmet<\/strong> vas recibir:<\/p>\n<ul>\n<li><strong>1 <a href=\"https:\/\/ruralourbano.com\/gl\/producto\/vermouth-clasico-el-riba\/\">Vermouth Cl\u00e1sico El Riba 75cl<\/a><\/strong><\/li>\n<li><a href=\"https:\/\/ruralourbano.com\/gl\/producto\/patatotas-44g-bolsa-mini\/\"><strong>1 Bolsa de patatas Patatotas 44g<\/strong><\/a><\/li>\n<li><a href=\"https:\/\/ruralourbano.com\/gl\/producto\/mermelada-extra-de-arandanos-gallegos-220g\/\"><strong>1 Marmelada extra de arandos 100% DoSouto 220g<\/strong><\/a><\/li>\n<li><a href=\"https:\/\/ruralourbano.com\/gl\/producto\/queixo-agarimo-550g-ganderia-quintian\/\"><strong>1 Queixo Agarimo 550g Gander\u00eda Quinti\u00e1n<\/strong><\/a><\/li>\n<li><a href=\"https:\/\/ruralourbano.com\/gl\/producto\/capazo-de-palma\/\"><strong>1 Capazo de palma<\/strong><\/a><\/li>\n<\/ul>\n<p>Os nosos\u00a0<a href=\"https:\/\/ruralourbano.com\/cat\/capackzos-rural-o-urbano\/\"><strong>Capackzos Rural o Urbano<\/strong><\/a>\u00a0son a opci\u00f3n ideal se desexas realizar un agasallo de agradecemento ou ben obsequiar cun pequeno presente a algu\u00e9n que aprecias dun modo orixinal e exclusivo.<\/p>\n","protected":false},"featured_media":8183,"comment_status":"open","ping_status":"closed","template":"","meta":{"inline_featured_image":false},"product_brand":[],"product_cat":[168,743,201],"product_tag":[1037,525,791,669,773,664,820],"class_list":{"0":"post-8180","1":"product","2":"type-product","3":"status-publish","4":"has-post-thumbnail","6":"product_cat-capackzos-rural-o-urbano","7":"product_cat-empresa-gl","8":"product_cat-tentempies","9":"product_tag-camino-de-santiago-frances-gl","10":"product_tag-capackzos-rural-o-urbano-gl","11":"product_tag-experiencia-gastronomica-gl","12":"product_tag-ganderia-quintian-gl","13":"product_tag-lugo-gl","14":"product_tag-pack-gourmet-gl","15":"product_tag-picnic-gl","17":"first","18":"outofstock","19":"taxable","20":"shipping-taxable","21":"purchasable","22":"product-type-simple"},"_links":{"self":[{"href":"https:\/\/ruralourbano.com\/gl\/wp-json\/wp\/v2\/product\/8180","targetHints":{"allow":["GET"]}}],"collection":[{"href":"https:\/\/ruralourbano.com\/gl\/wp-json\/wp\/v2\/product"}],"about":[{"href":"https:\/\/ruralourbano.com\/gl\/wp-json\/wp\/v2\/types\/product"}],"replies":[{"embeddable":true,"href":"https:\/\/ruralourbano.com\/gl\/wp-json\/wp\/v2\/comments?post=8180"}],"wp:featuredmedia":[{"embeddable":true,"href":"https:\/\/ruralourbano.com\/gl\/wp-json\/wp\/v2\/media\/8183"}],"wp:attachment":[{"href":"https:\/\/ruralourbano.com\/gl\/wp-json\/wp\/v2\/media?parent=8180"}],"wp:term":[{"taxonomy":"product_brand","embeddable":true,"href":"https:\/\/ruralourbano.com\/gl\/wp-json\/wp\/v2\/product_brand?post=8180"},{"taxonomy":"product_cat","embeddable":true,"href":"https:\/\/ruralourbano.com\/gl\/wp-json\/wp\/v2\/product_cat?post=8180"},{"taxonomy":"product_tag","embeddable":true,"href":"https:\/\/ruralourbano.com\/gl\/wp-json\/wp\/v2\/product_tag?post=8180"}],"curies":[{"name":"wp","href":"https:\/\/api.w.org\/{rel}","templated":true}]}}