{"id":8190,"date":"2023-05-23T16:29:28","date_gmt":"2023-05-23T14:29:28","guid":{"rendered":"https:\/\/164.92.128.162\/?post_type=product&#038;p=8190"},"modified":"2025-03-11T23:11:24","modified_gmt":"2025-03-11T22:11:24","slug":"vermouth-blanco-el-riba","status":"publish","type":"product","link":"https:\/\/ruralourbano.com\/gl\/producto\/vermouth-blanco-el-riba\/","title":{"rendered":"Vermouth blanco El Riba"},"content":{"rendered":"<p>O <strong>vermouth blanco<\/strong> <a href=\"https:\/\/ruralourbano.com\/gl\/productores\/vermouth-gl\/vermouth-el-riba\/\"><strong>El Riba<\/strong><\/a> nace da man de Emilio Mart\u00ednez, propietario do famoso local de restauraci\u00f3n lucense que leva o mesmo nome que esta bebida, <a href=\"https:\/\/ruralourbano.com\/gl\/productores\/vermouth-gl\/vermouth-el-riba\/\"><strong>El Riba<\/strong><\/a> (localizado en Praza do Campo, 12 en pleno centro hist\u00f3rico da cidade de <strong>Lugo<\/strong>).<\/p>\n<p><strong>Tipolox\u00eda:<\/strong><\/p>\n<ul>\n<li><strong>Vermouth blanco<\/strong> lixeiro e sofisticado.<\/li>\n<\/ul>\n<p><strong>Composici\u00f3n:<\/strong><\/p>\n<ul>\n<li>F\u00f3rmula secreta<\/li>\n<\/ul>\n<p><strong>Nota de cata:<\/strong><\/p>\n<ul>\n<li>Vermouth suave e lixeiramente c\u00edtrico cun sabor en boca que lembra a froitas brancas.<\/li>\n<\/ul>\n<p><strong>Suxesti\u00f3ns de combinaci\u00f3n:<\/strong><\/p>\n<ul>\n<li><a href=\"https:\/\/ruralourbano.com\/gl\/producto\/patatotas-bolsa-mini-44g\/\"><strong>Patatotas bolsa min 44g<\/strong><\/a><\/li>\n<li>Los quesos de\u00a0<a href=\"https:\/\/ruralourbano.com\/gl\/productores\/queixos\/ganderia-quintian\/\"><strong>Gander\u00eda Quinti\u00e1n<\/strong><\/a>\u00a0que te ofremos con nuestro\u00a0<a href=\"https:\/\/ruralourbano.com\/gl\/producto\/capackzo-quintian-gourmet\/\"><strong>Capackzo Quinti\u00e1n Gourmet<\/strong><\/a><\/li>\n<li>O quiz\u00e1s te apetece descubrir el\u00a0<a href=\"https:\/\/ruralourbano.com\/gl\/producto\/vermouth-clasico-el-riba\/\"><strong>Vermouth Cl\u00e1sico El Riba<\/strong><\/a><\/li>\n<\/ul>\n<p><strong>Recomendaci\u00f3n:<\/strong><\/p>\n<ul>\n<li>Servir o vermouth entre 6\u00baC e 10\u00baC.<\/li>\n<\/ul>\n","protected":false},"excerpt":{"rendered":"<p><strong>Vermouth blanco El Riba, \u201cO vermouth que se bebe en Lugo\u201d.<\/strong><\/p>\n<p>O <strong>vermouth blanco <a href=\"https:\/\/ruralourbano.com\/gl\/productores\/vermouth-gl\/vermouth-el-riba\/\">El Riba<\/a><\/strong> \u00e9 todo un cl\u00e1sico por excelencia na cidade de <strong>Lugo<\/strong>.<\/p>\n<p>Un <strong>vermouth blanco<\/strong> con notas herbales frescas e sut\u00eds toques c\u00edtricos sut\u00eds que te transportan directamente aos campos verdes e os bosques fragrantes de <strong>Lugo<\/strong>.<\/p>\n<p>Tr\u00e1tase dun <strong>vermouth blanco<\/strong> cunha cor amarela pallosa cheo de frescura.<\/p>\n<p>Botella de cristal con cl\u00e1sico tap\u00f3n mec\u00e1nico (75cl \/ ALC 15% 100 VOL).<\/p>\n<p><strong>Produto gastron\u00f3mico gourmet de Lugo.<\/strong><\/p>\n<p>Bota unha ollada ao noso <a href=\"https:\/\/ruralourbano.com\/gl\/producto\/capackzo-salud-y-vermouth-blanco\/\"><strong>Capackzo Salud y Vermouth blanco<\/strong><\/a> quiz\u00e1s che pode interesar agora ou noutra ocasi\u00f3n.<\/p>\n<p><strong>Env\u00edos s\u00f3 a pen\u00ednsula | Compra produto gourmet galego seleccionado e lifestyle exclusivo<\/strong><\/p>\n","protected":false},"featured_media":12625,"comment_status":"open","ping_status":"closed","template":"","meta":{"inline_featured_image":false},"product_brand":[],"product_cat":[200],"product_tag":[744,632,773,1105],"class_list":{"0":"post-8190","1":"product","2":"type-product","3":"status-publish","4":"has-post-thumbnail","6":"product_cat-adega","7":"product_tag-el-riba-gl","8":"product_tag-gourmet-gl","9":"product_tag-lugo-gl","10":"product_tag-producto-gourmet-gallego-gl","12":"first","13":"outofstock","14":"taxable","15":"shipping-taxable","16":"purchasable","17":"product-type-simple"},"_links":{"self":[{"href":"https:\/\/ruralourbano.com\/gl\/wp-json\/wp\/v2\/product\/8190","targetHints":{"allow":["GET"]}}],"collection":[{"href":"https:\/\/ruralourbano.com\/gl\/wp-json\/wp\/v2\/product"}],"about":[{"href":"https:\/\/ruralourbano.com\/gl\/wp-json\/wp\/v2\/types\/product"}],"replies":[{"embeddable":true,"href":"https:\/\/ruralourbano.com\/gl\/wp-json\/wp\/v2\/comments?post=8190"}],"wp:featuredmedia":[{"embeddable":true,"href":"https:\/\/ruralourbano.com\/gl\/wp-json\/wp\/v2\/media\/12625"}],"wp:attachment":[{"href":"https:\/\/ruralourbano.com\/gl\/wp-json\/wp\/v2\/media?parent=8190"}],"wp:term":[{"taxonomy":"product_brand","embeddable":true,"href":"https:\/\/ruralourbano.com\/gl\/wp-json\/wp\/v2\/product_brand?post=8190"},{"taxonomy":"product_cat","embeddable":true,"href":"https:\/\/ruralourbano.com\/gl\/wp-json\/wp\/v2\/product_cat?post=8190"},{"taxonomy":"product_tag","embeddable":true,"href":"https:\/\/ruralourbano.com\/gl\/wp-json\/wp\/v2\/product_tag?post=8190"}],"curies":[{"name":"wp","href":"https:\/\/api.w.org\/{rel}","templated":true}]}}