{"id":8196,"date":"2023-05-23T16:37:13","date_gmt":"2023-05-23T14:37:15","guid":{"rendered":"https:\/\/164.92.128.162\/?post_type=product&#038;p=8196"},"modified":"2025-03-12T00:15:50","modified_gmt":"2025-03-11T23:15:50","slug":"piedras-de-chocolate-negro-artesanas-doces-da-ulloa-150g","status":"publish","type":"product","link":"https:\/\/ruralourbano.com\/gl\/producto\/piedras-de-chocolate-negro-artesanas-doces-da-ulloa-150g\/","title":{"rendered":"Piedras de chocolate negro artesanas Doces da Ulloa 150g"},"content":{"rendered":"<p><strong>Descrici\u00f3n:<\/strong><\/p>\n<ul>\n<li>As <strong>Pedras de chocolate negro artes\u00e1s Doces da Ulloa 150g<\/strong> son bombons de chocolate e am\u00e9ndoas elaborados por <a href=\"https:\/\/ruralourbano.com\/gl\/productores\/doce\/doces-da-ulloa\/\"><strong>Doces da Ulloa<\/strong> <\/a>(Concello de Monterroso, <strong>Lugo<\/strong>).<\/li>\n<li>Produto sen glute.<\/li>\n<li>Peso neto 150g.<\/li>\n<li>Produto envasado en bolsa de pl\u00e1stico transparente para confiter\u00eda.<\/li>\n<\/ul>\n<p><strong>Ingredientes:<\/strong><\/p>\n<p>*Bomb\u00f3n chocolate negro e <strong>AM\u00c9NDOAS<\/strong>: azucre, pasta de cacao, manteiga de cacao, cacao desgrasado en polvo, emulxentes: <strong>LECITINA DE GIRASOL<\/strong> (E-476) e aroma.<\/p>\n<p><strong>Suxesti\u00f3ns de combinaci\u00f3n:<\/strong><\/p>\n<ul>\n<li><a href=\"https:\/\/ruralourbano.com\/gl\/producto\/galletas-xianas-originales\/\"><strong>Galletas Xianas Originales<\/strong><\/a><\/li>\n<li><a href=\"https:\/\/ruralourbano.com\/gl\/producto\/galletas-xianas-de-cafe\/\"><strong>Galletas Xianas Caf\u00e9<\/strong><\/a><\/li>\n<li><a href=\"https:\/\/ruralourbano.com\/gl\/producto\/alouminos-xianas\/\"><strong>Xianas Aloumi\u00f1os<\/strong><\/a><\/li>\n<\/ul>\n<p><strong style=\"color: #555555;\">Informaci\u00f3n extra:<\/strong><\/p>\n<ul>\n<li>Manter os <strong>pedras de chocolate<\/strong> bombons nun lugar fresco e seco sen luz solar directa.<\/li>\n<\/ul>\n","protected":false},"excerpt":{"rendered":"<p>As <strong> Piedras de chocolate negro artesanas <a href=\"https:\/\/ruralourbano.com\/gl\/productores\/doce\/doces-da-ulloa\/\">Doces da Ulloa<\/a> 150g<\/strong> son un <strong>produto gourmet<\/strong> elaborado artesanalmente por <a href=\"https:\/\/ruralourbano.com\/gl\/productores\/doce\/doces-da-ulloa\/\"><strong>Doces da Ulloa<\/strong><\/a> no pobo de Monterroso (Concello de Monterroso,<strong> Lugo<\/strong>).<\/p>\n<p>As<strong> Pedras de Chocolate negro 150g Doces da Ulloa<\/strong> son un capricho irresistible que combina a mellor selecci\u00f3n de cacao coa textura crujiente da am\u00e9ndoa que te sorprender\u00e1 en cada bocado.<\/p>\n<p>Elaboradas con ingredientes de primeira calidade, para os amantes do chocolate m\u00e1is esixentes. G\u00f3zaas a soas ou xunto aos que m\u00e1is aprecias nunha divertida sobremesa.<\/p>\n<p>As<strong> Pidras de chocolate negro artesanas Doces da Ulloa 150g<\/strong> son os bombons m\u00e1is t\u00edpicos de Galicia, tam\u00e9n co\u00f1ecidos como \u201c<strong>Pedras de Santiago<\/strong>\u201d.<\/p>\n<p><strong>Produto sen glute. <\/strong><\/p>\n<p><strong>Peso neto 150g.<\/strong><\/p>\n<p><strong>Produto gastron\u00f3mico gourmet de Lugo.<\/strong><\/p>\n<p>Descubre el <a href=\"https:\/\/ruralourbano.com\/gl\/producto\/capackzo-chocolate-gourmet\/\"><strong>Capackzo Chocolate Gourmet<\/strong><\/a>.<\/p>\n<p><strong>Env\u00edos s\u00f3 a pen\u00ednsula | Compra produto gourmet galego seleccionado e lifestyle exclusivo<\/strong><\/p>\n","protected":false},"featured_media":8202,"comment_status":"open","ping_status":"closed","template":"","meta":{"inline_featured_image":false},"product_brand":[],"product_cat":[160],"product_tag":[1024,403,773,1075,1105],"class_list":{"0":"post-8196","1":"product","2":"type-product","3":"status-publish","4":"has-post-thumbnail","6":"product_cat-doce","7":"product_tag-chocolate-negro-gl","8":"product_tag-doces-da-ulloa-gl","9":"product_tag-lugo-gl","10":"product_tag-pedras-de-santiago-gl","11":"product_tag-producto-gourmet-gallego-gl","13":"first","14":"instock","15":"featured","16":"taxable","17":"shipping-taxable","18":"purchasable","19":"product-type-simple"},"_links":{"self":[{"href":"https:\/\/ruralourbano.com\/gl\/wp-json\/wp\/v2\/product\/8196","targetHints":{"allow":["GET"]}}],"collection":[{"href":"https:\/\/ruralourbano.com\/gl\/wp-json\/wp\/v2\/product"}],"about":[{"href":"https:\/\/ruralourbano.com\/gl\/wp-json\/wp\/v2\/types\/product"}],"replies":[{"embeddable":true,"href":"https:\/\/ruralourbano.com\/gl\/wp-json\/wp\/v2\/comments?post=8196"}],"wp:featuredmedia":[{"embeddable":true,"href":"https:\/\/ruralourbano.com\/gl\/wp-json\/wp\/v2\/media\/8202"}],"wp:attachment":[{"href":"https:\/\/ruralourbano.com\/gl\/wp-json\/wp\/v2\/media?parent=8196"}],"wp:term":[{"taxonomy":"product_brand","embeddable":true,"href":"https:\/\/ruralourbano.com\/gl\/wp-json\/wp\/v2\/product_brand?post=8196"},{"taxonomy":"product_cat","embeddable":true,"href":"https:\/\/ruralourbano.com\/gl\/wp-json\/wp\/v2\/product_cat?post=8196"},{"taxonomy":"product_tag","embeddable":true,"href":"https:\/\/ruralourbano.com\/gl\/wp-json\/wp\/v2\/product_tag?post=8196"}],"curies":[{"name":"wp","href":"https:\/\/api.w.org\/{rel}","templated":true}]}}