{"id":8227,"date":"2023-05-25T20:09:34","date_gmt":"2023-05-25T18:09:34","guid":{"rendered":"https:\/\/164.92.128.162\/?post_type=product&#038;p=8227"},"modified":"2026-01-16T18:04:27","modified_gmt":"2026-01-16T17:04:27","slug":"vino-tinto-pobre-tolo-mencia","status":"publish","type":"product","link":"https:\/\/ruralourbano.com\/gl\/producto\/vino-tinto-pobre-tolo-mencia\/","title":{"rendered":"Vi\u00f1o tinto Pobre Tolo Menc\u00eda"},"content":{"rendered":"<p><a href=\"https:\/\/ruralourbano.com\/gl\/productores\/vinos-gl\/bodega-ribada\/\"><strong>Bodega Ribada<\/strong><\/a> nace en 2005, a\u00ednda que a tradici\u00f3n familiar rem\u00f3ntase a varias xeraci\u00f3ns. Con minuciosidade ded\u00edcase o tempo necesario para conseguir o mellor froito e obter as\u00ed, o mellor vi\u00f1o.<\/p>\n<p>Os vi\u00f1edos de <a href=\"https:\/\/ruralourbano.com\/gl\/productores\/vinos-gl\/bodega-ribada\/\"><strong>Bodega Ribada<\/strong><\/a> pertencen \u00e1 <strong>D.O Ribeira Sacra<\/strong> (subzona de Chantada). Onde o cultivo da vide se fai en escaleira, con desniveis que chegan a alcanzar o 80%. Estamos ante vi\u00f1edos catalogados como \u201cde monta\u00f1a\u201d. O traballo \u00e9 manual, cada labor na vi\u00f1a tense que facer a man porque a mecanizaci\u00f3n \u00e9 imposible.<\/p>\n<p><strong>Descrici\u00f3n Vi\u00f1o tinto Pobre Tolo Menc\u00eda:<\/strong><\/p>\n<ul>\n<li><strong>D.O Ribeira Sacra<\/strong><\/li>\n<li>Vi\u00f1o tinto novo<\/li>\n<li>Uva variedade menc\u00eda<\/li>\n<li>Botella borgo\u00f1a 75cl.<\/li>\n<li>Grao alcoh\u00f3lico 12,50% Vol.<\/li>\n<\/ul>\n<p><strong>Elaboraci\u00f3n:<\/strong><\/p>\n<ul>\n<li>Vendima normal en caixas. Fermentaci\u00f3n a 25 \u00b0C malol\u00e1ctica a continuaci\u00f3n de alcoh\u00f3lica, trasfega e mantense o vi\u00f1o sen m\u00e1is trasfega ata clarificar e embotellar en marzo.<\/li>\n<\/ul>\n<p><strong>Suxesti\u00f3ns de combinaci\u00f3n:<\/strong><\/p>\n<ul>\n<li><a href=\"https:\/\/ruralourbano.com\/gl\/producto\/queso-mourelo-ganderia-quintian-500g\/\"><strong>Queso Mourelo Gander\u00eda Quinti\u00e1n 500g<\/strong><\/a><\/li>\n<li><a href=\"https:\/\/ruralourbano.com\/gl\/producto\/queso-neboa-ganderia-quintian-650g\/\"><strong>Queso N\u00e9boa Gander\u00eda Quinti\u00e1n 650g<\/strong><\/a><\/li>\n<\/ul>\n<p><span style=\"color: #333333;\">.<\/span><strong>Recomendaci\u00f3n:<\/strong><\/p>\n<ul>\n<li>Servir o vi\u00f1o entre 12\u00baC e 14\u00baC.<\/li>\n<\/ul>\n","protected":false},"excerpt":{"rendered":"<p><strong>Vi\u00f1o tinto Pobre Tolo Menc\u00eda<\/strong> \u00e9 un <strong>vi\u00f1o tinto novo<\/strong> lucense elaborado na <a href=\"https:\/\/ruralourbano.com\/gl\/productores\/vinos-gl\/bodega-ribada\/\"><strong>Bodega Ribada<\/strong><\/a> localizada en San Fiz (Concello de Chantada, <strong>Lugo<\/strong>).<\/p>\n<p><strong>Presenta unha cor<\/strong> vermella picota moi intenso, vivo e brillante, con ribete azulado e unha b\u00e1goa longa e persistente que delata o seu car\u00e1cter glic\u00e9rico e a s\u00faa estrutura en copa.<\/p>\n<p><strong>En nariz<\/strong> m\u00f3strase fino e elegante, ga\u00f1ando intensidade a medida que respira. Destacan aromas de froita moi madura como cereixa, ameixa e moura, cunha expresi\u00f3n sutil pero persistente que convida a seguir descubr\u00edndoo.<\/p>\n<p><strong>En boca<\/strong> \u00e9 un vi\u00f1o de estrutura intensa, cun tanino doce, carnoso e maduro, moi ben integrado. O seu astringencia \u00e9 agradable e equilibrada, deixando unha longa persistencia e un retrogusto intenso e varietal, fiel \u00e1 Menc\u00eda.<\/p>\n<p>Un vi\u00f1o perfecto para quen busca <strong>vi\u00f1os galegos con personalidade<\/strong>, ideal para acompa\u00f1ar carnes, queixos curados, pratos tradicionais ou simplemente para gozar sen pr\u00e9sas.<\/p>\n<p><strong>Vi\u00f1o tinto xove\u00a0D.O Ribeira Sacra.<\/strong><\/p>\n<p><strong>Variedade uva menc\u00eda.<\/strong><\/p>\n<p><strong>Botella borgo\u00f1a 75cl.<\/strong><\/p>\n<p><strong>Grao alcoh\u00f3lico 12,50% vol.<\/strong><\/p>\n<p><strong>Produto gastron\u00f3mico gourmet de Lugo.<\/strong><\/p>\n<p>Quiz\u00e1is che interesa descubrir o noso <a href=\"https:\/\/ruralourbano.com\/gl\/producto\/capackzo-pobre-tolo-gourmet\/\"><strong>Capackzo Pobre Tolo Gourmet<\/strong><\/a><strong>.<\/strong><\/p>\n<p><strong>Env\u00edos a pen\u00ednsula | Compra produto gourmet galego seleccionado e lifestyle exclusivo<\/strong><\/p>\n","protected":false},"featured_media":8236,"comment_status":"open","ping_status":"closed","template":"","meta":{"inline_featured_image":false},"product_brand":[],"product_cat":[200,743],"product_tag":[882,816,773,1105],"class_list":{"0":"post-8227","1":"product","2":"type-product","3":"status-publish","4":"has-post-thumbnail","6":"product_cat-adega","7":"product_cat-empresa-gl","8":"product_tag-bodega-ribada-gl","9":"product_tag-d-o-ribeira-sacra-gl","10":"product_tag-lugo-gl","11":"product_tag-producto-gourmet-gallego-gl","13":"first","14":"instock","15":"taxable","16":"shipping-taxable","17":"purchasable","18":"product-type-simple"},"_links":{"self":[{"href":"https:\/\/ruralourbano.com\/gl\/wp-json\/wp\/v2\/product\/8227","targetHints":{"allow":["GET"]}}],"collection":[{"href":"https:\/\/ruralourbano.com\/gl\/wp-json\/wp\/v2\/product"}],"about":[{"href":"https:\/\/ruralourbano.com\/gl\/wp-json\/wp\/v2\/types\/product"}],"replies":[{"embeddable":true,"href":"https:\/\/ruralourbano.com\/gl\/wp-json\/wp\/v2\/comments?post=8227"}],"wp:featuredmedia":[{"embeddable":true,"href":"https:\/\/ruralourbano.com\/gl\/wp-json\/wp\/v2\/media\/8236"}],"wp:attachment":[{"href":"https:\/\/ruralourbano.com\/gl\/wp-json\/wp\/v2\/media?parent=8227"}],"wp:term":[{"taxonomy":"product_brand","embeddable":true,"href":"https:\/\/ruralourbano.com\/gl\/wp-json\/wp\/v2\/product_brand?post=8227"},{"taxonomy":"product_cat","embeddable":true,"href":"https:\/\/ruralourbano.com\/gl\/wp-json\/wp\/v2\/product_cat?post=8227"},{"taxonomy":"product_tag","embeddable":true,"href":"https:\/\/ruralourbano.com\/gl\/wp-json\/wp\/v2\/product_tag?post=8227"}],"curies":[{"name":"wp","href":"https:\/\/api.w.org\/{rel}","templated":true}]}}