{"id":8463,"date":"2023-08-29T16:32:21","date_gmt":"2023-08-29T14:32:21","guid":{"rendered":"https:\/\/164.92.128.162\/?post_type=product&#038;p=8463"},"modified":"2026-01-29T21:58:43","modified_gmt":"2026-01-29T20:58:43","slug":"capackzo-xianas-gourmet","status":"publish","type":"product","link":"https:\/\/ruralourbano.com\/gl\/producto\/capackzo-xianas-gourmet\/","title":{"rendered":"Capackzo Xianas Gourmet"},"content":{"rendered":"<div><strong>Descrici\u00f3n:<\/strong><\/div>\n<p>O <strong>Capackzo Xianas Gourmet<\/strong> \u00e9 un <strong>pack gourmet<\/strong> envasado nun capazo de palma formado por:<\/p>\n<ul>\n<li><a href=\"https:\/\/ruralourbano.com\/gl\/producto\/galletas-xianas-originales\"><strong>1 Galletas Xianas Originales<\/strong><\/a><\/li>\n<li><a href=\"https:\/\/ruralourbano.com\/gl\/producto\/galletas-xianas-de-cafe\/\"><strong>1 Galletas Xianas de Caf\u00e9<\/strong><\/a><\/li>\n<li><a href=\"https:\/\/ruralourbano.com\/gl\/producto\/alouminos-xianas\/\"><strong>1 Aloumi\u00f1os Xianas<\/strong><\/a><\/li>\n<li><a href=\"https:\/\/ruralourbano.com\/gl\/producto\/capazo-de-palma\/\"><strong>1 Capazo de palma<\/strong><\/a><\/li>\n<\/ul>\n<p><strong>Recomendaci\u00f3n:<\/strong><\/p>\n<ul>\n<li>Almacenar os produtos nun lugar fresco e seco.<\/li>\n<\/ul>\n<p><strong>Coidados do capazo de palma:<\/strong><\/p>\n<ul>\n<li>Cando non o uses, g\u00e1rdao nun espazo no que nada o deforme.<\/li>\n<li>Recomendamos gardar o teu capazo de palma nunha bolsa guardapolvo.<\/li>\n<li>En caso de mancha, limpar cun pano h\u00famido canto antes.<\/li>\n<\/ul>\n","protected":false},"excerpt":{"rendered":"<p>O noso <strong>Capackzo Xianas Gourmet<\/strong> \u00e9 un <strong>pack gourmet<\/strong> de <strong>Lugo<\/strong>.<\/p>\n<p>Se es un amante dos doces artes\u00e1ns e os produtos <strong>gourmet<\/strong>, o <strong>Capackzo Xianas Gourmet<\/strong> \u00e9 para ti. Este exclusivo pack re\u00fane os produtos m\u00e1is ic\u00f3nicos de <a href=\"https:\/\/ruralourbano.com\/gl\/productores\/doce\/xianas\/\"><strong>Xianas<\/strong><\/a>, a reco\u00f1ecida marca de <strong>Artesan\u00eda Alimentaria de Galicia<\/strong>, para que goces dunha <strong>experiencia gastron\u00f3mica<\/strong> chea de sabor e tradici\u00f3n lucenses.<\/p>\n<p>Tr\u00e1tase do capricho perfecto que deleitar\u00e1 o teu padal ou o das persoas co que o compartas.<\/p>\n<p>Encarga o teu\u00a0<strong>Capackzo Xianas Gourmet<\/strong>\u00a0se est\u00e1s a realizar o\u00a0<strong>Cami\u00f1o de Santiago<\/strong>.<\/p>\n<p>O\u00a0<strong>Capackzo Xianas Gourmet<\/strong>\u00a0\u00e9 unha orixinal proposta de\u00a0<strong>gastronom\u00eda do Cami\u00f1o de Santiago Franc\u00e9s<\/strong>. Se es peregrino entreg\u00e1moscho en man en calquera localizaci\u00f3n da etapa entre Sarria e Portomarin para que o poidas gozar a modo de\u00a0<strong>picnic<\/strong>.<\/p>\n<p>Co <strong>Capackzo Xianas Gourmet<\/strong> vas recibir:<\/p>\n<ul>\n<li><a href=\"https:\/\/ruralourbano.com\/gl\/producto\/galletas-xianas-orixinais\/\"><strong>1 Galletas Xianas Orixinais<\/strong><\/a><\/li>\n<li><a href=\"https:\/\/ruralourbano.com\/gl\/producto\/galletas-xianas-de-cafe\/\"><strong>1 Galletas Xianas de Caf\u00e9<\/strong><\/a><\/li>\n<li><a href=\"https:\/\/ruralourbano.com\/gl\/producto\/alouminos-xianas\/\"><strong>1 Aloumi\u00f1os Xianas<\/strong><\/a><\/li>\n<li><a href=\"https:\/\/ruralourbano.com\/gl\/producto\/capazo-de-palma\/\"><strong>1 Capazo de palma<\/strong><\/a><\/li>\n<\/ul>\n<p>Os nosos\u00a0<a href=\"https:\/\/ruralourbano.com\/gl\/cat\/capackzos-rural-o-urbano\/\"><strong>Capackzos Rural o Urbano<\/strong><\/a>\u00a0son a opci\u00f3n ideal se desexas realizar un agasallo de agradecemento ou ben obsequiar cun pequeno presente a algu\u00e9n que aprecias dun modo orixinal e exclusivo.<\/p>\n<p><strong>Env\u00edos s\u00f3 a pen\u00ednsula | Compra produto gourmet galego seleccionado e lifestyle exclusivo<\/strong><\/p>\n","protected":false},"featured_media":11588,"comment_status":"open","ping_status":"closed","template":"","meta":{"inline_featured_image":false},"product_brand":[],"product_cat":[168,160,743],"product_tag":[525,791,632,773,664,820,1105],"class_list":{"0":"post-8463","1":"product","2":"type-product","3":"status-publish","4":"has-post-thumbnail","6":"product_cat-capackzos-rural-o-urbano","7":"product_cat-doce","8":"product_cat-empresa-gl","9":"product_tag-capackzos-rural-o-urbano-gl","10":"product_tag-experiencia-gastronomica-gl","11":"product_tag-gourmet-gl","12":"product_tag-lugo-gl","13":"product_tag-pack-gourmet-gl","14":"product_tag-picnic-gl","15":"product_tag-producto-gourmet-gallego-gl","17":"first","18":"instock","19":"taxable","20":"shipping-taxable","21":"purchasable","22":"product-type-simple"},"_links":{"self":[{"href":"https:\/\/ruralourbano.com\/gl\/wp-json\/wp\/v2\/product\/8463","targetHints":{"allow":["GET"]}}],"collection":[{"href":"https:\/\/ruralourbano.com\/gl\/wp-json\/wp\/v2\/product"}],"about":[{"href":"https:\/\/ruralourbano.com\/gl\/wp-json\/wp\/v2\/types\/product"}],"replies":[{"embeddable":true,"href":"https:\/\/ruralourbano.com\/gl\/wp-json\/wp\/v2\/comments?post=8463"}],"wp:featuredmedia":[{"embeddable":true,"href":"https:\/\/ruralourbano.com\/gl\/wp-json\/wp\/v2\/media\/11588"}],"wp:attachment":[{"href":"https:\/\/ruralourbano.com\/gl\/wp-json\/wp\/v2\/media?parent=8463"}],"wp:term":[{"taxonomy":"product_brand","embeddable":true,"href":"https:\/\/ruralourbano.com\/gl\/wp-json\/wp\/v2\/product_brand?post=8463"},{"taxonomy":"product_cat","embeddable":true,"href":"https:\/\/ruralourbano.com\/gl\/wp-json\/wp\/v2\/product_cat?post=8463"},{"taxonomy":"product_tag","embeddable":true,"href":"https:\/\/ruralourbano.com\/gl\/wp-json\/wp\/v2\/product_tag?post=8463"}],"curies":[{"name":"wp","href":"https:\/\/api.w.org\/{rel}","templated":true}]}}