{"id":8711,"date":"2023-09-04T22:14:29","date_gmt":"2023-09-04T20:14:31","guid":{"rendered":"https:\/\/164.92.128.162\/?post_type=product&#038;p=8711"},"modified":"2025-03-11T22:32:47","modified_gmt":"2025-03-11T21:32:47","slug":"capackzo-pobre-tolo-gourmet","status":"publish","type":"product","link":"https:\/\/ruralourbano.com\/gl\/producto\/capackzo-pobre-tolo-gourmet\/","title":{"rendered":"Capackzo Pobre Tolo Gourmet"},"content":{"rendered":"<p><strong>Descrici\u00f3n:<\/strong><\/p>\n<p>O <strong>Capackzo Pobre Tolo Gourmet<\/strong>\u00a0\u00e9 un <strong>pack gourmet<\/strong> envasado nun capazo de palma formado por:<\/p>\n<ul>\n<li><a href=\"https:\/\/ruralourbano.com\/gl\/producto\/vino-tinto-pobre-tolo\/\"><strong>1 Vino tinto Pobre Tolo<\/strong><\/a><\/li>\n<li><a href=\"https:\/\/ruralourbano.com\/gl\/producto\/taza-verde-metalica-vintage\/\"><strong>2 Tazas verdes met\u00e1licas vintage<\/strong><\/a><\/li>\n<li><a href=\"https:\/\/ruralourbano.com\/gl\/producto\/capazo-de-palma\/\"><strong>1 Capazo de palma<\/strong><\/a><\/li>\n<\/ul>\n<p><strong>Suxerencias de combinaci\u00f3n:<\/strong><\/p>\n<ul>\n<li><strong><a href=\"https:\/\/ruralourbano.com\/gl\/producto\/queso-mini-neboa-350g-ganderia-quintian\/\">Queso Mini N\u00e9boa Gander\u00eda Quinti\u00e1n 350g<\/a><\/strong><\/li>\n<li><a href=\"https:\/\/ruralourbano.com\/gl\/producto\/pulpo-en-aceite-de-oliva-virgen-extra-currimar-100g\/\"><strong>Pulpo en aceite de oliva virgen extra Currimar 100g<\/strong><\/a><\/li>\n<li style=\"list-style-type: none;\"><\/li>\n<\/ul>\n<p><b>Recomendaci\u00f3n:<\/b><\/p>\n<ul>\n<li>Servir o<strong> vi\u00f1o tinto menc\u00eda Pobre Tolo<\/strong> entre 12\u00baC y 14\u00baC.<\/li>\n<li>Non usar estas cuncas no microondas.<\/li>\n<li>As cuncas p\u00f3dense lavar no lavalouzas.<\/li>\n<\/ul>\n","protected":false},"excerpt":{"rendered":"<p>O <strong>Capackzo Pobre Tolo Gourmet <\/strong>\u00e9 un<strong> pack gourmet<\/strong> de <strong>Lugo<\/strong>.<\/p>\n<p>Un<strong> pack gourme<\/strong>t orixinal e exclusivo protagonizado polo noso admirado <strong>vi\u00f1o tinto joven variedade uva menc\u00eda Pobre Tolo D.O Ribeira Sacra<\/strong> elaborado por <a href=\"https:\/\/ruralourbano.com\/gl\/productores\/vinos-gl\/bodega-ribada\/\"><strong>Bodega Ribada<\/strong><\/a> e d\u00faas das nosas divertidas <a href=\"https:\/\/ruralourbano.com\/gl\/producto\/taza-verde-metalica-vintage\/\"><strong>cuncas verdes met\u00e1licas vintage<\/strong><\/a>.<\/p>\n<p>Brinda distinto e celebra a vida con actitude!<\/p>\n<p>Encarga o teu <strong>Capackzo Menc\u00eda Gourmet<\/strong>\u00a0se est\u00e1s a realizar o\u00a0<strong>Cami\u00f1o de Santiago<\/strong>.<\/p>\n<p>O <strong>Capackzo Menc\u00eda Gourmet<\/strong>\u00a0\u00e9 unha orixinal proposta de\u00a0<strong>gastronom\u00eda do Cami\u00f1o de Santiago Franc\u00e9s<\/strong>. Se es peregrino entreg\u00e1moscho en man en calquera localizaci\u00f3n da etapa entre Sarria e Portomarin para que o poidas gozar a modo de\u00a0<strong>picnic<\/strong>.<\/p>\n<p>Co <strong>Capackzo Pobre Tolo Gourmet <\/strong>vas recibir:<\/p>\n<ul>\n<li><a href=\"https:\/\/ruralourbano.com\/gl\/producto\/vino-tinto-pobre-tolo\/\"><strong>1 Vino tinto Pobre Tolo<\/strong><\/a><\/li>\n<li><a href=\"https:\/\/ruralourbano.com\/gl\/producto\/taza-verde-metalica-vintage\/\"><strong>2 Tazas verdes met\u00e1licas vintage<\/strong><\/a><\/li>\n<li><a href=\"https:\/\/ruralourbano.com\/gl\/producto\/capazo-de-palma\/\"><strong>1 Capazo de palma<\/strong><\/a><\/li>\n<\/ul>\n<p>Os nosos\u00a0<a href=\"https:\/\/ruralourbano.com\/gl\/cat\/capackzos-rural-o-urbano\/\"><strong>Capackzos Rural o Urbano<\/strong><\/a>\u00a0son a opci\u00f3n ideal se desexas realizar un agasallo de agradecemento ou ben obsequiar cun pequeno presente a algu\u00e9n que aprecias dun modo orixinal e exclusivo.<\/p>\n<p><strong>Env\u00edos s\u00f3 a pen\u00ednsula | Compra produto gourmet galego seleccionado e lifestyle exclusivo<\/strong><\/p>\n","protected":false},"featured_media":8714,"comment_status":"open","ping_status":"closed","template":"","meta":{"inline_featured_image":false},"product_brand":[],"product_cat":[168,200,743],"product_tag":[525,816,664,820,1105],"class_list":{"0":"post-8711","1":"product","2":"type-product","3":"status-publish","4":"has-post-thumbnail","6":"product_cat-capackzos-rural-o-urbano","7":"product_cat-adega","8":"product_cat-empresa-gl","9":"product_tag-capackzos-rural-o-urbano-gl","10":"product_tag-d-o-ribeira-sacra-gl","11":"product_tag-pack-gourmet-gl","12":"product_tag-picnic-gl","13":"product_tag-producto-gourmet-gallego-gl","15":"first","16":"instock","17":"taxable","18":"shipping-taxable","19":"purchasable","20":"product-type-simple"},"_links":{"self":[{"href":"https:\/\/ruralourbano.com\/gl\/wp-json\/wp\/v2\/product\/8711","targetHints":{"allow":["GET"]}}],"collection":[{"href":"https:\/\/ruralourbano.com\/gl\/wp-json\/wp\/v2\/product"}],"about":[{"href":"https:\/\/ruralourbano.com\/gl\/wp-json\/wp\/v2\/types\/product"}],"replies":[{"embeddable":true,"href":"https:\/\/ruralourbano.com\/gl\/wp-json\/wp\/v2\/comments?post=8711"}],"wp:featuredmedia":[{"embeddable":true,"href":"https:\/\/ruralourbano.com\/gl\/wp-json\/wp\/v2\/media\/8714"}],"wp:attachment":[{"href":"https:\/\/ruralourbano.com\/gl\/wp-json\/wp\/v2\/media?parent=8711"}],"wp:term":[{"taxonomy":"product_brand","embeddable":true,"href":"https:\/\/ruralourbano.com\/gl\/wp-json\/wp\/v2\/product_brand?post=8711"},{"taxonomy":"product_cat","embeddable":true,"href":"https:\/\/ruralourbano.com\/gl\/wp-json\/wp\/v2\/product_cat?post=8711"},{"taxonomy":"product_tag","embeddable":true,"href":"https:\/\/ruralourbano.com\/gl\/wp-json\/wp\/v2\/product_tag?post=8711"}],"curies":[{"name":"wp","href":"https:\/\/api.w.org\/{rel}","templated":true}]}}