{"id":8717,"date":"2023-09-05T19:09:38","date_gmt":"2023-09-05T17:09:38","guid":{"rendered":"https:\/\/164.92.128.162\/?post_type=product&#038;p=8717"},"modified":"2026-01-28T18:51:02","modified_gmt":"2026-01-28T17:51:02","slug":"ribada-seleccion-mencia-rosado","status":"publish","type":"product","link":"https:\/\/ruralourbano.com\/gl\/producto\/ribada-seleccion-mencia-rosado\/","title":{"rendered":"Ribada Selecci\u00f3n Menc\u00eda rosado"},"content":{"rendered":"<p><a href=\"https:\/\/ruralourbano.com\/gl\/productores\/vinos-gl\/bodega-ribada\/\"><strong>Bodega Ribada<\/strong><\/a>\u00a0nace en 2005, a\u00ednda que a tradici\u00f3n familiar rem\u00f3ntase a varias xeraci\u00f3ns. Con minuciosidade ded\u00edcase o tempo necesario para conseguir o mellor froito e obter as\u00ed, o mellor vi\u00f1o.<\/p>\n<p>Os vi\u00f1edos de\u00a0<a href=\"https:\/\/ruralourbano.com\/gl\/productores\/vinos-gl\/bodega-ribada\/\"><strong>Bodega Ribada<\/strong><\/a>\u00a0pertencen \u00e1\u00a0<strong>D.O Ribeira Sacra<\/strong>\u00a0(subzona de Chantada). Onde o cultivo da vide se fai en escaleira, con desniveis que chegan a alcanzar o 80%. Estamos ante vi\u00f1edos catalogados como \u201cde monta\u00f1a\u201d. O traballo \u00e9 manual, cada labor na vi\u00f1a tense que facer a man porque a mecanizaci\u00f3n \u00e9 imposible.<\/p>\n<p>O cultivo da vide dos vi\u00f1edos de <a href=\"https:\/\/ruralourbano.com\/gl\/productores\/vinos-gl\/bodega-ribada\/\"><strong>Bodega Ribada<\/strong><\/a> faise en escaleira, con desniveis que chegan a alcanzar o 80%. Estamos ante vi\u00f1edos catalogados como \u201cde monta\u00f1a\u201d. O traballo \u00e9 manual, cada labor na vi\u00f1a tense que facer a man porque a mecanizaci\u00f3n \u00e9 imposible.<\/p>\n<p><strong>Descrici\u00f3n vi\u00f1o Selecci\u00f3n Ribada Menc\u00eda rosado:<\/strong><\/p>\n<ul>\n<li><strong>D.O Ribeira Sacra<\/strong><\/li>\n<li><strong>Vi\u00f1o rosado<\/strong><\/li>\n<li>Uva variedade menc\u00eda 100%<\/li>\n<li>Botella 75cl<\/li>\n<li>Grao alcoh\u00f3lico 14.00% vol<\/li>\n<li>En\u00f3loga: Iria Otero Mazoy<\/li>\n<li>Consumo: entre 1 e 3 anos<\/li>\n<li>Produci\u00f3n limitada. Ano 2021<\/li>\n<li>Al\u00e9rgenos: cont\u00e9n sulfitos<\/li>\n<\/ul>\n<p><strong>Elaboraci\u00f3n:<\/strong><\/p>\n<ul>\n<li>Vendima Manual en caixas. Despois dunha maceraci\u00f3n de 24 horas, o mosto s\u00e1ngrase e ferm\u00e9ntase, xa sen hollejos, en dep\u00f3sito de aceiro inoxidable durante 12 d\u00edas e a temperatura controlada. Unha vez terminada a fermentaci\u00f3n, o vi\u00f1o permanece 4 meses sobre os seus lias dando lugar a un vi\u00f1o estruturado fresco e envolvente.<\/li>\n<\/ul>\n<p><strong>Nota de cata:<\/strong><\/p>\n<ul>\n<li>Vermello cereixa, de capa media e brillante. Notas de froita vermella e bals\u00e1micos en nariz, con recordos a flores e c\u00edtricos. Fresco, longo e equilibrado en boca.<\/li>\n<\/ul>\n<p><strong>Suxesti\u00f3ns de combinaci\u00f3n:<\/strong><\/p>\n<ul>\n<li><a href=\"https:\/\/ruralourbano.com\/gl\/producto\/queso-neboa-ganderia-quintian-650g\/\"><strong>Queso N\u00e9boa Gander\u00eda Quinti\u00e1n 650g<\/strong><\/a><\/li>\n<li><a href=\"https:\/\/ruralourbano.com\/gl\/producto\/queso-agarimo-ganderia-quintian-550g\/\"><strong>Queixo Agarimo Gander\u00eda Quinti\u00e1n 550g<\/strong><\/a><\/li>\n<\/ul>\n<p><strong>Recomendaci\u00f3n:<\/strong><\/p>\n<ul>\n<li>Servir entre 10\u00baC e 12\u00baC.<\/li>\n<\/ul>\n","protected":false},"excerpt":{"rendered":"<p><strong>Ribada Selecci\u00f3n Menc\u00eda rosado<\/strong> \u00e9 un vi\u00f1o lucense elaborado por <a href=\"https:\/\/ruralourbano.com\/gl\/productores\/vinos-gl\/bodega-ribada\/\"><strong>Bodega Ribada<\/strong><\/a> \u00a0localizada en San Fiz (Concello de Chantada, <strong>Lugo<\/strong>).<\/p>\n<p>Descobre frescura e sofisticaci\u00f3n en cada sorbo con este <strong>vi\u00f1o rosado<\/strong> elaborado nas maxestosas ladeiras da <strong>Ribeira Sacra<\/strong>.<\/p>\n<p>Elaborado con uvas seleccionadas, \u00e9 o compa\u00f1eiro ideal para tapas, mariscos e momentos especiais.<\/p>\n<p><strong>De cor<\/strong> vermella cereixa brillante e capa media, en nariz destacan as notas de froita vermella, matices bals\u00e1micos e recordos florais e c\u00edtricos. En boca \u00e9 un vi\u00f1o fresco, longo e equilibrado, ideal para gozar en aperitivos, comidas lixeiras ou momentos especiais.<\/p>\n<p>Un<strong> vi\u00f1o rosado<\/strong> con identidade galega, perfecto para quen busca un<strong> vi\u00f1o da Ribeira Sacra elegante, expresivo e gastron\u00f3mico<\/strong>.<\/p>\n<p>Tap\u00f3n de vidro cun anel de acetato vinil\u2013etil\u00e9nico que ofrece a sensaci\u00f3n de ser parte da mesma botella. Tap\u00f3n absolutamente neutral ao sabor. Tap\u00f3n reutilizable.<\/p>\n<p><strong>Vi\u00f1o rosado D.O Ribeira Sacra.<\/strong><\/p>\n<p><strong>Variedade uva menc\u00eda 100%.<\/strong><\/p>\n<p><strong>Botella 75cl. Dese\u00f1o sofisticado e elegante.<\/strong><\/p>\n<p><strong>Grao Alcoh\u00f3lico 14.00 vol.<\/strong><\/p>\n<p><strong>Produto gastron\u00f3mico gourmet de Lugo.<\/strong><\/p>\n<p>Descobre o noso <a href=\"https:\/\/ruralourbano.com\/gl\/producto\/capackzo-maridaje-rosado-premium-gourmet\/\"><strong>Capackzo Maridaje Rosado Premium Gourmet<\/strong><\/a>.<\/p>\n<p><strong>Env\u00edos s\u00f3 a pen\u00ednsula | Compra produto gourmet galego seleccionado e lifestyle exclusivo<\/strong><\/p>\n","protected":false},"featured_media":8723,"comment_status":"open","ping_status":"closed","template":"","meta":{"inline_featured_image":false},"product_brand":[],"product_cat":[200,743],"product_tag":[882,816,632,773,1105,686,836],"class_list":{"0":"post-8717","1":"product","2":"type-product","3":"status-publish","4":"has-post-thumbnail","6":"product_cat-adega","7":"product_cat-empresa-gl","8":"product_tag-bodega-ribada-gl","9":"product_tag-d-o-ribeira-sacra-gl","10":"product_tag-gourmet-gl","11":"product_tag-lugo-gl","12":"product_tag-producto-gourmet-gallego-gl","13":"product_tag-ribeira-sacra-gl","14":"product_tag-vino-rosado-gl","16":"first","17":"instock","18":"taxable","19":"shipping-taxable","20":"purchasable","21":"product-type-simple"},"_links":{"self":[{"href":"https:\/\/ruralourbano.com\/gl\/wp-json\/wp\/v2\/product\/8717","targetHints":{"allow":["GET"]}}],"collection":[{"href":"https:\/\/ruralourbano.com\/gl\/wp-json\/wp\/v2\/product"}],"about":[{"href":"https:\/\/ruralourbano.com\/gl\/wp-json\/wp\/v2\/types\/product"}],"replies":[{"embeddable":true,"href":"https:\/\/ruralourbano.com\/gl\/wp-json\/wp\/v2\/comments?post=8717"}],"wp:featuredmedia":[{"embeddable":true,"href":"https:\/\/ruralourbano.com\/gl\/wp-json\/wp\/v2\/media\/8723"}],"wp:attachment":[{"href":"https:\/\/ruralourbano.com\/gl\/wp-json\/wp\/v2\/media?parent=8717"}],"wp:term":[{"taxonomy":"product_brand","embeddable":true,"href":"https:\/\/ruralourbano.com\/gl\/wp-json\/wp\/v2\/product_brand?post=8717"},{"taxonomy":"product_cat","embeddable":true,"href":"https:\/\/ruralourbano.com\/gl\/wp-json\/wp\/v2\/product_cat?post=8717"},{"taxonomy":"product_tag","embeddable":true,"href":"https:\/\/ruralourbano.com\/gl\/wp-json\/wp\/v2\/product_tag?post=8717"}],"curies":[{"name":"wp","href":"https:\/\/api.w.org\/{rel}","templated":true}]}}