{"id":8733,"date":"2023-09-10T20:43:19","date_gmt":"2023-09-10T18:43:19","guid":{"rendered":"https:\/\/164.92.128.162\/?post_type=product&#038;p=8733"},"modified":"2026-01-13T23:30:10","modified_gmt":"2026-01-13T22:30:10","slug":"capackzo-trio-quintian-gourmet","status":"publish","type":"product","link":"https:\/\/ruralourbano.com\/gl\/producto\/capackzo-trio-quintian-gourmet\/","title":{"rendered":"Capackzo Tr\u00edo Quinti\u00e1n Gourmet"},"content":{"rendered":"<p><strong>Descrici\u00f3n:<\/strong><\/p>\n<p>O <strong>Capackzo Tr\u00edo Quinti\u00e1n Gourmet<\/strong>\u00a0\u00e9 un <strong>pack gourmet<\/strong> envasado nun capazo de palma formado por:<\/p>\n<ul>\n<li><a href=\"https:\/\/ruralourbano.com\/gl\/producto\/queso-mini-neboa-ganderia-quintian-350g\/\"><strong>1 Queso Mini N\u00e9boa Gander\u00eda Quinit\u00e1n 350g<\/strong><\/a><\/li>\n<li><a href=\"https:\/\/ruralourbano.com\/gl\/producto\/queso-agarimo-ganderia-quintian-550g\/\"><strong>1 Queso Agarimo Gander\u00eda Quinti\u00e1n 550g<\/strong><\/a><\/li>\n<li><a href=\"https:\/\/ruralourbano.com\/gl\/producto\/queso-mourelo-ganderia-quintian-500g\/\"><strong>1 Queso Mourelo Gander\u00eda Quinti\u00e1n 500g<\/strong><\/a><\/li>\n<li><strong><a href=\"https:\/\/ruralourbano.com\/gl\/producto\/capazo-de-palma-conico\/\">1 Capazo de palma c\u00f3nico<\/a><\/strong><\/li>\n<\/ul>\n<p><strong>Informaci\u00f3n importante:<\/strong><\/p>\n<ul>\n<li>Antes da s\u00faa degustaci\u00f3n, deixar que os queixos adquiran o seu mellor estado e textura mant\u00e9ndoos a temperatura ambiente durante m\u00ednimo unha media hora.<\/li>\n<\/ul>\n<p><strong>Coidados do capazo de palma:<\/strong><\/p>\n<ul>\n<li>Cando non o uses, g\u00e1rdao nun espazo no que nada o deforme.<\/li>\n<li>Recomendamos gardar o teu capazo de palma nunha bolsa guardapolvo.<\/li>\n<li>En caso de mancha, limpar cun pano h\u00famido canto antes.<\/li>\n<\/ul>\n","protected":false},"excerpt":{"rendered":"<p>O noso <strong>Capackzo Tr\u00edo Quinti\u00e1n Gourmet<\/strong> \u00e9 un <strong>pack gourmet<\/strong> de <strong>Lugo<\/strong>.<\/p>\n<p>O exclusivo <strong>Capackzo Tr\u00edo Quinti\u00e1n Gourmet<\/strong> \u00e9 a combinaci\u00f3n perfecta para os amantes do queixo artesanal de gran calidade. Crea unha fabulosa t\u00e1boa gastron\u00f3mica cos queixos de <a href=\"https:\/\/ruralourbano.com\/gl\/productores\/queixos\/ganderia-quintian\/\"><strong>Gander\u00eda Quinti\u00e1n<\/strong><\/a> e outros alimentos cos que combinalos e\u2026 Sorprende a todos os comensais!<\/p>\n<p>Encarga o teu <strong>Capackzo Tr\u00edo Quinti\u00e1n Gourmet<\/strong> se est\u00e1s a realizar o <strong>Cami\u00f1o de Santiago<\/strong>.<\/p>\n<p>O <strong>Capackzo Tr\u00edo Quinti\u00e1n Gourmet<\/strong> \u00e9 unha orixinal proposta de gastronom\u00eda do <strong>Cami\u00f1o de Santiago Franc\u00e9s<\/strong>. Se es peregrino entreg\u00e1moscho en man en calquera localizaci\u00f3n da etapa entre Sarria e Portomarin para que o poidas gozar a modo de<strong> picnic<\/strong>.<\/p>\n<p>Co <strong>Capackzo Tr\u00edo Quinti\u00e1n Gourmet<\/strong><strong>\u00a0<\/strong>vas recibir:<\/p>\n<ul>\n<li><a href=\"https:\/\/ruralourbano.com\/gl\/producto\/queso-mini-neboa-ganderia-quintian-350g\/\"><strong>1 Queso Mini N\u00e9boa Gander\u00eda Quinit\u00e1n 350g<\/strong><\/a><\/li>\n<li><a href=\"https:\/\/ruralourbano.com\/gl\/producto\/queso-agarimo-ganderia-quintian-550g\/\"><strong>1 Queso Agarimo Gander\u00eda Quinti\u00e1n 550g<\/strong><\/a><\/li>\n<li><a href=\"https:\/\/ruralourbano.com\/gl\/producto\/queso-mourelo-ganderia-quintian-500g\/\"><strong>1 Queso Mourelo Gander\u00eda Quinti\u00e1n 500g<\/strong><\/a><\/li>\n<li><strong><a href=\"https:\/\/ruralourbano.com\/gl\/producto\/capazo-de-palma-conico\/\">1 Capazo de palma c\u00f3nico<\/a><\/strong><\/li>\n<\/ul>\n<p>Os nosos mini <a href=\"https:\/\/ruralourbano.com\/gl\/cat\/capackzos-rural-o-urbano\/\"><strong>Capackzos Rural o Urbano<\/strong><\/a> son a opci\u00f3n ideal se desexas realizar un agasallo de agradecemento ou ben obsequiar cun pequeno presente a algu\u00e9n que aprecias dun modo exclusivo e orixinal.<\/p>\n<p><strong>Env\u00edos so a pen\u00ednsula | Compra produto gourmet galego seleccionado e lifestyle exclusivo<\/strong><\/p>\n","protected":false},"featured_media":12542,"comment_status":"open","ping_status":"closed","template":"","meta":{"inline_featured_image":false},"product_brand":[],"product_cat":[168,743,201],"product_tag":[1071,525,773,664,820,1105],"class_list":{"0":"post-8733","1":"product","2":"type-product","3":"status-publish","4":"has-post-thumbnail","6":"product_cat-capackzos-rural-o-urbano","7":"product_cat-empresa-gl","8":"product_cat-tentempies","9":"product_tag-camino-de-santiago-gl","10":"product_tag-capackzos-rural-o-urbano-gl","11":"product_tag-lugo-gl","12":"product_tag-pack-gourmet-gl","13":"product_tag-picnic-gl","14":"product_tag-producto-gourmet-gallego-gl","16":"first","17":"instock","18":"taxable","19":"shipping-taxable","20":"purchasable","21":"product-type-simple"},"_links":{"self":[{"href":"https:\/\/ruralourbano.com\/gl\/wp-json\/wp\/v2\/product\/8733","targetHints":{"allow":["GET"]}}],"collection":[{"href":"https:\/\/ruralourbano.com\/gl\/wp-json\/wp\/v2\/product"}],"about":[{"href":"https:\/\/ruralourbano.com\/gl\/wp-json\/wp\/v2\/types\/product"}],"replies":[{"embeddable":true,"href":"https:\/\/ruralourbano.com\/gl\/wp-json\/wp\/v2\/comments?post=8733"}],"wp:featuredmedia":[{"embeddable":true,"href":"https:\/\/ruralourbano.com\/gl\/wp-json\/wp\/v2\/media\/12542"}],"wp:attachment":[{"href":"https:\/\/ruralourbano.com\/gl\/wp-json\/wp\/v2\/media?parent=8733"}],"wp:term":[{"taxonomy":"product_brand","embeddable":true,"href":"https:\/\/ruralourbano.com\/gl\/wp-json\/wp\/v2\/product_brand?post=8733"},{"taxonomy":"product_cat","embeddable":true,"href":"https:\/\/ruralourbano.com\/gl\/wp-json\/wp\/v2\/product_cat?post=8733"},{"taxonomy":"product_tag","embeddable":true,"href":"https:\/\/ruralourbano.com\/gl\/wp-json\/wp\/v2\/product_tag?post=8733"}],"curies":[{"name":"wp","href":"https:\/\/api.w.org\/{rel}","templated":true}]}}