{"id":8845,"date":"2023-09-15T16:30:09","date_gmt":"2023-09-15T14:30:09","guid":{"rendered":"https:\/\/164.92.128.162\/?post_type=product&#038;p=8845"},"modified":"2026-01-29T21:55:06","modified_gmt":"2026-01-29T20:55:06","slug":"pack-vermouth-vaya-par-gourmet","status":"publish","type":"product","link":"https:\/\/ruralourbano.com\/gl\/producto\/pack-vermouth-vaya-par-gourmet\/","title":{"rendered":"Pack Vermouth Vaya Par Gourmet"},"content":{"rendered":"<p>Os <strong>vermouth<\/strong> <a href=\"https:\/\/ruralourbano.com\/gl\/productores\/vermouth-gl\/vermouth-el-riba\/\"><strong>El Riba<\/strong><\/a> nacen da man de Emilio Mart\u00ednez, propietario do famoso local de restauraci\u00f3n lucense que leva o mesmo nome que esta bebida, <a href=\"https:\/\/ruralourbano.com\/gl\/productores\/vermouth-gl\/vermouth-el-riba\/\"><strong>El Riba<\/strong><\/a> (localizado en Praza do Campo, 12 en pleno centro hist\u00f3rico da cidade de <strong>Lugo<\/strong>).<\/p>\n<p>O <strong>Pack Vermouth Vaya Par Gourmet<\/strong> \u00e9 un pack gourmet composto por:<\/p>\n<ul>\n<li><a href=\"https:\/\/ruralourbano.com\/gl\/producto\/vermouth-clasico-el-riba\/\"><strong>1 Vermouth Cl\u00e1sico El Riba<\/strong><\/a><\/li>\n<li><a href=\"https:\/\/ruralourbano.com\/gl\/producto\/vermouth-blanco-el-riba\/\"><strong>1 Vermouth Blanco El Riba<\/strong><\/a><\/li>\n<\/ul>\n<p><strong>Suxesti\u00f3ns de combinaci\u00f3n:<\/strong><\/p>\n<ul>\n<li><a href=\"https:\/\/ruralourbano.com\/gl\/producto\/queso-neboa-ganderia-quintian-650g\/\"><strong>Queso N\u00e9boa Gander\u00eda Quinti\u00e1n 650g<\/strong><\/a><\/li>\n<li><a href=\"https:\/\/ruralourbano.com\/gl\/producto\/queso-agarimo-ganderia-quintian-550g\/\"><strong>Queso Agarimo Gander\u00eda Quinti\u00e1n 550g<\/strong><\/a><\/li>\n<li><a href=\"https:\/\/ruralourbano.com\/gl\/producto\/patatotas-bolsa-mini-44g\/\"><strong>Patatotas bolsa mini 44g<\/strong><\/a><\/li>\n<\/ul>\n<p><strong>Recomendaci\u00f3n:<\/strong><\/p>\n<ul>\n<li>Servir o <strong>vermouth<\/strong> entre 6\u00baC e 10\u00baC.<\/li>\n<\/ul>\n","protected":false},"excerpt":{"rendered":"<p>O noso <strong>Pack Vermouth Vaya Par Gourmet<\/strong> \u00e9 un <strong>pack gourmet<\/strong> de <strong>Lugo<\/strong>.<\/p>\n<p>Os vermouths do <a href=\"https:\/\/ruralourbano.com\/gl\/productores\/vermouth-gl\/el-riba\/\"><strong>El Riba<\/strong><\/a> son todo un cl\u00e1sico por excelencia na cidade de <strong>Lugo<\/strong>. Non goces dun s\u00f3 <strong>vermouth<\/strong>, <strong>se podes gozar dos dous!<\/strong><\/p>\n<p>Nas s\u00faas d\u00faas variedades son unha aut\u00e9ntica xoia para os amantes do bo <strong>vermouth<\/strong>.<\/p>\n<p><strong>El Riba, \u201cO vermouth que se bebe en Lugo\u201d.<\/strong><\/p>\n<p>Botella de cristal con cl\u00e1sico tap\u00f3n mec\u00e1nico (75cl \/ ALC 15% 100 VOL).<\/p>\n<p>Co <strong>Pack Vermouth Vaya Par Gourmet<\/strong> vas recibir:<\/p>\n<ul>\n<li><a href=\"https:\/\/ruralourbano.com\/gl\/producto\/vermouth-clasico-el-riba\/\"><strong>1 Vermouth Cl\u00e1sico El Riba<\/strong><\/a><\/li>\n<li><a href=\"https:\/\/ruralourbano.com\/gl\/producto\/vermouth-blanco-el-riba\/\"><strong>1 Vermouth Blanco El Riba<\/strong><\/a><\/li>\n<\/ul>\n<p>Descobre a <a href=\"https:\/\/ruralourbano.com\/gl\/producto\/crema-de-cafe-el-riba\/\"><strong>Crema de Caf\u00e9 El Riba<\/strong><\/a> e o <a href=\"https:\/\/ruralourbano.com\/gl\/producto\/crema-de-cafe-el-riba\/\"><strong>Licor de Caf\u00e9 El Riba<\/strong><\/a>.<\/p>\n<p><strong>Env\u00edos s\u00f3 a pen\u00ednsula | Compra produto gourmet galego seleccionado e lifestyle exclusivo<\/strong><\/p>\n","protected":false},"featured_media":12631,"comment_status":"open","ping_status":"closed","template":"","meta":{"inline_featured_image":false},"product_brand":[],"product_cat":[200,743],"product_tag":[744,773,664,1015],"class_list":{"0":"post-8845","1":"product","2":"type-product","3":"status-publish","4":"has-post-thumbnail","6":"product_cat-adega","7":"product_cat-empresa-gl","8":"product_tag-el-riba-gl","9":"product_tag-lugo-gl","10":"product_tag-pack-gourmet-gl","11":"product_tag-vermouth-gl","13":"first","14":"instock","15":"taxable","16":"shipping-taxable","17":"purchasable","18":"product-type-simple"},"_links":{"self":[{"href":"https:\/\/ruralourbano.com\/gl\/wp-json\/wp\/v2\/product\/8845","targetHints":{"allow":["GET"]}}],"collection":[{"href":"https:\/\/ruralourbano.com\/gl\/wp-json\/wp\/v2\/product"}],"about":[{"href":"https:\/\/ruralourbano.com\/gl\/wp-json\/wp\/v2\/types\/product"}],"replies":[{"embeddable":true,"href":"https:\/\/ruralourbano.com\/gl\/wp-json\/wp\/v2\/comments?post=8845"}],"wp:featuredmedia":[{"embeddable":true,"href":"https:\/\/ruralourbano.com\/gl\/wp-json\/wp\/v2\/media\/12631"}],"wp:attachment":[{"href":"https:\/\/ruralourbano.com\/gl\/wp-json\/wp\/v2\/media?parent=8845"}],"wp:term":[{"taxonomy":"product_brand","embeddable":true,"href":"https:\/\/ruralourbano.com\/gl\/wp-json\/wp\/v2\/product_brand?post=8845"},{"taxonomy":"product_cat","embeddable":true,"href":"https:\/\/ruralourbano.com\/gl\/wp-json\/wp\/v2\/product_cat?post=8845"},{"taxonomy":"product_tag","embeddable":true,"href":"https:\/\/ruralourbano.com\/gl\/wp-json\/wp\/v2\/product_tag?post=8845"}],"curies":[{"name":"wp","href":"https:\/\/api.w.org\/{rel}","templated":true}]}}