{"id":9010,"date":"2023-10-12T16:19:39","date_gmt":"2023-10-12T14:19:40","guid":{"rendered":"https:\/\/164.92.128.162\/?post_type=product&#038;p=9010"},"modified":"2025-03-11T21:11:04","modified_gmt":"2025-03-11T20:11:04","slug":"pack-duo-maridaje-gourmet","status":"publish","type":"product","link":"https:\/\/ruralourbano.com\/gl\/producto\/pack-duo-maridaje-gourmet\/","title":{"rendered":"Pack D\u00fao Maridaje Gourmet"},"content":{"rendered":"<p><strong>Descrici\u00f3n:<\/strong><\/p>\n<p>El <strong>Pack D\u00fao Maridaje Gourmet<\/strong>\u00a0\u00e9 un <strong>pack gourme<\/strong>t formado con:<\/p>\n<ul>\n<li><a href=\"https:\/\/ruralourbano.com\/gl\/producto\/ribada-seleccion-mencia-rosado\/\"><strong>1 Ribada Selecci\u00f3n menc\u00eda Rosado<\/strong><\/a><\/li>\n<li><a href=\"https:\/\/ruralourbano.com\/gl\/producto\/queso-neboa-ganderia-quinti\u00e1n-650g\"><strong>1 Queso N\u00e9boa Gander\u00eda Quinti\u00e1n 650g<\/strong><\/a><\/li>\n<\/ul>\n<p><strong>Recomendacions:<\/strong><\/p>\n<ul>\n<li>Servir o vi\u00f1o entre 10 \u00b0C e 12 \u00b0C.<\/li>\n<li>Almacenar o vi\u00f1o nun lugar fresco e seco.<\/li>\n<li>Antes de a degustaci\u00f3n, deixar que o queixo adquira o seu mellor estado e textura mant\u00e9ndoo a temperatura ambiente durante m\u00ednimo unha media hora.<\/li>\n<\/ul>\n","protected":false},"excerpt":{"rendered":"<p>O noso <strong>Pack D\u00fao Maridaje Gourmet<\/strong>\u00a0\u00e9 un <strong>pack gourmet<\/strong> de <strong>Lugo<\/strong>.<\/p>\n<p>O <strong>Pack D\u00fao Maridaje Gourmet<\/strong> \u00e9 a elecci\u00f3n ideal para os amantes dos produtos selectos que buscan unha <strong>experiencia gastron\u00f3mica<\/strong> \u00fanica.<\/p>\n<p>Este exclusivo<strong> pack gourmet<\/strong> combina un exquisito vi\u00f1o rosado co inconfundible <a href=\"https:\/\/ruralourbano.com\/gl\/producto\/queso-neboa-ganderia-quintian-650g\/\"><strong>Queixo N\u00e9boa<\/strong><\/a> de <a href=\"https:\/\/ruralourbano.com\/gl\/productores\/queixos\/ganderia-quintian\/\"><strong>Gander\u00eda Quinti\u00e1n<\/strong><\/a> <strong>premiado nos World Cheese Awards 2023<\/strong>, o d\u00fao perfecto para gozar dunha maridaxe de sabor equilibrado e sofisticado.<\/p>\n<p>Encarga o teu <strong>Pack D\u00fao Maridaje Gourmet<\/strong> se est\u00e1s a realizar o\u00a0<strong>Cami\u00f1o de Santiago<\/strong>.<\/p>\n<p>O <strong>Pack Maridaje Rosado<\/strong> \u00e9 unha orixinal proposta de <strong>gastronom\u00eda do Cami\u00f1o de Santiago Franc\u00e9s<\/strong>. Se es peregrino entreg\u00e1moscho en man en calquera localizaci\u00f3n da etapa entre Sarria e Portomarin para que o poidas gozar a modo de\u00a0<strong>picnic<\/strong>.<\/p>\n<p>Co <b>Pack D\u00fao Maridaje Gourmet <\/b>vas a recibir:<\/p>\n<ul>\n<li><a href=\"https:\/\/ruralourbano.com\/gl\/producto\/ribada-seleccion-mencia-rosado\/\"><strong>1 Ribada Selecci\u00f3n menc\u00eda Rosado<\/strong><\/a><\/li>\n<li><a href=\"https:\/\/ruralourbano.com\/gl\/producto\/queso-neboa-ganderia-quintian-650g\/\"><strong>1 Queso N\u00e9boa Gander\u00eda Quinti\u00e1n 650g<\/strong><\/a><\/li>\n<\/ul>\n<p>Botar unha ollada ao noso <a href=\"https:\/\/ruralourbano.com\/gl\/producto\/capackzo-maridaje-rosado-gourmet\/\"><strong>Capackzo Maridaje Rosado Gourmet<\/strong><\/a>.<\/p>\n<p><strong>Env\u00edos s\u00f3 a pen\u00ednsula | Compra produto gourmet galego seleccionado e lifestyle exclusivo<\/strong><\/p>\n","protected":false},"featured_media":9013,"comment_status":"open","ping_status":"closed","template":"","meta":{"inline_featured_image":false},"product_brand":[],"product_cat":[200,743],"product_tag":[1071,1037,791,773,664,821],"class_list":{"0":"post-9010","1":"product","2":"type-product","3":"status-publish","4":"has-post-thumbnail","6":"product_cat-adega","7":"product_cat-empresa-gl","8":"product_tag-camino-de-santiago-gl","9":"product_tag-camino-de-santiago-frances-gl","10":"product_tag-experiencia-gastronomica-gl","11":"product_tag-lugo-gl","12":"product_tag-pack-gourmet-gl","13":"product_tag-world-cheese-awards-2023-gl","15":"first","16":"instock","17":"taxable","18":"shipping-taxable","19":"purchasable","20":"product-type-simple"},"jetpack_sharing_enabled":true,"_links":{"self":[{"href":"https:\/\/ruralourbano.com\/gl\/wp-json\/wp\/v2\/product\/9010","targetHints":{"allow":["GET"]}}],"collection":[{"href":"https:\/\/ruralourbano.com\/gl\/wp-json\/wp\/v2\/product"}],"about":[{"href":"https:\/\/ruralourbano.com\/gl\/wp-json\/wp\/v2\/types\/product"}],"replies":[{"embeddable":true,"href":"https:\/\/ruralourbano.com\/gl\/wp-json\/wp\/v2\/comments?post=9010"}],"wp:featuredmedia":[{"embeddable":true,"href":"https:\/\/ruralourbano.com\/gl\/wp-json\/wp\/v2\/media\/9013"}],"wp:attachment":[{"href":"https:\/\/ruralourbano.com\/gl\/wp-json\/wp\/v2\/media?parent=9010"}],"wp:term":[{"taxonomy":"product_brand","embeddable":true,"href":"https:\/\/ruralourbano.com\/gl\/wp-json\/wp\/v2\/product_brand?post=9010"},{"taxonomy":"product_cat","embeddable":true,"href":"https:\/\/ruralourbano.com\/gl\/wp-json\/wp\/v2\/product_cat?post=9010"},{"taxonomy":"product_tag","embeddable":true,"href":"https:\/\/ruralourbano.com\/gl\/wp-json\/wp\/v2\/product_tag?post=9010"}],"curies":[{"name":"wp","href":"https:\/\/api.w.org\/{rel}","templated":true}]}}