{"id":9018,"date":"2023-10-12T17:12:55","date_gmt":"2023-10-12T15:12:55","guid":{"rendered":"https:\/\/164.92.128.162\/?post_type=product&#038;p=9018"},"modified":"2026-01-29T22:37:19","modified_gmt":"2026-01-29T21:37:19","slug":"capackzo-maridaje-rosado-gourmet","status":"publish","type":"product","link":"https:\/\/ruralourbano.com\/gl\/producto\/capackzo-maridaje-rosado-gourmet\/","title":{"rendered":"Capackzo Maridaje Rosado Gourmet"},"content":{"rendered":"<p><strong>Descrici\u00f3n:<\/strong><\/p>\n<p>O <strong>Capackzo Maridaje Rosado\u00a0Gourmet<\/strong> \u00e9 un<strong> pack gourmet<\/strong> envasado nun capazo de palma formado por:<\/p>\n<ul>\n<li><strong><a href=\"https:\/\/ruralourbano.com\/gl\/producto\/queso-neboa-ganderia-quintian-650g\/\">1 Queso N\u00e9boa Gander\u00eda Quinti\u00e1n 650g<\/a><\/strong><\/li>\n<li><strong><a href=\"https:\/\/ruralourbano.com\/gl\/producto\/queso-agarimo-ganderia-quintian-550g\/\">1 Queso Agarimo Gander\u00eda Quinti\u00e1n 550g<\/a><\/strong><\/li>\n<li><a href=\"https:\/\/ruralourbano.com\/gl\/producto\/ribada-seleccion-mencia-rosado\/\"><strong>1 Ribada Selecci\u00f3n menc\u00eda Rosado<\/strong><\/a><\/li>\n<li><a href=\"https:\/\/ruralourbano.com\/gl\/producto\/capazo-de-palma\/\"><strong>1 Capazo de palma<\/strong><\/a><\/li>\n<\/ul>\n<p><strong>Suxesti\u00f3ns de combinaci\u00f3n:<\/strong><\/p>\n<ul>\n<li><a href=\"https:\/\/ruralourbano.com\/gl\/producto\/queso-mourelo-ganderia-quintian-500g\/\"><strong>Queso Mourelo Gander\u00eda Quinti\u00e1n 500g<\/strong><\/a><\/li>\n<\/ul>\n<p><strong>Recomendaci\u00f3n para degustaci\u00f3n:<\/strong><\/p>\n<ul>\n<li>Antes da s\u00faa degustaci\u00f3n, deixar que os queixos adquiran o seu mellor estado e textura mant\u00e9ndoos a temperatura ambiente durante m\u00ednimo unha media hora.<\/li>\n<li>Servir o vi\u00f1o entre 10\u00baC e 12\u00baC.<\/li>\n<\/ul>\n","protected":false},"excerpt":{"rendered":"<p>O <strong>Capackzo Maridaje Rosado Gourmet<\/strong>\u00a0\u00e9 un <strong>pack gourmet<\/strong> de <strong>Lugo<\/strong>.<\/p>\n<p>O <strong>Capackzo Maridaje Rosado Gourmet<\/strong> \u00e9 unha<strong> experiencia gastron\u00f3mica<\/strong> protagonizada por tan s\u00f3 dous elementos: o <strong>queixo<\/strong> e o <strong>vi\u00f1o<\/strong>. Non vas necesitar m\u00e1is. E \u00e9 que a combinaci\u00f3n destes dous produtos gastron\u00f3micos son m\u00e1is que suficientes para conseguir que o teu padal goce dun sinxela pero moi sofisticada <strong>degustaci\u00f3n gourmet<\/strong>.<\/p>\n<p>Encarga o teu <strong>Capackzo Maridaje Rosado Gourmet<\/strong>\u00a0se est\u00e1s a realizar o\u00a0<strong>Cami\u00f1o de Santiago<\/strong>.<\/p>\n<p>O <strong>Capackzo Maridaje Rosado Gourmet<\/strong>\u00a0\u00e9 unha orixinal proposta de\u00a0<strong>gastronom\u00eda do Camino de Santiago Franc\u00e9s<\/strong>. Se es peregrino entreg\u00e1moscho en man en calquera localizaci\u00f3n da etapa entre Sarria e Portomarin para que o poidas gozar a modo de\u00a0<strong>picnic<\/strong>.<\/p>\n<p>Co <strong>Capackzo Maridaje Rosado Gourmet <\/strong>vas recibir:<\/p>\n<ul>\n<li><strong><a href=\"https:\/\/ruralourbano.com\/gl\/producto\/queso-neboa-ganderia-quintian-650g\/\">1 Queso N\u00e9boa Gander\u00eda Quinti\u00e1n 650g<\/a><\/strong><\/li>\n<li><strong><a href=\"https:\/\/ruralourbano.com\/gl\/producto\/queso-agarimo-ganderia-quintian-550g\/\">1 Queso Agarimo Gander\u00eda Quinti\u00e1n 550g<\/a><\/strong><\/li>\n<li><a href=\"https:\/\/ruralourbano.com\/gl\/producto\/ribada-seleccion-mencia-rosado\/\"><strong>1 Ribada Selecci\u00f3n menc\u00eda Rosado<\/strong><\/a><\/li>\n<li><a href=\"https:\/\/ruralourbano.com\/gl\/producto\/capazo-de-palma\/\"><strong>1 Capazo de palma<\/strong><\/a><\/li>\n<\/ul>\n<p>Os nosos <a href=\"https:\/\/ruralourbano.com\/gl\/cat\/capackzos-rural-o-urbano\/\"><strong>Capackzos Rural o Urbano<\/strong><\/a> son a opci\u00f3n ideal se desexas realizar un agasallo de agradecemento ou ben obsequiar cun pequeno presente a algu\u00e9n que aprecias dun modo exclusivo e orixinal.<\/p>\n<p><strong>Env\u00edos s\u00f3 a pen\u00ednsula | Compra produto gourmet galego seleccionado e lifestyle exclusivo<\/strong><\/p>\n","protected":false},"featured_media":9021,"comment_status":"open","ping_status":"closed","template":"","meta":{"inline_featured_image":false},"product_brand":[],"product_cat":[200,168,743,201,442],"product_tag":[1037,865,791,773,664,820,1105],"class_list":{"0":"post-9018","1":"product","2":"type-product","3":"status-publish","4":"has-post-thumbnail","6":"product_cat-adega","7":"product_cat-capackzos-rural-o-urbano","8":"product_cat-empresa-gl","9":"product_cat-tentempies","10":"product_cat-top-ventas","11":"product_tag-camino-de-santiago-frances-gl","12":"product_tag-degustacion-gourmet-gl","13":"product_tag-experiencia-gastronomica-gl","14":"product_tag-lugo-gl","15":"product_tag-pack-gourmet-gl","16":"product_tag-picnic-gl","17":"product_tag-producto-gourmet-gallego-gl","19":"first","20":"instock","21":"taxable","22":"shipping-taxable","23":"purchasable","24":"product-type-simple"},"jetpack_sharing_enabled":true,"_links":{"self":[{"href":"https:\/\/ruralourbano.com\/gl\/wp-json\/wp\/v2\/product\/9018","targetHints":{"allow":["GET"]}}],"collection":[{"href":"https:\/\/ruralourbano.com\/gl\/wp-json\/wp\/v2\/product"}],"about":[{"href":"https:\/\/ruralourbano.com\/gl\/wp-json\/wp\/v2\/types\/product"}],"replies":[{"embeddable":true,"href":"https:\/\/ruralourbano.com\/gl\/wp-json\/wp\/v2\/comments?post=9018"}],"wp:featuredmedia":[{"embeddable":true,"href":"https:\/\/ruralourbano.com\/gl\/wp-json\/wp\/v2\/media\/9021"}],"wp:attachment":[{"href":"https:\/\/ruralourbano.com\/gl\/wp-json\/wp\/v2\/media?parent=9018"}],"wp:term":[{"taxonomy":"product_brand","embeddable":true,"href":"https:\/\/ruralourbano.com\/gl\/wp-json\/wp\/v2\/product_brand?post=9018"},{"taxonomy":"product_cat","embeddable":true,"href":"https:\/\/ruralourbano.com\/gl\/wp-json\/wp\/v2\/product_cat?post=9018"},{"taxonomy":"product_tag","embeddable":true,"href":"https:\/\/ruralourbano.com\/gl\/wp-json\/wp\/v2\/product_tag?post=9018"}],"curies":[{"name":"wp","href":"https:\/\/api.w.org\/{rel}","templated":true}]}}