{"id":9060,"date":"2023-10-15T19:18:06","date_gmt":"2023-10-15T17:18:06","guid":{"rendered":"https:\/\/164.92.128.162\/?post_type=product&#038;p=9060"},"modified":"2026-04-04T16:57:23","modified_gmt":"2026-04-04T14:57:23","slug":"cerveza-artesana-aloumina-loura","status":"publish","type":"product","link":"https:\/\/ruralourbano.com\/gl\/producto\/cerveza-artesana-aloumina-loura\/","title":{"rendered":"Cerveza artesana Aloumi\u00f1a Loura"},"content":{"rendered":"<p><strong>Descrici\u00f3n da Cervexa artes\u00e1 Aloumi\u00f1a Loura:<\/strong><\/p>\n<ul>\n<li><strong>Cervexa artes\u00e1<\/strong>.<\/li>\n<li>Cervexa loura de estilo belga.<\/li>\n<li>F\u00e1cil de beber.<\/li>\n<\/ul>\n<p><strong>Elaboraci\u00f3n:<\/strong><\/p>\n<ul>\n<li>Feita con l\u00fapulos Saaz y Nugget.<\/li>\n<\/ul>\n<p><strong>Suxesti\u00f3ns de combinaci\u00f3n:<\/strong><\/p>\n<ul>\n<li><a href=\"https:\/\/ruralourbano.com\/gl\/producto\/queso-neboa-ganderia-quintian-650g\/\"><strong>Queso N\u00e9boa Gander\u00eda Quinti\u00e1n 650g<\/strong><\/a><\/li>\n<li><a href=\"https:\/\/ruralourbano.com\/gl\/producto\/queso-agarimo-ganderia-quintian-550g\/\"><strong>Queso Agarimo Gander\u00eda Quinti\u00e1n 550g<\/strong><\/a><\/li>\n<li><a href=\"https:\/\/ruralourbano.com\/gl\/producto\/patatotas-bolsa-mini-44g\/\"><strong>Patatotas bolsa mini 44g<\/strong><\/a><\/li>\n<\/ul>\n","protected":false},"excerpt":{"rendered":"<p>A<strong> Cerveza artesana Aloumi\u00f1a Loura<\/strong> \u00e9 unha <strong>cervexa artes\u00e1<\/strong> elaborada por <a href=\"https:\/\/ruralourbano.com\/gl\/productores\/cerveza-gl\/cervexa-artesa-aloumina\/\"><strong>Aloumi\u00f1a<\/strong><\/a> no<strong> barrio da Tiner\u00eda<\/strong> da cidade de <strong>Lugo<\/strong>.<\/p>\n<p><strong>Cervexa loura de estilo belga<\/strong>. F\u00e1cil de beber.<\/p>\n<p>O principal obxectivo de <a href=\"https:\/\/ruralourbano.com\/gl\/productores\/cerveza-gl\/cervexa-artesa-aloumina\/\"><strong>Aloumi\u00f1a<\/strong><\/a>\u00a0\u00e9 elaborar cervexas diferentes. Reinterpretando os estilos cl\u00e1sicos que tanto gustan aos amantes das cervexas artes\u00e1s, achegando un matiz persoal a cada unha das s\u00faas referencias.<\/p>\n<p><strong>Belgian Blonde Ale \/ 21 IBU \/ 33cl.\u00a0<\/strong><\/p>\n<p><strong>Grao Alcoh\u00f3lico 5.5% Vol.<\/strong><\/p>\n<p><strong>Bronce Barcelona Beer Challenge 2017.<\/strong><\/p>\n<p><strong>Produto gastron\u00f3mico gourmet de Lugo.<\/strong><\/p>\n<p>Descobre o <a href=\"https:\/\/ruralourbano.com\/gl\/producto\/mini-capackzo-sol-y-sal-gourmet\/\"><strong>Mini Capackzo Sol y Sal Gourmet<\/strong><\/a>.<\/p>\n<p><strong>Env\u00edos s\u00f3 a pen\u00ednsula | Compra produto gourmet galego seleccionado e lifestyle exclusivo<\/strong><\/p>\n","protected":false},"featured_media":9061,"comment_status":"open","ping_status":"closed","template":"","meta":{"inline_featured_image":false},"product_brand":[],"product_cat":[200],"product_tag":[1013,632,795,773],"class_list":{"0":"post-9060","1":"product","2":"type-product","3":"status-publish","4":"has-post-thumbnail","6":"product_cat-adega","7":"product_tag-cerveza-artesana-gl","8":"product_tag-gourmet-gl","9":"product_tag-loura-gl","10":"product_tag-lugo-gl","12":"first","13":"instock","14":"taxable","15":"shipping-taxable","16":"purchasable","17":"product-type-simple"},"_links":{"self":[{"href":"https:\/\/ruralourbano.com\/gl\/wp-json\/wp\/v2\/product\/9060","targetHints":{"allow":["GET"]}}],"collection":[{"href":"https:\/\/ruralourbano.com\/gl\/wp-json\/wp\/v2\/product"}],"about":[{"href":"https:\/\/ruralourbano.com\/gl\/wp-json\/wp\/v2\/types\/product"}],"replies":[{"embeddable":true,"href":"https:\/\/ruralourbano.com\/gl\/wp-json\/wp\/v2\/comments?post=9060"}],"wp:featuredmedia":[{"embeddable":true,"href":"https:\/\/ruralourbano.com\/gl\/wp-json\/wp\/v2\/media\/9061"}],"wp:attachment":[{"href":"https:\/\/ruralourbano.com\/gl\/wp-json\/wp\/v2\/media?parent=9060"}],"wp:term":[{"taxonomy":"product_brand","embeddable":true,"href":"https:\/\/ruralourbano.com\/gl\/wp-json\/wp\/v2\/product_brand?post=9060"},{"taxonomy":"product_cat","embeddable":true,"href":"https:\/\/ruralourbano.com\/gl\/wp-json\/wp\/v2\/product_cat?post=9060"},{"taxonomy":"product_tag","embeddable":true,"href":"https:\/\/ruralourbano.com\/gl\/wp-json\/wp\/v2\/product_tag?post=9060"}],"curies":[{"name":"wp","href":"https:\/\/api.w.org\/{rel}","templated":true}]}}