{"id":9083,"date":"2023-10-17T18:11:24","date_gmt":"2023-10-17T16:11:24","guid":{"rendered":"https:\/\/164.92.128.162\/?post_type=product&#038;p=9083"},"modified":"2025-05-02T20:34:44","modified_gmt":"2025-05-02T18:34:44","slug":"miel-cruda-de-flores-silvestres-dabella-1000g","status":"publish","type":"product","link":"https:\/\/ruralourbano.com\/gl\/producto\/miel-cruda-de-flores-silvestres-dabella-1000g\/","title":{"rendered":"Miel cruda de flores silvestres Dabella 1000g"},"content":{"rendered":"<p><strong>Descrici\u00f3n:<\/strong><\/p>\n<ul>\n<li><strong>Miel cruda de flores silvestres Dabella 1000g<\/strong> \u00e9 una <strong>mel<\/strong> 100% natural.<\/li>\n<li>Peso neto 1000g.<\/li>\n<li>Produto de produci\u00f3n primaria obtido mediante apicultura sostible e comprometida coa contorna.<\/li>\n<li><strong>Mel cru<\/strong> de abellas obtido de forma artes\u00e1 mediante centrifugado en fr\u00edo para manter todas as s\u00faas propiedades nutritivas.<\/li>\n<\/ul>\n<p><strong>Ingredientes:<\/strong><\/p>\n<ul>\n<li><strong>Mel cru<\/strong> de flores silvestres 100% natural.<\/li>\n<\/ul>\n<p><strong>Suxestiones de combinaci\u00f3n:<\/strong><\/p>\n<ul>\n<li><a href=\"https:\/\/ruralourbano.com\/gl\/producto\/queso-mini-neboa-ganderia-quintian-350g\/\"><strong>Queso Mini N\u00e9boa Gander\u00eda Quinti\u00e1n 350g<\/strong><\/a><\/li>\n<li><a href=\"https:\/\/ruralourbano.com\/gl\/producto\/queso-neboa-ganderia-quintian-650g\/\"><strong>Queso N\u00e9boa Gander\u00eda Quinti\u00e1n 650g<\/strong><\/a><\/li>\n<li><a href=\"https:\/\/ruralourbano.com\/gl\/producto\/queso-agarimo-ganderia-quintian-550g\/\"><strong>Queso Agarimo Gander\u00eda Quinti\u00e1n 550g<\/strong><\/a><\/li>\n<\/ul>\n<p><strong>Recomendaci\u00f3n:<\/strong><\/p>\n<ul>\n<li>Pola s\u00faa pureza este <strong>mel<\/strong> pode cristalizar, se se prefire o <strong>mel<\/strong> l\u00edquido s\u00f3 debe quentar o bote ao ba\u00f1o mar\u00eda.<\/li>\n<li>Manter\/almacenar nun lugar seco e fresco.<\/li>\n<\/ul>\n","protected":false},"excerpt":{"rendered":"<p>O <strong>Miel cruda de flores silvestres Dabella 1000<\/strong><strong>g<\/strong>\u00a0\u00e9 un<strong> produto gourmet<\/strong> doce elaborado artesanalmente por <strong>Dabella<\/strong> en Guitiriz (Concello de Guitiriz, <strong>Lugo<\/strong>).<\/p>\n<p><strong>Miel cruda de flores silvestres Dabella 1000g <\/strong>\u00e9 una <strong>mel<\/strong> 100% natural\u00a0de produci\u00f3n primaria obtida mediante <strong>apicultura sostible<\/strong> e comprometida coa contorna. Centrifugado en fr\u00edo para manter todas as s\u00faas propiedades nutritivas.<\/p>\n<p>Este<strong> mel<\/strong> ofrece un sabor puro, intenso e arom\u00e1tico que transporta directamente ao campos de flores de Galicia.<\/p>\n<p>Envasada a man en bote de cristal.<\/p>\n<p><strong>Peso neto 1000g.<\/strong><\/p>\n<p><strong>Produto gastron\u00f3mico gourmet de Lugo.<\/strong><\/p>\n<p>Tam\u00e9n disp\u00f3s do<strong>\u00a0<\/strong><a href=\"https:\/\/ruralourbano.com\/gl\/producto\/miel-cruda-de-flores-silvestres-dabella-500g\/\"><strong>Miel cruda de flores silvestres Dabella 500g<\/strong><\/a>.<\/p>\n<p><strong>Env\u00edos s\u00f3 a pen\u00ednsula | Compra produto gourmet galego seleccionado e lifestyle exclusivo<\/strong><\/p>\n","protected":false},"featured_media":11521,"comment_status":"open","ping_status":"closed","template":"","meta":{"inline_featured_image":false},"product_brand":[],"product_cat":[160],"product_tag":[632,773,1105],"class_list":{"0":"post-9083","1":"product","2":"type-product","3":"status-publish","4":"has-post-thumbnail","6":"product_cat-doce","7":"product_tag-gourmet-gl","8":"product_tag-lugo-gl","9":"product_tag-producto-gourmet-gallego-gl","11":"first","12":"instock","13":"taxable","14":"shipping-taxable","15":"purchasable","16":"product-type-simple"},"_links":{"self":[{"href":"https:\/\/ruralourbano.com\/gl\/wp-json\/wp\/v2\/product\/9083","targetHints":{"allow":["GET"]}}],"collection":[{"href":"https:\/\/ruralourbano.com\/gl\/wp-json\/wp\/v2\/product"}],"about":[{"href":"https:\/\/ruralourbano.com\/gl\/wp-json\/wp\/v2\/types\/product"}],"replies":[{"embeddable":true,"href":"https:\/\/ruralourbano.com\/gl\/wp-json\/wp\/v2\/comments?post=9083"}],"wp:featuredmedia":[{"embeddable":true,"href":"https:\/\/ruralourbano.com\/gl\/wp-json\/wp\/v2\/media\/11521"}],"wp:attachment":[{"href":"https:\/\/ruralourbano.com\/gl\/wp-json\/wp\/v2\/media?parent=9083"}],"wp:term":[{"taxonomy":"product_brand","embeddable":true,"href":"https:\/\/ruralourbano.com\/gl\/wp-json\/wp\/v2\/product_brand?post=9083"},{"taxonomy":"product_cat","embeddable":true,"href":"https:\/\/ruralourbano.com\/gl\/wp-json\/wp\/v2\/product_cat?post=9083"},{"taxonomy":"product_tag","embeddable":true,"href":"https:\/\/ruralourbano.com\/gl\/wp-json\/wp\/v2\/product_tag?post=9083"}],"curies":[{"name":"wp","href":"https:\/\/api.w.org\/{rel}","templated":true}]}}