{"id":9089,"date":"2023-10-20T13:10:17","date_gmt":"2023-10-20T11:10:17","guid":{"rendered":"https:\/\/164.92.128.162\/?post_type=product&#038;p=9089"},"modified":"2025-03-06T16:57:24","modified_gmt":"2025-03-06T15:57:24","slug":"mini-capackzo-meloso-gourmet","status":"publish","type":"product","link":"https:\/\/ruralourbano.com\/gl\/producto\/mini-capackzo-meloso-gourmet\/","title":{"rendered":"Mini Capackzo Meloso Gourmet"},"content":{"rendered":"<p><strong><span style=\"color: #000000;\">Descrici\u00f3n:<\/span><\/strong><\/p>\n<p>O <strong>Mini Capackzo Meloso Gourmet<\/strong> \u00e9 un pack de\u00a0<strong>produto gourmet<\/strong>\u00a0envasado nun capazo de palma formado por:<\/p>\n<ul>\n<li><a href=\"https:\/\/ruralourbano.com\/gl\/producto\/queso-mini-neboa-ganderia-quintian-350g\/\"><strong>1 Queso mini N\u00e9boa Gander\u00eda Quinti\u00e1n 350g<\/strong><\/a><\/li>\n<li><strong><a href=\"https:\/\/ruralourbano.com\/gl\/producto\/miel-crudo-de-flores-silvestres-dabella-500g\/\">1 Miel cruda de flores silvestres Dabella 500g<\/a><\/strong><\/li>\n<li><a href=\"https:\/\/ruralourbano.com\/gl\/producto\/capazo-de-palma-mini\/\"><strong>1 Capazo de palma mini<\/strong><\/a><\/li>\n<\/ul>\n<p><span style=\"color: #000000;\"><strong>Informaci\u00f3n importante:<\/strong><\/span><\/p>\n<ul>\n<li>Antes da s\u00faa degustaci\u00f3n, deixar que o queixo adquira o seu mellor estado e textura manteni\u00e9ndo a temperatura ambiente durante m\u00ednimo unha media hora.<\/li>\n<\/ul>\n<p><strong>Coidados do capazo<\/strong>:<\/p>\n<ul>\n<li>Cando non o uses, g\u00e1rdao nun espazo no que nada o deforme.<\/li>\n<li>Recomendamos gardalo nunha bolsa guardapolvo.<\/li>\n<li>En caso de mancha, limpar cun pano h\u00famido canto antes.<\/li>\n<\/ul>\n","protected":false},"excerpt":{"rendered":"<p>O noso<strong> Mini Capackzo Meloso Gourmet<\/strong>\u00a0\u00e9 \u00e9 un <strong>pack gourmet<\/strong> de <strong>Lugo<\/strong>.<\/p>\n<p>Descobre o equilibrio perfecto entre dozura e cremosidad co noso <strong>Mini Capackzo Meloso Gourmet<\/strong>, unha <strong>experiencia gastron\u00f3mica<\/strong> \u00fanica que re\u00fane d\u00faas xoias <strong>gourmet<\/strong> do noso rural lucense.<\/p>\n<p>Ideal para combinar cunha boa rebanada de pan e froitos secos, un delicioso almorzo<strong> gourmet<\/strong> ou como sobremesa para un orixinal pero tradicional<strong> sobremesa<\/strong>.<\/p>\n<p>Encarga o teu <strong>Mini Capackzo Meloso Gourmet<\/strong> se est\u00e1s a realizar o <strong>Cami\u00f1o de Santiago<\/strong>.<\/p>\n<p>O <strong>Mini Capackzo Meloso Gourmet <\/strong>\u00e9\u00a0unha orixinal proposta de gastronom\u00eda do <strong>Cami\u00f1o de Santiago Franc\u00e9s<\/strong>. Se es peregrino entreg\u00e1moscho en man en calquera localizaci\u00f3n da etapa entre Sarria e Portomarin para que o poidas gozar a modo de <strong>picnic<\/strong>.<\/p>\n<p>Co <strong>Mini Capackzo Outono Gourmet<\/strong> vas recibir:<\/p>\n<ul>\n<li><a href=\"https:\/\/ruralourbano.com\/gl\/producto\/queso-mini-neboa-ganderia-quintian-350g\/\"><strong>1 Queso mini N\u00e9boa Gander\u00eda Quinti\u00e1n 350g<\/strong><\/a><\/li>\n<li><strong><a href=\"https:\/\/ruralourbano.com\/gl\/producto\/miel-crudo-de-flores-silvestres-dabella-500g\/\">1 Miel cruda de flores silvestres Dabella 500g<\/a><\/strong><\/li>\n<li><a href=\"https:\/\/ruralourbano.com\/gl\/producto\/capazo-de-palma-mini\/\"><strong>1 Capazo de palma mini<\/strong><\/a><\/li>\n<\/ul>\n<p>Os nosos mini <a href=\"https:\/\/ruralourbano.com\/gl\/cat\/capackzos-rural-o-urbano\/\"><strong>Capackzos Rural o Urbano<\/strong><\/a>\u00a0son a opci\u00f3n ideal se desexas realizar un agasallo de agradecemento ou ben obsequiar cun pequeno presente a algu\u00e9n que aprecias dun modo exclusivo e orixinal.<\/p>\n<p><strong>Env\u00edos s\u00f3 a pen\u00ednsula | Compra produto gourmet galego seleccionado e lifestyle exclusivo<\/strong><\/p>\n","protected":false},"featured_media":11551,"comment_status":"open","ping_status":"closed","template":"","meta":{"inline_featured_image":false},"product_brand":[],"product_cat":[168],"product_tag":[1071,1037,525,791,632,773,1105,1093],"class_list":{"0":"post-9089","1":"product","2":"type-product","3":"status-publish","4":"has-post-thumbnail","6":"product_cat-capackzos-rural-o-urbano","7":"product_tag-camino-de-santiago-gl","8":"product_tag-camino-de-santiago-frances-gl","9":"product_tag-capackzos-rural-o-urbano-gl","10":"product_tag-experiencia-gastronomica-gl","11":"product_tag-gourmet-gl","12":"product_tag-lugo-gl","13":"product_tag-producto-gourmet-gallego-gl","14":"product_tag-sobremesa-gl","16":"first","17":"instock","18":"taxable","19":"shipping-taxable","20":"purchasable","21":"product-type-simple"},"_links":{"self":[{"href":"https:\/\/ruralourbano.com\/gl\/wp-json\/wp\/v2\/product\/9089","targetHints":{"allow":["GET"]}}],"collection":[{"href":"https:\/\/ruralourbano.com\/gl\/wp-json\/wp\/v2\/product"}],"about":[{"href":"https:\/\/ruralourbano.com\/gl\/wp-json\/wp\/v2\/types\/product"}],"replies":[{"embeddable":true,"href":"https:\/\/ruralourbano.com\/gl\/wp-json\/wp\/v2\/comments?post=9089"}],"wp:featuredmedia":[{"embeddable":true,"href":"https:\/\/ruralourbano.com\/gl\/wp-json\/wp\/v2\/media\/11551"}],"wp:attachment":[{"href":"https:\/\/ruralourbano.com\/gl\/wp-json\/wp\/v2\/media?parent=9089"}],"wp:term":[{"taxonomy":"product_brand","embeddable":true,"href":"https:\/\/ruralourbano.com\/gl\/wp-json\/wp\/v2\/product_brand?post=9089"},{"taxonomy":"product_cat","embeddable":true,"href":"https:\/\/ruralourbano.com\/gl\/wp-json\/wp\/v2\/product_cat?post=9089"},{"taxonomy":"product_tag","embeddable":true,"href":"https:\/\/ruralourbano.com\/gl\/wp-json\/wp\/v2\/product_tag?post=9089"}],"curies":[{"name":"wp","href":"https:\/\/api.w.org\/{rel}","templated":true}]}}