{"id":9106,"date":"2023-10-20T16:34:03","date_gmt":"2023-10-20T14:34:03","guid":{"rendered":"https:\/\/164.92.128.162\/?post_type=product&#038;p=9106"},"modified":"2025-02-28T21:00:09","modified_gmt":"2025-02-28T20:00:09","slug":"ribada-seleccion-mencia","status":"publish","type":"product","link":"https:\/\/ruralourbano.com\/gl\/producto\/ribada-seleccion-mencia\/","title":{"rendered":"Ribada Selecci\u00f3n Menc\u00eda"},"content":{"rendered":"<p>Os vi\u00f1edos de <a href=\"https:\/\/ruralourbano.com\/gl\/productores\/vinos-gl\/bodega-ribada\/\"><strong>Bodega Ribada<\/strong><\/a> est\u00e1n na subzona de Chantada (<strong>D.O Ribeira Sacra<\/strong>). O cultivo da vide faise en escaleira, con desniveis que chegan a alcanzar o 80%. Estamos ante vi\u00f1edos catalogados como \u201cde monta\u00f1a\u201d. O traballo \u00e9 manual, cada labor na vi\u00f1a tense que facer a man porque a mecanizaci\u00f3n \u00e9 imposible.<\/p>\n<p><strong>Descrici\u00f3n Selecci\u00f3n Ribada Menc\u00eda:<\/strong><\/p>\n<ul>\n<li><strong>D.O Ribeira Sacra<\/strong><\/li>\n<li>Vi\u00f1o tinto xove<\/li>\n<li>Uva variedade menc\u00eda 100%<\/li>\n<li>Botella bordelesa 75cl<\/li>\n<li>Grao alcoh\u00f3lico 13.50% vol<\/li>\n<li>En\u00f3loga: Iria Otero Mazoy<\/li>\n<li>Consumo: de 1 a 3 anos<\/li>\n<\/ul>\n<p><strong>Elaboraci\u00f3n:<\/strong><\/p>\n<ul>\n<li>Vendima normal en caixas. Maceraci\u00f3n en fr\u00edo durante 5-6 d\u00edas, fermentaci\u00f3n a 25 \u00b0C. Malol\u00e1ctica a continuaci\u00f3n de alcoh\u00f3lica, trasiega e mantense o vi\u00f1o sen m\u00e1is trasfega ata o proceso de embotellamento no que se realiza unha suave filtraci\u00f3n e posterior embotellado.<\/li>\n<\/ul>\n<p><strong>Nota de cata:<\/strong><\/p>\n<ul>\n<li>Cor moi intensa, vermello granate e ribete azulado moi intenso. Na nariz intensidade moi alta cunha gran expresi\u00f3n de froita madura (cereixa, ameixa) e un lixeiro toque de herba fresca. Na boca moi glic\u00e9rico cunha acidez moi equilibrada e cun tanino maduro moi harmonioso carnoso. Persistencia, prolongado e intenso retrogusto.<\/li>\n<\/ul>\n<p><strong>Suxesti\u00f3ns de combinaci\u00f3n:<\/strong><\/p>\n<ul>\n<li>Segue descubrindo os caldos de <a href=\"https:\/\/ruralourbano.com\/gl\/productores\/vinos-gl\/bodega-ribada\/\"><strong>Bodega Ribada<\/strong><\/a> co vi\u00f1o <a href=\"https:\/\/ruralourbano.com\/gl\/producto\/ribada-seleccion-mencia-barrica\/\"><strong>Ribada Selecci\u00f3n menc\u00eda barrica<\/strong><\/a>.<\/li>\n<li>Segue descubrindo os caldos de <a href=\"https:\/\/ruralourbano.com\/gl\/productores\/vinos-gl\/bodega-ribada\/\"><strong>Bodega Ribada<\/strong><\/a> co vi\u00f1o <a href=\"https:\/\/ruralourbano.com\/gl\/producto\/ribada-seleccion-godello\/\"><strong>Ribada Selecci\u00f3n Godello<\/strong><\/a>.<\/li>\n<li>Combina este vi\u00f1o xunto aos queixos de\u00a0<a href=\"https:\/\/ruralourbano.com\/gl\/productores\/queixos\/ganderia-quintian\/\"><strong>Gander\u00eda Quinti\u00e1n<\/strong><\/a>\u00a0co noso <a href=\"https:\/\/ruralourbano.com\/gl\/producto\/capackzo-quintian-gourmet\/\"><strong>Capackzo Quinti\u00e1n Gourmet<\/strong><\/a>.<\/li>\n<\/ul>\n<p><strong>Recomendaci\u00f3n:<\/strong><\/p>\n<ul>\n<li>Servir entre 12\u00baC e 14\u00baC.<\/li>\n<\/ul>\n","protected":false},"excerpt":{"rendered":"<p><strong>Ribada Selecci\u00f3n Menc\u00eda<\/strong> \u00e9 un vi\u00f1o lucense elaborado por <a href=\"https:\/\/ruralourbano.com\/gl\/productores\/vinos-gl\/bodega-ribada\/\"><strong>Bodega Ribada<\/strong><\/a>\u00a0localizada en San Fiz (Concello de Chantada, <strong>Lugo<\/strong>).<\/p>\n<p>Descobre a elegancia en cada sorbo con este un vi\u00f1o elaborado maxestosas ladeiras da <strong>Ribeira Sacra <\/strong>de <strong>Lugo.<\/strong><\/p>\n<p>O cultivo da vide dos vi\u00f1edos de <a href=\"https:\/\/ruralourbano.com\/gl\/productores\/vinos-gl\/bodega-ribada\/\"><strong>Bodega Ribada<\/strong><\/a>\u00a0faise en escaleira, con desniveis que chegan a alcanzar o 80%. Estamos ante vi\u00f1edos catalogados como \u201cde monta\u00f1a\u201d. O traballo \u00e9 manual, cada labor na vi\u00f1a tense que facer a man porque a mecanizaci\u00f3n \u00e9 imposible.<\/p>\n<p><strong>Vi\u00f1o tinto xove\u00a0D.O Ribeira Sacra.<\/strong><\/p>\n<p><strong>Variedade uva menc\u00eda.<\/strong><\/p>\n<p><strong>Grao Alcoh\u00f3lico 13.50 vol.<\/strong><\/p>\n<p><strong>Botella bordelesa 75cl.<\/strong><\/p>\n<p><strong>Produto gastron\u00f3mico gourmet de Lugo.<\/strong><\/p>\n<p>Descobre <a href=\"https:\/\/ruralourbano.com\/gl\/producto\/ribada-seleccion-mencia-rosado\/\"><strong>Ribada Selecci\u00f3n menc\u00eda Rosado<\/strong><\/a> e d\u00e9ixate conquistar pola s\u00faa sofisticaci\u00f3n e frescura.<\/p>\n<p><strong>Env\u00edos s\u00f3 a pen\u00ednsula | Compra produto gourmet galego seleccionado e lifestyle exclusivo<\/strong><\/p>\n","protected":false},"featured_media":9109,"comment_status":"open","ping_status":"closed","template":"","meta":{"inline_featured_image":false},"product_brand":[],"product_cat":[200],"product_tag":[882,816,632,773,1105,686],"class_list":{"0":"post-9106","1":"product","2":"type-product","3":"status-publish","4":"has-post-thumbnail","6":"product_cat-adega","7":"product_tag-bodega-ribada-gl","8":"product_tag-d-o-ribeira-sacra-gl","9":"product_tag-gourmet-gl","10":"product_tag-lugo-gl","11":"product_tag-producto-gourmet-gallego-gl","12":"product_tag-ribeira-sacra-gl","14":"first","15":"outofstock","16":"taxable","17":"shipping-taxable","18":"purchasable","19":"product-type-simple"},"_links":{"self":[{"href":"https:\/\/ruralourbano.com\/gl\/wp-json\/wp\/v2\/product\/9106","targetHints":{"allow":["GET"]}}],"collection":[{"href":"https:\/\/ruralourbano.com\/gl\/wp-json\/wp\/v2\/product"}],"about":[{"href":"https:\/\/ruralourbano.com\/gl\/wp-json\/wp\/v2\/types\/product"}],"replies":[{"embeddable":true,"href":"https:\/\/ruralourbano.com\/gl\/wp-json\/wp\/v2\/comments?post=9106"}],"wp:featuredmedia":[{"embeddable":true,"href":"https:\/\/ruralourbano.com\/gl\/wp-json\/wp\/v2\/media\/9109"}],"wp:attachment":[{"href":"https:\/\/ruralourbano.com\/gl\/wp-json\/wp\/v2\/media?parent=9106"}],"wp:term":[{"taxonomy":"product_brand","embeddable":true,"href":"https:\/\/ruralourbano.com\/gl\/wp-json\/wp\/v2\/product_brand?post=9106"},{"taxonomy":"product_cat","embeddable":true,"href":"https:\/\/ruralourbano.com\/gl\/wp-json\/wp\/v2\/product_cat?post=9106"},{"taxonomy":"product_tag","embeddable":true,"href":"https:\/\/ruralourbano.com\/gl\/wp-json\/wp\/v2\/product_tag?post=9106"}],"curies":[{"name":"wp","href":"https:\/\/api.w.org\/{rel}","templated":true}]}}