{"id":9115,"date":"2023-10-24T19:57:09","date_gmt":"2023-10-24T17:57:09","guid":{"rendered":"https:\/\/164.92.128.162\/?post_type=product&#038;p=9115"},"modified":"2025-03-14T01:38:32","modified_gmt":"2025-03-14T00:38:32","slug":"capackzo-irresistible-premium-gourmet","status":"publish","type":"product","link":"https:\/\/ruralourbano.com\/gl\/producto\/capackzo-irresistible-premium-gourmet\/","title":{"rendered":"Capackzo Irresistible Premium Gourmet"},"content":{"rendered":"<div><strong>Descrici\u00f3n:<\/strong><\/div>\n<p>O <strong>Capackzo Irresistible Premium Gourmet<\/strong> \u00e9 un <strong>pack gourmet<\/strong> envasado nun capazo de palma formado por:<\/p>\n<ul>\n<li><a href=\"https:\/\/ruralourbano.com\/gl\/producto\/vino-tinto-regina-viarum-ecologico\/\"><strong>1 Vino tinto Regina Viarum Ecol\u00f3gico<\/strong><\/a><\/li>\n<li><a href=\"https:\/\/ruralourbano.com\/gl\/producto\/cerveza-artesana-aloumina-loura\/\"><strong>2 Cerveza artesana Aloumi\u00f1a Loura<\/strong><\/a><\/li>\n<li><a href=\"https:\/\/ruralourbano.com\/gl\/producto\/alouminos-xianas\/\"><strong>1 Aloumi\u00f1os Xianas<\/strong><\/a><\/li>\n<li><a href=\"https:\/\/ruralourbano.com\/gl\/producto\/queso-mini-neboa-ganderia-quintian-350g\/\"><strong>1 Queso mini N\u00e9boa Gander\u00eda Quinti\u00e1n 350g<\/strong><\/a><\/li>\n<li><a href=\"https:\/\/ruralourbano.com\/gl\/producto\/pulpo-en-aceite-de-oliva-virgen-extra-currimar-100g\/\"><strong>1 Pulpo en aceite de oliva virgen extra Currimar 100g<\/strong><\/a><\/li>\n<li><a href=\"https:\/\/ruralourbano.com\/gl\/producto\/miel-cruda-de-flores-silvestres-dabella-500g\/\"><strong>1 Miel cruda de flores silvestres Dabella 500g<\/strong><\/a><\/li>\n<li><a href=\"https:\/\/ruralourbano.com\/gl\/producto\/capazo-de-palma\/\"><strong>1 Capazo de palma<\/strong><\/a><\/li>\n<\/ul>\n<div><strong>Recomendaci\u00f3n para degustaci\u00f3n:<\/strong><\/div>\n<ul>\n<li>Antes da s\u00faa degustaci\u00f3n, deixar que os queixo adquira o seu mellor estado e textura mant\u00e9ndoos a temperatura ambiente durante m\u00ednimo unha media hora.<\/li>\n<li>Servir o vi\u00f1o entre 12\u00baC e 14\u00baC.<\/li>\n<\/ul>\n<p><strong>Coidados do capazo de palma:<\/strong><\/p>\n<ul>\n<li>Cando non o uses, g\u00e1rdao nun espazo no que nada o deforme.<\/li>\n<li>Recomendamos gardar o teu capazo de palma nunha bolsa guardapolvo.<\/li>\n<li>En caso de mancha, limpar cun pano h\u00famido canto antes.<\/li>\n<\/ul>\n","protected":false},"excerpt":{"rendered":"<p>O <strong>Capackzo Irresistible Premium Gourmet<\/strong>\u00a0\u00e9 un <strong>pack gourmet<\/strong>\u00a0de<strong> Lugo<\/strong>.<\/p>\n<p>O <strong>Capackzo Irresistible Premium Gourmet<\/strong> ofr\u00e9ceche unha selecci\u00f3n de produtos lucenses que combinan \u00e1 perfecci\u00f3n texturas, intensidade e sabor. Unha combinaci\u00f3n de produto \u00fanica que redefine o pracer gourmet.<\/p>\n<p>Ideal para ocasi\u00f3ns especiais, agasallos exclusivos ou como un capricho gastron\u00f3mico que eleva o d\u00eda a d\u00eda ata a excelencia e a calidade premium.<\/p>\n<p>Encarga o teu <strong>Capackzo Irresistible Premium Gourmet<\/strong> se est\u00e1s a realizar o <strong>Cami\u00f1o de Santiago<\/strong>.<\/p>\n<p>O <strong>Capackzo Irresistible Premium Gourmet<\/strong> \u00e9 unha orixinal proposta de <strong>gastronom\u00eda do Camino de Santiago Franc\u00e9s<\/strong>. Se es peregrino entreg\u00e1moscho en man en calquera localizaci\u00f3n da etapa entre Sarria e Portomarin para que o poidas gozar a modo de <strong>picnic<\/strong>.<\/p>\n<p>Co <strong>Capackzo Irresistible Premium Gourmet<\/strong>\u00a0vas recibir:<\/p>\n<ul>\n<li><a href=\"https:\/\/ruralourbano.com\/gl\/producto\/vino-tinto-regina-viarum-ecologico\/\"><strong>1 Vino tinto Regina Viarum Ecol\u00f3gico<\/strong><\/a><\/li>\n<li><a href=\"https:\/\/ruralourbano.com\/gl\/producto\/cerveza-artesana-aloumina-loura\/\"><strong>2 Cerveza artesana Aloumi\u00f1a Loura<\/strong><\/a><\/li>\n<li><a href=\"https:\/\/ruralourbano.com\/gl\/producto\/alouminos-xianas\/\"><strong>1 Aloumi\u00f1os Xianas<\/strong><\/a><\/li>\n<li><a href=\"https:\/\/ruralourbano.com\/gl\/producto\/queso-mini-neboa-ganderia-quintian-350g\/\"><strong>1 Queso mini N\u00e9boa Gander\u00eda Quinti\u00e1n 350g<\/strong><\/a><\/li>\n<li><a href=\"https:\/\/ruralourbano.com\/gl\/producto\/pulpo-en-aceite-de-oliva-virgen-extra-currimar-100g\/\"><strong>1 Pulpo en aceite de oliva virgen extra Currimar 100g<\/strong><\/a><\/li>\n<li><a href=\"https:\/\/ruralourbano.com\/gl\/producto\/miel-cruda-de-flores-silvestres-dabella-500g\/\"><strong>1 Miel cruda de flores silvestres Dabella 500g<\/strong><\/a><\/li>\n<li><a href=\"https:\/\/ruralourbano.com\/gl\/producto\/capazo-de-palma\/\"><strong>1 Capazo de palma<\/strong><\/a><\/li>\n<\/ul>\n<p>Os nosos\u00a0<a href=\"https:\/\/ruralourbano.com\/gl\/cat\/capackzos-rural-o-urbano\/\"><strong>Capackzos Rural o Urbano<\/strong><\/a>\u00a0son a opci\u00f3n ideal se desexas realizar un agasallo de agradecemento ou ben obsequiar cun pequeno presente a algu\u00e9n que aprecias dun modo exclusivo e orixinal.<\/p>\n<p><strong>Env\u00edos s\u00f3 a pen\u00ednsula | Merca produto gourmet galego seleccionado e lifestyle exclusivo<\/strong><\/p>\n","protected":false},"featured_media":12139,"comment_status":"open","ping_status":"closed","template":"","meta":{"inline_featured_image":false},"product_brand":[],"product_cat":[200,168,743,201],"product_tag":[1071,632,773,820,1105],"class_list":{"0":"post-9115","1":"product","2":"type-product","3":"status-publish","4":"has-post-thumbnail","6":"product_cat-adega","7":"product_cat-capackzos-rural-o-urbano","8":"product_cat-empresa-gl","9":"product_cat-tentempies","10":"product_tag-camino-de-santiago-gl","11":"product_tag-gourmet-gl","12":"product_tag-lugo-gl","13":"product_tag-picnic-gl","14":"product_tag-producto-gourmet-gallego-gl","16":"first","17":"instock","18":"taxable","19":"shipping-taxable","20":"purchasable","21":"product-type-simple"},"jetpack_sharing_enabled":true,"_links":{"self":[{"href":"https:\/\/ruralourbano.com\/gl\/wp-json\/wp\/v2\/product\/9115","targetHints":{"allow":["GET"]}}],"collection":[{"href":"https:\/\/ruralourbano.com\/gl\/wp-json\/wp\/v2\/product"}],"about":[{"href":"https:\/\/ruralourbano.com\/gl\/wp-json\/wp\/v2\/types\/product"}],"replies":[{"embeddable":true,"href":"https:\/\/ruralourbano.com\/gl\/wp-json\/wp\/v2\/comments?post=9115"}],"wp:featuredmedia":[{"embeddable":true,"href":"https:\/\/ruralourbano.com\/gl\/wp-json\/wp\/v2\/media\/12139"}],"wp:attachment":[{"href":"https:\/\/ruralourbano.com\/gl\/wp-json\/wp\/v2\/media?parent=9115"}],"wp:term":[{"taxonomy":"product_brand","embeddable":true,"href":"https:\/\/ruralourbano.com\/gl\/wp-json\/wp\/v2\/product_brand?post=9115"},{"taxonomy":"product_cat","embeddable":true,"href":"https:\/\/ruralourbano.com\/gl\/wp-json\/wp\/v2\/product_cat?post=9115"},{"taxonomy":"product_tag","embeddable":true,"href":"https:\/\/ruralourbano.com\/gl\/wp-json\/wp\/v2\/product_tag?post=9115"}],"curies":[{"name":"wp","href":"https:\/\/api.w.org\/{rel}","templated":true}]}}