{"id":9199,"date":"2023-09-14T19:11:53","date_gmt":"2023-09-14T17:11:53","guid":{"rendered":"https:\/\/164.92.128.162\/?post_type=product&#038;p=9199"},"modified":"2024-09-12T18:28:23","modified_gmt":"2024-09-12T16:28:23","slug":"turron-clasico-de-chocolate-doces-da-ulloa-280g","status":"publish","type":"product","link":"https:\/\/ruralourbano.com\/gl\/producto\/turron-clasico-de-chocolate-doces-da-ulloa-280g\/","title":{"rendered":"Turr\u00f3n cl\u00e1sico de chocolate Doces da Ulloa 280g"},"content":{"rendered":"<p><strong>Descrici\u00f3n:<\/strong><\/p>\n<ul>\n<li><strong>Turr\u00f3n cl\u00e1sico de chocolate Doces d\u00e1 Ulloa 280g<\/strong> est\u00e1 elaborado artesanalmente por <strong>Doces da Ulloa<\/strong>.<\/li>\n<li>Produto sen glute.<\/li>\n<li>Peso neto 280g.<\/li>\n<li>Produto envasado en bolsa de pl\u00e1stico para confeiter\u00eda transparente.<\/li>\n<\/ul>\n<p><strong>Ingredientes:<\/strong><\/p>\n<ul>\n<li>Chocolate con leite (azucre, LEITE enteiro en po, manteiga de cacao, pasta de cacao, emulxentes: lecitina de SOIA, e aroma natural de vainilla), arroz, xarope de glicosa, cacao desgrasado en po, sal, extracto de malta de CEBADA e aromas.<\/li>\n<\/ul>\n<p><strong>Suxerencias de combinaci\u00f3n:<\/strong><\/p>\n<ul>\n<li><a href=\"https:\/\/ruralourbano.com\/gl\/producto\/pedras-de-chocolate-artesas-doces-da-ulloa-150g\/\"><strong>Piedras artesanas de Doces da Ulloa 150g<\/strong><\/a><\/li>\n<li><strong><a href=\"https:\/\/ruralourbano.com\/gl\/producto\/galletas-xianas-orixinais-150g\/\">Galletas Xianas Orixinais 150g<\/a><\/strong><\/li>\n<\/ul>\n<p><strong>Informaci\u00f3n extra:<\/strong><\/p>\n<ul>\n<li>Almacenar e\/ou manter nun lugar fresco e seco. Protexer da luz solar.<\/li>\n<\/ul>\n","protected":false},"excerpt":{"rendered":"<p>Non poder\u00e1s esperar a <strong>Nadal<\/strong> para saborealo!<\/p>\n<p><strong>Turr\u00f3n cl\u00e1sico de chocolate Doces d\u00e1 Ulloa 280g<\/strong> \u00e9 un produto doce gourmet elaborado artesanalmente por Doces d\u00e1 Ulloa no pobo de Monterroso (Concello de Monterroso, <strong>Lugo<\/strong>).<\/p>\n<p>Un turr\u00f3n de sabor deliciosamente suave con delicados flocos de arroz inflados.<\/p>\n<p><strong>Chocolate artes\u00e1n. Peso neto 280g.<\/strong><\/p>\n<p><strong>Produto gastron\u00f3mico gourmet de Lugo.<\/strong><\/p>\n<p>Suxer\u00edmosche botar unha ollada ao noso<strong> Capackzo El Navide\u00f1o Gourmet<\/strong>.<\/p>\n","protected":false},"featured_media":9197,"comment_status":"open","ping_status":"closed","template":"","meta":{"inline_featured_image":false},"product_brand":[],"product_cat":[160,743],"product_tag":[403,632,618],"class_list":{"0":"post-9199","1":"product","2":"type-product","3":"status-publish","4":"has-post-thumbnail","6":"product_cat-doce","7":"product_cat-empresa-gl","8":"product_tag-doces-da-ulloa-gl","9":"product_tag-gourmet-gl","10":"product_tag-monterroso-gl","12":"first","13":"instock","14":"taxable","15":"shipping-taxable","16":"purchasable","17":"product-type-simple"},"_links":{"self":[{"href":"https:\/\/ruralourbano.com\/gl\/wp-json\/wp\/v2\/product\/9199","targetHints":{"allow":["GET"]}}],"collection":[{"href":"https:\/\/ruralourbano.com\/gl\/wp-json\/wp\/v2\/product"}],"about":[{"href":"https:\/\/ruralourbano.com\/gl\/wp-json\/wp\/v2\/types\/product"}],"replies":[{"embeddable":true,"href":"https:\/\/ruralourbano.com\/gl\/wp-json\/wp\/v2\/comments?post=9199"}],"wp:featuredmedia":[{"embeddable":true,"href":"https:\/\/ruralourbano.com\/gl\/wp-json\/wp\/v2\/media\/9197"}],"wp:attachment":[{"href":"https:\/\/ruralourbano.com\/gl\/wp-json\/wp\/v2\/media?parent=9199"}],"wp:term":[{"taxonomy":"product_brand","embeddable":true,"href":"https:\/\/ruralourbano.com\/gl\/wp-json\/wp\/v2\/product_brand?post=9199"},{"taxonomy":"product_cat","embeddable":true,"href":"https:\/\/ruralourbano.com\/gl\/wp-json\/wp\/v2\/product_cat?post=9199"},{"taxonomy":"product_tag","embeddable":true,"href":"https:\/\/ruralourbano.com\/gl\/wp-json\/wp\/v2\/product_tag?post=9199"}],"curies":[{"name":"wp","href":"https:\/\/api.w.org\/{rel}","templated":true}]}}